{"id":3165,"date":"2022-03-19T20:07:29","date_gmt":"2022-03-19T19:07:29","guid":{"rendered":"https:\/\/rohs-administratie.nl\/about-us\/"},"modified":"2025-12-14T01:31:55","modified_gmt":"2025-12-14T00:31:55","slug":"about-us","status":"publish","type":"page","link":"https:\/\/rohs-administratie.nl\/en\/about-us\/","title":{"rendered":"About us"},"content":{"rendered":"\n\n\t<h1>\n\t\t\t\tAbout us\n\t\t\t<\/h1>\n\t\t\t<span><span><a href=\"https:\/\/rohs-administratie.nl\/en\/\">Home<\/a><\/span><\/span>\t\n\t\t<h3>Ask for an offer<\/h3>\n\t\t\t<a href=\"https:\/\/rohs-administratie.nl\/en\/contact\/\" target=\"_blank\" rel=\"noopener\">\n\t\t\t\t\t\tClick here\n\t\t\t\t\t<\/a>\n\t<h2>\n\t\t\t\tAbout us\n\t\t\t<\/h2>\n\t\t\t\t<img loading=\"lazy\" decoding=\"async\" src=\"https:\/\/rohs-administratie.nl\/wp-content\/uploads\/2022\/03\/Mariusz-300x300.jpg\" alt=\"Mariusz\" itemprop=\"image\" height=\"300\" width=\"300\" title=\"Mariusz\" onerror=\"this.style.display='none'\"  \/>\n<h3>\n\t\tMariusz Rohs\n\t<\/h3>\n\t\t\t\t<img loading=\"lazy\" decoding=\"async\" src=\"https:\/\/rohs-administratie.nl\/wp-content\/uploads\/2022\/07\/Marek-300x300.jpg\" alt=\"Marek\" itemprop=\"image\" height=\"300\" width=\"300\" title=\"Marek\" onerror=\"this.style.display='none'\"  \/>\n<h3>\n\t\tMarek Czerniak\n\t<\/h3>\n<h2>\n\t\tWe help you and your company achieve success\n\t<\/h2>\n\t\t\t\t<img decoding=\"async\" src=\"https:\/\/pro.demos.wpbeaverbuilder.com\/wp-content\/uploads\/sites\/29\/2021\/08\/jon-tyson-8MMtYM_3xMY-unsplash-1024x768.jpg\" alt=\"\" itemprop=\"image\" onerror=\"this.style.display='none'\"  \/>\n<h4>\n\t\tContact us, let&#8217;s have a coffee together and talk about your company \n\t<\/h4>\n<h2>\n\t\tOur skills and experience\n\t<\/h2>\n\t<p>Operating for many years on the market, we have extensive knowledge and experience covering common administrative and accounting services in the Netherlands.<\/p>\nWe help both individuals and business client at every stage of functioning in the country of tulips. We help both those who are taking their first steps in the Netherlands and need, for example, advice, opening a bank account or obtaining insurance, as well as those who have already settled down here or intend to do so. We will fill out applications and make an annual settlement.<br \/>\nAn overview of services for private persons can be found on the &#8220;For individuals&#8221; page.\nWe have an equally wide offer for people who intend to open their own business in the Netherlands or already run their own business. You can count on comprehensive services in every aspect of running a business in the Netherlands.<br \/>\nYou can find more about services for companies in the Netherlands on the &#8220;For companies&#8221; page.\n\t\t\t\t\tServices for companies\n\t\t\t\t\t92%\t\t\t\t\n\t\t\t\t\tServices for individuals\n\t\t\t\t\t65%\t\t\t\t\n\t\t\t\t\tOther services\n\t\t\t\t\t25%\t\t\t\t\n\t<iframe src=\"https:\/\/www.google.com\/maps\/embed\/v1\/place?q=Bordewijklaan+38+2591+XR+Den+Haag&#038;key=AIzaSyD09zQ9PNDNNy9TadMuzRV_UsPUoWKntt8\" aria-hidden=\"true\" title=\"ROHS Administratie B.V.\"><\/iframe>\n\t<iframe src=\"https:\/\/www.google.com\/maps\/embed?pb=!1m28!1m12!1m3!1d1001.3640200474305!2d4.363065176637954!3d52.08980803751092!2m3!1f0!2f0!3f0!3m2!1i1024!2i768!4f13.1!4m13!3e6!4m5!1s0x47c5b797ef2a4d49%3A0x33f2e89edb94ba28!2sFinnenburg%20202%2C%20Den%20Haag!3m2!1d52.0902491!2d4.3627058!4m5!1s0x47c5b7962a1cd9c1%3A0x8571309e983bb91a!2sBordewijklaan%2038%202591%20XR%20Den%20Haag!3m2!1d52.089370599999995!2d4.3650378!5e0!3m2!1spl!2snl!4v1646086795478!5m2!1spl!2snl\" width=\"750\" height=\"250\" allowfullscreen=\"\" loading=\"lazy\"><\/iframe>\n<h2>\n\t\tOur location\n\t<\/h2>\n\t<p>Parking is possible next to the office in places marked with a dashed white line &#8211; max 1 hour or at Finnenburg Street 202 next to the white bridge &#8211; <strong>free parking<\/strong>.<\/p>\n\t\t\t\t<img loading=\"lazy\" decoding=\"async\" src=\"https:\/\/rohs-administratie.nl\/wp-content\/uploads\/2022\/03\/siedziba.jpg\" alt=\"headquarters\" itemprop=\"image\" height=\"512\" width=\"768\" title=\"headquarters\" onerror=\"this.style.display='none'\"  \/>\n<h2>\n\t\tAre you a student looking for an internship?\n\t<\/h2>\n\t\t\t<a href=\"https:\/\/rohs-administratie.nl\/en\/contact\/\" target=\"_self\" role=\"button\" aria-label=\"Contact us\" rel=\"noopener\">\n\t\t\t\t\t\t\tContact us\n\t\t<\/a>\n\t<p>Rohs Administration B.V. is a recognized training company where several students complete their internship every year. Are you a student and looking for an internship where you can develop yourself? Please contact us.<\/p>\n\t\t\t\t<img loading=\"lazy\" decoding=\"async\" src=\"https:\/\/rohs-administratie.nl\/wp-content\/uploads\/2022\/01\/sbb-leerbedrijf-logo-p-500.png\" alt=\"SBB logo\" itemprop=\"image\" height=\"286\" width=\"500\" title=\"SBB logo\" onerror=\"this.style.display='none'\"  \/>\n\t<h4>\n\t\t\t\tYou can find us on the official website <a href=\"https:\/\/zoeken-mijn.s-bb.nl\/Home\/Details?leerbedrijfId=100433469\" target=\"_blank\" rel=\"noopener\">mijn.s-bb.nl<\/a>\n\t\t\t<\/h4>\n\n","protected":false},"excerpt":{"rendered":"<p>About us Ask for an offer Click here About us Mariusz Rohs Marek Czerniak We help you and your company achieve success Contact us, let&#8217;s have &hellip;<\/p>\n<p class=\"read-more\"> <a class=\"\" href=\"https:\/\/rohs-administratie.nl\/en\/about-us\/\"> <span class=\"screen-reader-text\">About us<\/span> Czytaj dalej \u00bb<\/a><\/p>\n","protected":false},"author":1,"featured_media":0,"parent":0,"menu_order":0,"comment_status":"closed","ping_status":"closed","template":"","meta":{"site-sidebar-layout":"no-sidebar","site-content-layout":"page-builder","ast-site-content-layout":"","site-content-style":"default","site-sidebar-style":"default","ast-global-header-display":"","ast-banner-title-visibility":"","ast-main-header-display":"","ast-hfb-above-header-display":"","ast-hfb-below-header-display":"","ast-hfb-mobile-header-display":"","site-post-title":"disabled","ast-breadcrumbs-content":"","ast-featured-img":"disabled","footer-sml-layout":"","theme-transparent-header-meta":"default","adv-header-id-meta":"","stick-header-meta":"","header-above-stick-meta":"","header-main-stick-meta":"","header-below-stick-meta":"","astra-migrate-meta-layouts":"","ast-page-background-enabled":"default","ast-page-background-meta":{"desktop":{"background-color":"","background-image":"","background-repeat":"repeat","background-position":"center center","background-size":"auto","background-attachment":"scroll","background-type":"","background-media":"","overlay-type":"","overlay-color":"","overlay-gradient":""},"tablet":{"background-color":"","background-image":"","background-repeat":"repeat","background-position":"center center","background-size":"auto","background-attachment":"scroll","background-type":"","background-media":"","overlay-type":"","overlay-color":"","overlay-gradient":""},"mobile":{"background-color":"","background-image":"","background-repeat":"repeat","background-position":"center center","background-size":"auto","background-attachment":"scroll","background-type":"","background-media":"","overlay-type":"","overlay-color":"","overlay-gradient":""}},"ast-content-background-meta":{"desktop":{"background-color":"var(--ast-global-color-5)","background-image":"","background-repeat":"repeat","background-position":"center center","background-size":"auto","background-attachment":"scroll","background-type":"","background-media":"","overlay-type":"","overlay-color":"","overlay-gradient":""},"tablet":{"background-color":"var(--ast-global-color-5)","background-image":"","background-repeat":"repeat","background-position":"center center","background-size":"auto","background-attachment":"scroll","background-type":"","background-media":"","overlay-type":"","overlay-color":"","overlay-gradient":""},"mobile":{"background-color":"var(--ast-global-color-5)","background-image":"","background-repeat":"repeat","background-position":"center center","background-size":"auto","background-attachment":"scroll","background-type":"","background-media":"","overlay-type":"","overlay-color":"","overlay-gradient":""}},"footnotes":""},"yoast_head":"<!-- This site is optimized with the Yoast SEO plugin v21.6 - https:\/\/yoast.com\/wordpress\/plugins\/seo\/ -->\n<title>About us | ROHS Administratie<\/title>\n<meta name=\"robots\" content=\"index, follow, max-snippet:-1, max-image-preview:large, max-video-preview:-1\" \/>\n<link rel=\"canonical\" href=\"https:\/\/rohs-administratie.nl\/en\/about-us\/\" \/>\n<meta property=\"og:locale\" content=\"en_US\" \/>\n<meta property=\"og:type\" content=\"article\" \/>\n<meta property=\"og:title\" content=\"About us | ROHS Administratie\" \/>\n<meta property=\"og:description\" content=\"About us Ask for an offer Click here About us Mariusz Rohs Marek Czerniak We help you and your company achieve success Contact us, let&#8217;s have &hellip; About us Czytaj dalej \u00bb\" \/>\n<meta property=\"og:url\" content=\"https:\/\/rohs-administratie.nl\/en\/about-us\/\" \/>\n<meta property=\"og:site_name\" content=\"ROHS Administratie\" \/>\n<meta property=\"article:modified_time\" content=\"2025-12-14T00:31:55+00:00\" \/>\n<meta property=\"og:image\" content=\"https:\/\/rohs-administratie.nl\/wp-content\/uploads\/2022\/03\/Mariusz-300x300.jpg\" \/>\n<meta name=\"twitter:card\" content=\"summary_large_image\" \/>\n<meta name=\"twitter:label1\" content=\"Est. reading time\" \/>\n\t<meta name=\"twitter:data1\" content=\"1 minute\" \/>\n<script type=\"application\/ld+json\" class=\"yoast-schema-graph\">{\"@context\":\"https:\/\/schema.org\",\"@graph\":[{\"@type\":\"WebPage\",\"@id\":\"https:\/\/rohs-administratie.nl\/en\/about-us\/\",\"url\":\"https:\/\/rohs-administratie.nl\/en\/about-us\/\",\"name\":\"About us | ROHS Administratie\",\"isPartOf\":{\"@id\":\"https:\/\/rohs-administratie.nl\/en\/#website\"},\"datePublished\":\"2022-03-19T19:07:29+00:00\",\"dateModified\":\"2025-12-14T00:31:55+00:00\",\"breadcrumb\":{\"@id\":\"https:\/\/rohs-administratie.nl\/en\/about-us\/#breadcrumb\"},\"inLanguage\":\"en-US\",\"potentialAction\":[{\"@type\":\"ReadAction\",\"target\":[\"https:\/\/rohs-administratie.nl\/en\/about-us\/\"]}]},{\"@type\":\"BreadcrumbList\",\"@id\":\"https:\/\/rohs-administratie.nl\/en\/about-us\/#breadcrumb\",\"itemListElement\":[{\"@type\":\"ListItem\",\"position\":1,\"name\":\"Home\",\"item\":\"https:\/\/rohs-administratie.nl\/en\/\"},{\"@type\":\"ListItem\",\"position\":2,\"name\":\"About us\"}]},{\"@type\":\"WebSite\",\"@id\":\"https:\/\/rohs-administratie.nl\/en\/#website\",\"url\":\"https:\/\/rohs-administratie.nl\/en\/\",\"name\":\"ROHS Administratie\",\"description\":\"Profesjonalna ksi\u0119gowo\u015b\u0107 i doradztwo biznesowe w Holandii\",\"publisher\":{\"@id\":\"https:\/\/rohs-administratie.nl\/en\/#organization\"},\"potentialAction\":[{\"@type\":\"SearchAction\",\"target\":{\"@type\":\"EntryPoint\",\"urlTemplate\":\"https:\/\/rohs-administratie.nl\/en\/?s={search_term_string}\"},\"query-input\":\"required name=search_term_string\"}],\"inLanguage\":\"en-US\"},{\"@type\":\"Organization\",\"@id\":\"https:\/\/rohs-administratie.nl\/en\/#organization\",\"name\":\"PCS Diensten\",\"url\":\"https:\/\/rohs-administratie.nl\/en\/\",\"logo\":{\"@type\":\"ImageObject\",\"inLanguage\":\"en-US\",\"@id\":\"https:\/\/rohs-administratie.nl\/en\/#\/schema\/logo\/image\/\",\"url\":\"https:\/\/rohs-administratie.nl\/wp-content\/uploads\/2021\/12\/rohs-logo-250x74-1.svg\",\"contentUrl\":\"https:\/\/rohs-administratie.nl\/wp-content\/uploads\/2021\/12\/rohs-logo-250x74-1.svg\",\"caption\":\"PCS Diensten\"},\"image\":{\"@id\":\"https:\/\/rohs-administratie.nl\/en\/#\/schema\/logo\/image\/\"}}]}<\/script>\n<!-- \/ Yoast SEO plugin. -->","yoast_head_json":{"title":"About us | ROHS Administratie","robots":{"index":"index","follow":"follow","max-snippet":"max-snippet:-1","max-image-preview":"max-image-preview:large","max-video-preview":"max-video-preview:-1"},"canonical":"https:\/\/rohs-administratie.nl\/en\/about-us\/","og_locale":"en_US","og_type":"article","og_title":"About us | ROHS Administratie","og_description":"About us Ask for an offer Click here About us Mariusz Rohs Marek Czerniak We help you and your company achieve success Contact us, let&#8217;s have &hellip; About us Czytaj dalej \u00bb","og_url":"https:\/\/rohs-administratie.nl\/en\/about-us\/","og_site_name":"ROHS Administratie","article_modified_time":"2025-12-14T00:31:55+00:00","og_image":[{"url":"https:\/\/rohs-administratie.nl\/wp-content\/uploads\/2022\/03\/Mariusz-300x300.jpg"}],"twitter_card":"summary_large_image","twitter_misc":{"Est. reading time":"1 minute"},"schema":{"@context":"https:\/\/schema.org","@graph":[{"@type":"WebPage","@id":"https:\/\/rohs-administratie.nl\/en\/about-us\/","url":"https:\/\/rohs-administratie.nl\/en\/about-us\/","name":"About us | ROHS Administratie","isPartOf":{"@id":"https:\/\/rohs-administratie.nl\/en\/#website"},"datePublished":"2022-03-19T19:07:29+00:00","dateModified":"2025-12-14T00:31:55+00:00","breadcrumb":{"@id":"https:\/\/rohs-administratie.nl\/en\/about-us\/#breadcrumb"},"inLanguage":"en-US","potentialAction":[{"@type":"ReadAction","target":["https:\/\/rohs-administratie.nl\/en\/about-us\/"]}]},{"@type":"BreadcrumbList","@id":"https:\/\/rohs-administratie.nl\/en\/about-us\/#breadcrumb","itemListElement":[{"@type":"ListItem","position":1,"name":"Home","item":"https:\/\/rohs-administratie.nl\/en\/"},{"@type":"ListItem","position":2,"name":"About us"}]},{"@type":"WebSite","@id":"https:\/\/rohs-administratie.nl\/en\/#website","url":"https:\/\/rohs-administratie.nl\/en\/","name":"ROHS Administratie","description":"Profesjonalna ksi\u0119gowo\u015b\u0107 i doradztwo biznesowe w Holandii","publisher":{"@id":"https:\/\/rohs-administratie.nl\/en\/#organization"},"potentialAction":[{"@type":"SearchAction","target":{"@type":"EntryPoint","urlTemplate":"https:\/\/rohs-administratie.nl\/en\/?s={search_term_string}"},"query-input":"required name=search_term_string"}],"inLanguage":"en-US"},{"@type":"Organization","@id":"https:\/\/rohs-administratie.nl\/en\/#organization","name":"PCS Diensten","url":"https:\/\/rohs-administratie.nl\/en\/","logo":{"@type":"ImageObject","inLanguage":"en-US","@id":"https:\/\/rohs-administratie.nl\/en\/#\/schema\/logo\/image\/","url":"https:\/\/rohs-administratie.nl\/wp-content\/uploads\/2021\/12\/rohs-logo-250x74-1.svg","contentUrl":"https:\/\/rohs-administratie.nl\/wp-content\/uploads\/2021\/12\/rohs-logo-250x74-1.svg","caption":"PCS Diensten"},"image":{"@id":"https:\/\/rohs-administratie.nl\/en\/#\/schema\/logo\/image\/"}}]}},"_links":{"self":[{"href":"https:\/\/rohs-administratie.nl\/en\/wp-json\/wp\/v2\/pages\/3165"}],"collection":[{"href":"https:\/\/rohs-administratie.nl\/en\/wp-json\/wp\/v2\/pages"}],"about":[{"href":"https:\/\/rohs-administratie.nl\/en\/wp-json\/wp\/v2\/types\/page"}],"author":[{"embeddable":true,"href":"https:\/\/rohs-administratie.nl\/en\/wp-json\/wp\/v2\/users\/1"}],"replies":[{"embeddable":true,"href":"https:\/\/rohs-administratie.nl\/en\/wp-json\/wp\/v2\/comments?post=3165"}],"version-history":[{"count":5,"href":"https:\/\/rohs-administratie.nl\/en\/wp-json\/wp\/v2\/pages\/3165\/revisions"}],"predecessor-version":[{"id":4041,"href":"https:\/\/rohs-administratie.nl\/en\/wp-json\/wp\/v2\/pages\/3165\/revisions\/4041"}],"wp:attachment":[{"href":"https:\/\/rohs-administratie.nl\/en\/wp-json\/wp\/v2\/media?parent=3165"}],"curies":[{"name":"wp","href":"https:\/\/api.w.org\/{rel}","templated":true}]}}