{"id":3175,"date":"2022-03-19T20:09:32","date_gmt":"2022-03-19T19:09:32","guid":{"rendered":"https:\/\/rohs-administratie.nl\/contact\/"},"modified":"2025-12-14T01:51:29","modified_gmt":"2025-12-14T00:51:29","slug":"contact","status":"publish","type":"page","link":"https:\/\/rohs-administratie.nl\/en\/contact\/","title":{"rendered":"Contact"},"content":{"rendered":"\n\n\t<h1>\n\t\t\t\tContact\n\t\t\t<\/h1>\n\t\t\t<span><span><a href=\"https:\/\/rohs-administratie.nl\/en\/\">Home<\/a><\/span><\/span>\t\n\t<h2>\n\t\t\t\tContact us\n\t\t\t<\/h2>\n\t\t\tAre you interested? Do you want to receive an offer? Do you need consultation, advice or do you have any other question? We are at your disposal. Call us or send us a message using the form below.\t\n\t<h3>\n\t\t\t\tSend a message\n\t\t\t<\/h3>\n\t<div id=\"quform-3bae5f\" class=\"quform quform-2 quform-support-page-caching\"><form id=\"quform-form-3bae5f\" class=\"quform-form quform-form-2\" action=\"\/en\/wp-json\/wp\/v2\/pages\/3175#quform-3bae5f\" method=\"post\" enctype=\"multipart\/form-data\" novalidate=\"novalidate\" data-options=\"{&quot;id&quot;:2,&quot;uniqueId&quot;:&quot;3bae5f&quot;,&quot;theme&quot;:&quot;&quot;,&quot;ajax&quot;:true,&quot;logic&quot;:{&quot;logic&quot;:{&quot;12&quot;:{&quot;action&quot;:true,&quot;match&quot;:&quot;all&quot;,&quot;rules&quot;:[{&quot;elementId&quot;:&quot;11&quot;,&quot;operator&quot;:&quot;eq&quot;,&quot;optionId&quot;:&quot;1&quot;,&quot;value&quot;:&quot;Yes&quot;}]}},&quot;dependents&quot;:{&quot;11&quot;:[12]},&quot;elementIds&quot;:[12],&quot;dependentElementIds&quot;:[&quot;11&quot;],&quot;animate&quot;:true},&quot;currentPageId&quot;:1,&quot;errorsIcon&quot;:&quot;&quot;,&quot;updateFancybox&quot;:true,&quot;hasPages&quot;:false,&quot;pages&quot;:[1],&quot;pageProgressType&quot;:&quot;numbers&quot;,&quot;tooltipsEnabled&quot;:true,&quot;tooltipClasses&quot;:&quot;qtip-quform-dark qtip-shadow&quot;,&quot;tooltipMy&quot;:&quot;left center&quot;,&quot;tooltipAt&quot;:&quot;right center&quot;,&quot;isRtl&quot;:false,&quot;scrollOffset&quot;:-50,&quot;scrollSpeed&quot;:800}\"><button class=\"quform-default-submit\" name=\"quform_submit\" type=\"submit\" value=\"submit\" aria-hidden=\"true\" tabindex=\"-1\"><\/button><div class=\"quform-form-inner quform-form-inner-2\"><input type=\"hidden\" name=\"quform_form_id\" value=\"2\" \/><input type=\"hidden\" name=\"quform_form_uid\" value=\"3bae5f\" \/><input type=\"hidden\" name=\"quform_count\" value=\"1\" \/><input type=\"hidden\" name=\"form_url\" value=\"https:\/\/rohs-administratie.nl\/en\/wp-json\/wp\/v2\/pages\/3175\" \/><input type=\"hidden\" name=\"referring_url\" value=\"\" \/><input type=\"hidden\" name=\"post_id\" value=\"\" \/><input type=\"hidden\" name=\"post_title\" value=\"\" \/><input type=\"hidden\" name=\"quform_current_page_id\" value=\"1\" \/><input type=\"hidden\" name=\"quform_csrf_token\" value=\"YbxrtqIX5XxHWRZrCi3UiJkECAFmDpTvrq3lGeyM\" \/><div class=\"quform-elements quform-elements-2 quform-cf quform-responsive-elements-phone-landscape\"><div class=\"quform-element quform-element-page quform-page-1 quform-page-2_1 quform-cf quform-group-style-plain quform-first-page quform-last-page quform-current-page\"><div class=\"quform-child-elements\"><div class=\"quform-element quform-element-text quform-element-2_4 quform-cf quform-element-required\"><div class=\"quform-spacer\"><div class=\"quform-label quform-label-2_4\"><label class=\"quform-label-text\" for=\"quform_2_4_3bae5f\">Your first and last name<span class=\"quform-required\">*<\/span><\/label><\/div><div class=\"quform-inner quform-inner-text quform-inner-2_4\"><div class=\"quform-input quform-input-text quform-input-2_4 quform-cf quform-has-field-icon-left\"><input type=\"text\" id=\"quform_2_4_3bae5f\" name=\"quform_2_4\" class=\"quform-field quform-field-text quform-field-2_4\" placeholder=\"e.g. John Doe\" \/><span class=\"quform-field-icon quform-field-icon-left\"><i class=\"fa fa-user\"><\/i><\/span><\/div><\/div><\/div><\/div><div class=\"quform-element quform-element-email quform-element-2_5 quform-cf quform-element-required\"><div class=\"quform-spacer\"><div class=\"quform-label quform-label-2_5\"><label class=\"quform-label-text\" for=\"quform_2_5_3bae5f\">Email address<span class=\"quform-required\">*<\/span><\/label><\/div><div class=\"quform-inner quform-inner-email quform-inner-2_5\"><div class=\"quform-input quform-input-email quform-input-2_5 quform-cf quform-has-field-icon-left\"><input type=\"email\" id=\"quform_2_5_3bae5f\" name=\"quform_2_5\" class=\"quform-field quform-field-email quform-field-2_5\" placeholder=\"e.g. john.doe@gmail.com\" \/><span class=\"quform-field-icon quform-field-icon-left\"><i class=\"fa fa-envelope\"><\/i><\/span><\/div><\/div><\/div><\/div><div class=\"quform-element quform-element-radio quform-element-2_6 quform-cf quform-element-required\"><div class=\"quform-spacer\"><div class=\"quform-label quform-label-2_6\"><label class=\"quform-label-text\" id=\"quform_2_6_3bae5f_label\">Are you our client?<span class=\"quform-required\">*<\/span><\/label><\/div><div class=\"quform-inner quform-inner-radio quform-inner-2_6\"><div class=\"quform-input quform-input-radio quform-input-2_6 quform-cf\"><div class=\"quform-options quform-cf quform-options-inline quform-options-simple\" role=\"radiogroup\" aria-labelledby=\"quform_2_6_3bae5f_label\"><div class=\"quform-option\"><input type=\"radio\" name=\"quform_2_6\" id=\"quform_2_6_3bae5f_1\" class=\"quform-field quform-field-radio quform-field-2_6 quform-field-2_6_1\" value=\"Yes\" \/><label for=\"quform_2_6_3bae5f_1\" class=\"quform-option-label quform-option-label-2_6_1\"><span class=\"quform-option-text\">Yes<\/span><\/label><\/div><div class=\"quform-option\"><input type=\"radio\" name=\"quform_2_6\" id=\"quform_2_6_3bae5f_2\" class=\"quform-field quform-field-radio quform-field-2_6 quform-field-2_6_2\" value=\"No\" \/><label for=\"quform_2_6_3bae5f_2\" class=\"quform-option-label quform-option-label-2_6_2\"><span class=\"quform-option-text\">No<\/span><\/label><\/div><\/div><\/div><\/div><\/div><\/div><div class=\"quform-element quform-element-radio quform-element-2_11 quform-cf quform-element-optional\"><div class=\"quform-spacer\"><div class=\"quform-label quform-label-2_11\"><label class=\"quform-label-text\" id=\"quform_2_11_3bae5f_label\">Do you want to send a message to a specific person from our company? <\/label><\/div><div class=\"quform-inner quform-inner-radio quform-inner-2_11\"><div class=\"quform-input quform-input-radio quform-input-2_11 quform-cf\"><div class=\"quform-options quform-cf quform-options-inline quform-options-simple\" role=\"radiogroup\" aria-labelledby=\"quform_2_11_3bae5f_label\"><div class=\"quform-option\"><input type=\"radio\" name=\"quform_2_11\" id=\"quform_2_11_3bae5f_1\" class=\"quform-field quform-field-radio quform-field-2_11 quform-field-2_11_1\" value=\"Yes\" \/><label for=\"quform_2_11_3bae5f_1\" class=\"quform-option-label quform-option-label-2_11_1\"><span class=\"quform-option-text\">Yes<\/span><\/label><\/div><div class=\"quform-option\"><input type=\"radio\" name=\"quform_2_11\" id=\"quform_2_11_3bae5f_2\" class=\"quform-field quform-field-radio quform-field-2_11 quform-field-2_11_2\" value=\"No\" checked \/><label for=\"quform_2_11_3bae5f_2\" class=\"quform-option-label quform-option-label-2_11_2\"><span class=\"quform-option-text\">No<\/span><\/label><\/div><\/div><\/div><\/div><\/div><\/div><div class=\"quform-element quform-element-select quform-element-2_12 quform-cf quform-element-optional\"><div class=\"quform-spacer\"><div class=\"quform-label quform-label-2_12\"><label class=\"quform-label-text\" for=\"quform_2_12_3bae5f\">Who do you want to send a message to?<\/label><\/div><div class=\"quform-inner quform-inner-select quform-inner-2_12 quform-field-width-medium\"><div class=\"quform-input quform-input-select quform-input-2_12 quform-cf\"><select id=\"quform_2_12_3bae5f\" name=\"quform_2_12\" class=\"quform-field quform-field-select quform-field-2_12\"><option value=\"\" selected=\"selected\">Please select<\/option><option value=\"mariusz@rohs-administratie.nl\">Mariusz Rohs<\/option><option value=\"marek@rohs-administratie.nl\">Marek Czerniak<\/option><\/select><\/div><\/div><\/div><\/div><div class=\"quform-element quform-element-textarea quform-element-2_7 quform-cf quform-element-optional\"><div class=\"quform-spacer\"><div class=\"quform-label quform-label-2_7\"><label class=\"quform-label-text\" for=\"quform_2_7_3bae5f\">Content of the message \/ inquiry<\/label><\/div><div class=\"quform-inner quform-inner-textarea quform-inner-2_7\"><div class=\"quform-input quform-input-textarea quform-input-2_7 quform-cf quform-has-field-icon-left\"><textarea id=\"quform_2_7_3bae5f\" name=\"quform_2_7\" class=\"quform-field quform-field-textarea quform-field-2_7\" placeholder=\"Write how we can help\"><\/textarea><span class=\"quform-field-icon quform-field-icon-left\"><i class=\"fa fa-pencil\"><\/i><\/span><\/div><\/div><\/div><\/div><div class=\"quform-element quform-element-checkbox quform-element-2_8 quform-cf quform-element-required\"><div class=\"quform-spacer\"><div class=\"quform-inner quform-inner-checkbox quform-inner-2_8\"><div class=\"quform-input quform-input-checkbox quform-input-2_8 quform-cf\"><div class=\"quform-options quform-cf quform-options-inline quform-options-simple\"><div class=\"quform-option\"><input type=\"checkbox\" name=\"quform_2_8[]\" id=\"quform_2_8_3bae5f_1\" class=\"quform-field quform-field-checkbox quform-field-2_8 quform-field-2_8_1\" value=\"I consent to the processing of my data by ROHS Administratie in order to handle my application\" \/><label for=\"quform_2_8_3bae5f_1\" class=\"quform-option-label quform-option-label-2_8_1\"><span class=\"quform-option-text\">I consent to the processing of my data by ROHS Administratie in order to handle my application<\/span><\/label><\/div><\/div><\/div><\/div><\/div><\/div><div class=\"quform-element quform-element-checkbox quform-element-2_9 quform-cf quform-element-required\"><div class=\"quform-spacer\"><div class=\"quform-inner quform-inner-checkbox quform-inner-2_9\"><div class=\"quform-input quform-input-checkbox quform-input-2_9 quform-cf\"><div class=\"quform-options quform-cf quform-options-inline quform-options-simple\"><div class=\"quform-option\"><input type=\"checkbox\" name=\"quform_2_9[]\" id=\"quform_2_9_3bae5f_1\" class=\"quform-field quform-field-checkbox quform-field-2_9 quform-field-2_9_1\" value=\"I confirm that I have read the Privacy Policy and accept its provisions \" \/><label for=\"quform_2_9_3bae5f_1\" class=\"quform-option-label quform-option-label-2_9_1\"><span class=\"quform-option-text\">I confirm that I have read the Privacy Policy and accept its provisions <\/span><\/label><\/div><\/div><\/div><\/div><\/div><\/div><div class=\"quform-element quform-element-submit quform-element-2_2 quform-cf quform-button-style-theme\"><div class=\"quform-button-submit quform-button-submit-default quform-button-submit-2_2\"><button name=\"quform_submit\" type=\"submit\" class=\"quform-submit\" value=\"submit\"><span class=\"quform-button-text quform-button-submit-text\">Send<\/span><\/button><\/div><div class=\"quform-loading quform-loading-position-left quform-loading-type-spinner-1\"><div class=\"quform-loading-inner\"><div class=\"quform-loading-spinner\"><div class=\"quform-loading-spinner-inner\"><\/div><\/div><\/div><\/div><\/div><div class=\"quform-element-tree\"><label for=\"quform_2_0_3bae5f\">This field should be left blank<\/label><input type=\"text\" id=\"quform_2_0_3bae5f\" name=\"quform_2_0\" class=\"quform-field quform-field-tree quform-field-2_0\" tabindex=\"-1\" autocomplete=\"off\" \/><\/div><\/div><\/div><\/div><\/div><\/form><\/div>\n\t<iframe src=\"https:\/\/www.google.com\/maps\/embed\/v1\/place?q=Bordewijklaan+38%2C+2591XR+Den+Haag&#038;key=AIzaSyD09zQ9PNDNNy9TadMuzRV_UsPUoWKntt8\" aria-hidden=\"true\"><\/iframe>\n\t<h3>\n\t\t\t\tParking\n\t\t\t<\/h3>\n\t\t\tParking is possible under the office building in places marked with a dashed white line &#8211; max 1 hour or at Finnenburg Street 202 next to the white bridge &#8211; <strong>free parking<\/strong>.\t\n\t<iframe src=\"https:\/\/www.google.com\/maps\/embed?pb=!1m28!1m12!1m3!1d1001.3640200474305!2d4.363065176637954!3d52.08980803751092!2m3!1f0!2f0!3f0!3m2!1i1024!2i768!4f13.1!4m13!3e6!4m5!1s0x47c5b797ef2a4d49%3A0x33f2e89edb94ba28!2sFinnenburg%20202%2C%20Den%20Haag!3m2!1d52.0902491!2d4.3627058!4m5!1s0x47c5b7962a1cd9c1%3A0x8571309e983bb91a!2sBordewijklaan%2038%202591%20XR%20Den%20Haag!3m2!1d52.089370599999995!2d4.3650378!5e0!3m2!1spl!2snl!4v1646086795478!5m2!1spl!2snl\" width=\"750\" height=\"250\" allowfullscreen=\"\" loading=\"lazy\"><\/iframe>\n\n","protected":false},"excerpt":{"rendered":"<p>Contact Contact us Are you interested? Do you want to receive an offer? Do you need consultation, advice or do you have any other question? We &hellip;<\/p>\n<p class=\"read-more\"> <a class=\"\" href=\"https:\/\/rohs-administratie.nl\/en\/contact\/\"> <span class=\"screen-reader-text\">Contact<\/span> Czytaj dalej \u00bb<\/a><\/p>\n","protected":false},"author":1,"featured_media":0,"parent":0,"menu_order":0,"comment_status":"closed","ping_status":"closed","template":"","meta":{"site-sidebar-layout":"no-sidebar","site-content-layout":"page-builder","ast-site-content-layout":"","site-content-style":"default","site-sidebar-style":"default","ast-global-header-display":"","ast-banner-title-visibility":"","ast-main-header-display":"","ast-hfb-above-header-display":"","ast-hfb-below-header-display":"","ast-hfb-mobile-header-display":"","site-post-title":"disabled","ast-breadcrumbs-content":"","ast-featured-img":"disabled","footer-sml-layout":"","theme-transparent-header-meta":"default","adv-header-id-meta":"","stick-header-meta":"","header-above-stick-meta":"","header-main-stick-meta":"","header-below-stick-meta":"","astra-migrate-meta-layouts":"","ast-page-background-enabled":"default","ast-page-background-meta":{"desktop":{"background-color":"","background-image":"","background-repeat":"repeat","background-position":"center center","background-size":"auto","background-attachment":"scroll","background-type":"","background-media":"","overlay-type":"","overlay-color":"","overlay-gradient":""},"tablet":{"background-color":"","background-image":"","background-repeat":"repeat","background-position":"center center","background-size":"auto","background-attachment":"scroll","background-type":"","background-media":"","overlay-type":"","overlay-color":"","overlay-gradient":""},"mobile":{"background-color":"","background-image":"","background-repeat":"repeat","background-position":"center center","background-size":"auto","background-attachment":"scroll","background-type":"","background-media":"","overlay-type":"","overlay-color":"","overlay-gradient":""}},"ast-content-background-meta":{"desktop":{"background-color":"var(--ast-global-color-5)","background-image":"","background-repeat":"repeat","background-position":"center center","background-size":"auto","background-attachment":"scroll","background-type":"","background-media":"","overlay-type":"","overlay-color":"","overlay-gradient":""},"tablet":{"background-color":"var(--ast-global-color-5)","background-image":"","background-repeat":"repeat","background-position":"center center","background-size":"auto","background-attachment":"scroll","background-type":"","background-media":"","overlay-type":"","overlay-color":"","overlay-gradient":""},"mobile":{"background-color":"var(--ast-global-color-5)","background-image":"","background-repeat":"repeat","background-position":"center center","background-size":"auto","background-attachment":"scroll","background-type":"","background-media":"","overlay-type":"","overlay-color":"","overlay-gradient":""}},"footnotes":""},"yoast_head":"<!-- This site is optimized with the Yoast SEO plugin v21.6 - https:\/\/yoast.com\/wordpress\/plugins\/seo\/ -->\n<title>Contact | ROHS Administratie<\/title>\n<meta name=\"robots\" content=\"index, follow, max-snippet:-1, max-image-preview:large, max-video-preview:-1\" \/>\n<link rel=\"canonical\" href=\"https:\/\/rohs-administratie.nl\/en\/contact\/\" \/>\n<meta property=\"og:locale\" content=\"en_US\" \/>\n<meta property=\"og:type\" content=\"article\" \/>\n<meta property=\"og:title\" content=\"Contact | ROHS Administratie\" \/>\n<meta property=\"og:description\" content=\"Contact Contact us Are you interested? Do you want to receive an offer? Do you need consultation, advice or do you have any other question? We &hellip; Contact Czytaj dalej \u00bb\" \/>\n<meta property=\"og:url\" content=\"https:\/\/rohs-administratie.nl\/en\/contact\/\" \/>\n<meta property=\"og:site_name\" content=\"ROHS Administratie\" \/>\n<meta property=\"article:modified_time\" content=\"2025-12-14T00:51:29+00:00\" \/>\n<meta name=\"twitter:card\" content=\"summary_large_image\" \/>\n<script type=\"application\/ld+json\" class=\"yoast-schema-graph\">{\"@context\":\"https:\/\/schema.org\",\"@graph\":[{\"@type\":\"WebPage\",\"@id\":\"https:\/\/rohs-administratie.nl\/en\/contact\/\",\"url\":\"https:\/\/rohs-administratie.nl\/en\/contact\/\",\"name\":\"Contact | ROHS Administratie\",\"isPartOf\":{\"@id\":\"https:\/\/rohs-administratie.nl\/en\/#website\"},\"datePublished\":\"2022-03-19T19:09:32+00:00\",\"dateModified\":\"2025-12-14T00:51:29+00:00\",\"breadcrumb\":{\"@id\":\"https:\/\/rohs-administratie.nl\/en\/contact\/#breadcrumb\"},\"inLanguage\":\"en-US\",\"potentialAction\":[{\"@type\":\"ReadAction\",\"target\":[\"https:\/\/rohs-administratie.nl\/en\/contact\/\"]}]},{\"@type\":\"BreadcrumbList\",\"@id\":\"https:\/\/rohs-administratie.nl\/en\/contact\/#breadcrumb\",\"itemListElement\":[{\"@type\":\"ListItem\",\"position\":1,\"name\":\"Home\",\"item\":\"https:\/\/rohs-administratie.nl\/en\/\"},{\"@type\":\"ListItem\",\"position\":2,\"name\":\"Contact\"}]},{\"@type\":\"WebSite\",\"@id\":\"https:\/\/rohs-administratie.nl\/en\/#website\",\"url\":\"https:\/\/rohs-administratie.nl\/en\/\",\"name\":\"ROHS Administratie\",\"description\":\"Profesjonalna ksi\u0119gowo\u015b\u0107 i doradztwo biznesowe w Holandii\",\"publisher\":{\"@id\":\"https:\/\/rohs-administratie.nl\/en\/#organization\"},\"potentialAction\":[{\"@type\":\"SearchAction\",\"target\":{\"@type\":\"EntryPoint\",\"urlTemplate\":\"https:\/\/rohs-administratie.nl\/en\/?s={search_term_string}\"},\"query-input\":\"required name=search_term_string\"}],\"inLanguage\":\"en-US\"},{\"@type\":\"Organization\",\"@id\":\"https:\/\/rohs-administratie.nl\/en\/#organization\",\"name\":\"PCS Diensten\",\"url\":\"https:\/\/rohs-administratie.nl\/en\/\",\"logo\":{\"@type\":\"ImageObject\",\"inLanguage\":\"en-US\",\"@id\":\"https:\/\/rohs-administratie.nl\/en\/#\/schema\/logo\/image\/\",\"url\":\"https:\/\/rohs-administratie.nl\/wp-content\/uploads\/2021\/12\/rohs-logo-250x74-1.svg\",\"contentUrl\":\"https:\/\/rohs-administratie.nl\/wp-content\/uploads\/2021\/12\/rohs-logo-250x74-1.svg\",\"caption\":\"PCS Diensten\"},\"image\":{\"@id\":\"https:\/\/rohs-administratie.nl\/en\/#\/schema\/logo\/image\/\"}}]}<\/script>\n<!-- \/ Yoast SEO plugin. -->","yoast_head_json":{"title":"Contact | ROHS Administratie","robots":{"index":"index","follow":"follow","max-snippet":"max-snippet:-1","max-image-preview":"max-image-preview:large","max-video-preview":"max-video-preview:-1"},"canonical":"https:\/\/rohs-administratie.nl\/en\/contact\/","og_locale":"en_US","og_type":"article","og_title":"Contact | ROHS Administratie","og_description":"Contact Contact us Are you interested? Do you want to receive an offer? Do you need consultation, advice or do you have any other question? We &hellip; Contact Czytaj dalej \u00bb","og_url":"https:\/\/rohs-administratie.nl\/en\/contact\/","og_site_name":"ROHS Administratie","article_modified_time":"2025-12-14T00:51:29+00:00","twitter_card":"summary_large_image","schema":{"@context":"https:\/\/schema.org","@graph":[{"@type":"WebPage","@id":"https:\/\/rohs-administratie.nl\/en\/contact\/","url":"https:\/\/rohs-administratie.nl\/en\/contact\/","name":"Contact | ROHS Administratie","isPartOf":{"@id":"https:\/\/rohs-administratie.nl\/en\/#website"},"datePublished":"2022-03-19T19:09:32+00:00","dateModified":"2025-12-14T00:51:29+00:00","breadcrumb":{"@id":"https:\/\/rohs-administratie.nl\/en\/contact\/#breadcrumb"},"inLanguage":"en-US","potentialAction":[{"@type":"ReadAction","target":["https:\/\/rohs-administratie.nl\/en\/contact\/"]}]},{"@type":"BreadcrumbList","@id":"https:\/\/rohs-administratie.nl\/en\/contact\/#breadcrumb","itemListElement":[{"@type":"ListItem","position":1,"name":"Home","item":"https:\/\/rohs-administratie.nl\/en\/"},{"@type":"ListItem","position":2,"name":"Contact"}]},{"@type":"WebSite","@id":"https:\/\/rohs-administratie.nl\/en\/#website","url":"https:\/\/rohs-administratie.nl\/en\/","name":"ROHS Administratie","description":"Profesjonalna ksi\u0119gowo\u015b\u0107 i doradztwo biznesowe w Holandii","publisher":{"@id":"https:\/\/rohs-administratie.nl\/en\/#organization"},"potentialAction":[{"@type":"SearchAction","target":{"@type":"EntryPoint","urlTemplate":"https:\/\/rohs-administratie.nl\/en\/?s={search_term_string}"},"query-input":"required name=search_term_string"}],"inLanguage":"en-US"},{"@type":"Organization","@id":"https:\/\/rohs-administratie.nl\/en\/#organization","name":"PCS Diensten","url":"https:\/\/rohs-administratie.nl\/en\/","logo":{"@type":"ImageObject","inLanguage":"en-US","@id":"https:\/\/rohs-administratie.nl\/en\/#\/schema\/logo\/image\/","url":"https:\/\/rohs-administratie.nl\/wp-content\/uploads\/2021\/12\/rohs-logo-250x74-1.svg","contentUrl":"https:\/\/rohs-administratie.nl\/wp-content\/uploads\/2021\/12\/rohs-logo-250x74-1.svg","caption":"PCS Diensten"},"image":{"@id":"https:\/\/rohs-administratie.nl\/en\/#\/schema\/logo\/image\/"}}]}},"_links":{"self":[{"href":"https:\/\/rohs-administratie.nl\/en\/wp-json\/wp\/v2\/pages\/3175"}],"collection":[{"href":"https:\/\/rohs-administratie.nl\/en\/wp-json\/wp\/v2\/pages"}],"about":[{"href":"https:\/\/rohs-administratie.nl\/en\/wp-json\/wp\/v2\/types\/page"}],"author":[{"embeddable":true,"href":"https:\/\/rohs-administratie.nl\/en\/wp-json\/wp\/v2\/users\/1"}],"replies":[{"embeddable":true,"href":"https:\/\/rohs-administratie.nl\/en\/wp-json\/wp\/v2\/comments?post=3175"}],"version-history":[{"count":6,"href":"https:\/\/rohs-administratie.nl\/en\/wp-json\/wp\/v2\/pages\/3175\/revisions"}],"predecessor-version":[{"id":4224,"href":"https:\/\/rohs-administratie.nl\/en\/wp-json\/wp\/v2\/pages\/3175\/revisions\/4224"}],"wp:attachment":[{"href":"https:\/\/rohs-administratie.nl\/en\/wp-json\/wp\/v2\/media?parent=3175"}],"curies":[{"name":"wp","href":"https:\/\/api.w.org\/{rel}","templated":true}]}}