{"id":3177,"date":"2022-03-19T20:12:29","date_gmt":"2022-03-19T19:12:29","guid":{"rendered":"https:\/\/rohs-administratie.nl\/home\/"},"modified":"2025-12-14T01:54:47","modified_gmt":"2025-12-14T00:54:47","slug":"home","status":"publish","type":"page","link":"https:\/\/rohs-administratie.nl\/en\/","title":{"rendered":"Home"},"content":{"rendered":"\n\n\t<h6>\n\t\t\t\tProfessional accounting<br \/>and business consulting<br \/>in the Netherlands \n\t\t\t<\/h6>\n\t\t<h3>Ask for an offer<\/h3>\n\t\t\t<a href=\"https:\/\/rohs-administratie.nl\/en\/contact\/\" target=\"_blank\" rel=\"noopener\">\n\t\t\t\t\t\tClick here\n\t\t\t\t\t<\/a>\n\t<h2>\n\t\t\t\tAbout us\n\t\t\t<\/h2>\n\t\t\tRohs Administratie is a <strong>The Hague<\/strong>-based company that specializes mainly in serving customers from Eastern Europe. However, we are also available to anyone who needs advice and administrative support.\nWe have extensive experience and are very well versed in many areas. We have a good knowledge of <strong>accounting, tax and legal matters, from the smallest to the most complex ones<\/strong>. So you are welcome with all administrative issues and more.\nIf you are busy developing your own business and do not have time for administrative matters, we will be happy to take care of them and lead you in the right direction!\t\n\t\t\t<a href=\"https:\/\/rohs-administratie.nl\/en\/about-us\/\" target=\"_self\" role=\"button\" aria-label=\"More ...\" rel=\"noopener\">\n\t\t\t\t\t\t\tMore &#8230;\n\t\t<\/a>\n\t<h2>\n\t\t\t\tHow can we help?\n\t\t\t<\/h2>\n\t\t\tSo an overview of our services &#8230;\t\n\t<h3>\n\t\t\t\tCompanies\n\t\t\t<\/h3>\n\t<ul>\n\t\t<li>\t\t\t\t\n\t\t<h6>Company accounting<\/h6><\/li><li>\t\t\t\t\n\t\t<h6>Payroll administration<\/h6><\/li><li>\t\t\t\t\n\t\t<h6>Tax consultancy<\/h6><\/li>\t<\/ul>\n\t\t\t<a href=\"https:\/\/rohs-administratie.nl\/en\/for-companies\/\" target=\"_self\" role=\"button\" aria-label=\"More ...\" rel=\"noopener\">\n\t\t\t\t\t\t\tMore &#8230;\n\t\t<\/a>\n\t<h3>\n\t\t\t\tIndividuals\n\t\t\t<\/h3>\n\t<ul>\n\t\t<li>\t\t\t\t\n\t\t<h6>Tax returns<\/h6><\/li><li>\t\t\t\t\n\t\t<h6>Subsidies<\/h6><\/li><li>\t\t\t\t\n\t\t<h6>Translations<\/h6><\/li>\t<\/ul>\n\t\t\t<a href=\"https:\/\/rohs-administratie.nl\/en\/for-individuals\/\" target=\"_self\" role=\"button\" aria-label=\"More ...\" rel=\"noopener\">\n\t\t\t\t\t\t\tMore &#8230;\n\t\t<\/a>\n\t\t<h3>Are you looking for another service? <\/h3>\n\t\t<p>Contact us.<\/p>\n\t\t\t<a href=\"https:\/\/rohs-administratie.nl\/en\/contact\/\" target=\"_self\" rel=\"noopener\">\n\t\t\t\t\t\tClick here\n\t\t\t\t\t<\/a>\n\t<h2>\n\t\t\t\tWhy us?\n\t\t\t<\/h2>\n\t\t\tWhat distinguishes us &#8230;\t\n\t<ul>\n\t\t<li>\t\t\t\t\n\t\t<h4>Professionalism<\/h4><p>We provide our services at the highest level, professionally approaching each issue. Thanks to education and many years of experience, administration and accounting in the Netherlands have no secrets for us.<\/p><\/li><li>\t\t\t\t\n\t\t<h4>Comprehensive services<\/h4><p>We handle the administration and accounting in the Netherlands from A to Z. This includes the preparation and submission of VAT declarations and income tax declarations. We prepare profit and loss statements, forecasts and annual reports. We also provide more diverse services related to your administration.<\/p>\n<\/li><li>\t\t\t\t\n\t\t<h4>Advice and help <\/h4><p>>By working with us, you gain access to support in the form of consultations and advice on your business.<\/p><\/li><li>\t\t\t\t\n\t\t<h4>Confidentiality <\/h4><p>Data confidentiality and discretion are our core standards and priorities.<\/p><\/li>\t<\/ul>\n\t<h2>\n\t\t\t\tWe have already been trusted by over\n\t\t\t<\/h2>\n\t\t<!-- Comment to fix spacing issue\n\t-->\n\t\t<h1>0<\/h1>\n\t<!-- Comment to fix spacing issue\n\t-->\t\n\t<h2>\n\t\t\t\tcompanies in the Netherlands\n\t\t\t<\/h2>\n\t<h3>\n\t\t\t\tDo you also want to join the ranks of our satisfied customers?\n\t\t\t<\/h3>\n\t\t\t<a href=\"https:\/\/rohs-administratie.nl\/en\/contact\/\" target=\"_self\" role=\"button\" aria-label=\"Contact us\" rel=\"noopener\">\n\t\t\t\t\t\t\tContact us\n\t\t<\/a>\n\t\t\t<h5>Or call the number<\/h5><h3> 070 &#8211; 3306676<\/h3>\t\t\t\n\t\t\t\t<img decoding=\"async\" src=\"https:\/\/rohs-administratie.nl\/wp-content\/uploads\/2022\/01\/sbb-leerbedrijf-logo-p-500.png\" alt=\"SBB logo\" title=\"SBB logo\" itemprop=\"image\"\/>\n\t<h2>\n\t\t\t\tWe are educating the future staff of accountants\n\t\t\t<\/h2>\n\t\t\t<p>Rohs Administration B.V. is a recognized training company where several students complete their internship every year. Are you a student and looking for an internship where you can develop yourself? Please contact us.<\/p>\t\n\t\t\t<a href=\"https:\/\/rohs-administratie.nl\/en\/contact\/\" target=\"_self\" role=\"button\" aria-label=\"Contact us\" rel=\"noopener\">\n\t\t\t\t\t\t\tContact us\n\t\t<\/a>\n\t<h4>\n\t\t\t\tYou can find us on the official website <a href=\"https:\/\/zoeken-mijn.s-bb.nl\/Home\/Details?leerbedrijfId=100433469\" target=\"_blank\" rel=\"noopener\">mijn.s-bb.nl<\/a>\n\t\t\t<\/h4>\n\n","protected":false},"excerpt":{"rendered":"<p>Professional accountingand business consultingin the Netherlands Ask for an offer Click here About us Rohs Administratie is a The Hague-based company that specializes mainly in serving &hellip;<\/p>\n<p class=\"read-more\"> <a class=\"\" href=\"https:\/\/rohs-administratie.nl\/en\/\"> <span class=\"screen-reader-text\">Home<\/span> Czytaj dalej \u00bb<\/a><\/p>\n","protected":false},"author":1,"featured_media":0,"parent":0,"menu_order":0,"comment_status":"closed","ping_status":"closed","template":"","meta":{"site-sidebar-layout":"no-sidebar","site-content-layout":"page-builder","ast-site-content-layout":"","site-content-style":"default","site-sidebar-style":"default","ast-global-header-display":"","ast-banner-title-visibility":"","ast-main-header-display":"","ast-hfb-above-header-display":"","ast-hfb-below-header-display":"","ast-hfb-mobile-header-display":"","site-post-title":"disabled","ast-breadcrumbs-content":"","ast-featured-img":"disabled","footer-sml-layout":"","theme-transparent-header-meta":"default","adv-header-id-meta":"","stick-header-meta":"default","header-above-stick-meta":"","header-main-stick-meta":"","header-below-stick-meta":"","astra-migrate-meta-layouts":"","ast-page-background-enabled":"default","ast-page-background-meta":{"desktop":{"background-color":"","background-image":"","background-repeat":"repeat","background-position":"center center","background-size":"auto","background-attachment":"scroll","background-type":"","background-media":"","overlay-type":"","overlay-color":"","overlay-gradient":""},"tablet":{"background-color":"","background-image":"","background-repeat":"repeat","background-position":"center center","background-size":"auto","background-attachment":"scroll","background-type":"","background-media":"","overlay-type":"","overlay-color":"","overlay-gradient":""},"mobile":{"background-color":"","background-image":"","background-repeat":"repeat","background-position":"center center","background-size":"auto","background-attachment":"scroll","background-type":"","background-media":"","overlay-type":"","overlay-color":"","overlay-gradient":""}},"ast-content-background-meta":{"desktop":{"background-color":"var(--ast-global-color-5)","background-image":"","background-repeat":"repeat","background-position":"center center","background-size":"auto","background-attachment":"scroll","background-type":"","background-media":"","overlay-type":"","overlay-color":"","overlay-gradient":""},"tablet":{"background-color":"var(--ast-global-color-5)","background-image":"","background-repeat":"repeat","background-position":"center center","background-size":"auto","background-attachment":"scroll","background-type":"","background-media":"","overlay-type":"","overlay-color":"","overlay-gradient":""},"mobile":{"background-color":"var(--ast-global-color-5)","background-image":"","background-repeat":"repeat","background-position":"center center","background-size":"auto","background-attachment":"scroll","background-type":"","background-media":"","overlay-type":"","overlay-color":"","overlay-gradient":""}},"footnotes":""},"yoast_head":"<!-- This site is optimized with the Yoast SEO plugin v21.6 - https:\/\/yoast.com\/wordpress\/plugins\/seo\/ -->\n<title>Home | ROHS Administratie<\/title>\n<meta name=\"robots\" content=\"index, follow, max-snippet:-1, max-image-preview:large, max-video-preview:-1\" \/>\n<link rel=\"canonical\" href=\"https:\/\/rohs-administratie.nl\/en\/\" \/>\n<meta property=\"og:locale\" content=\"en_US\" \/>\n<meta property=\"og:type\" content=\"article\" \/>\n<meta property=\"og:title\" content=\"Home | ROHS Administratie\" \/>\n<meta property=\"og:description\" content=\"Professional accountingand business consultingin the Netherlands Ask for an offer Click here About us Rohs Administratie is a The Hague-based company that specializes mainly in serving &hellip; Home Czytaj dalej \u00bb\" \/>\n<meta property=\"og:url\" content=\"https:\/\/rohs-administratie.nl\/en\/\" \/>\n<meta property=\"og:site_name\" content=\"ROHS Administratie\" \/>\n<meta property=\"article:modified_time\" content=\"2025-12-14T00:54:47+00:00\" \/>\n<meta property=\"og:image\" content=\"https:\/\/rohs-administratie.nl\/wp-content\/uploads\/2022\/01\/sbb-leerbedrijf-logo-p-500.png\" \/>\n<meta name=\"twitter:card\" content=\"summary_large_image\" \/>\n<meta name=\"twitter:label1\" content=\"Est. reading time\" \/>\n\t<meta name=\"twitter:data1\" content=\"2 minutes\" \/>\n<script type=\"application\/ld+json\" class=\"yoast-schema-graph\">{\"@context\":\"https:\/\/schema.org\",\"@graph\":[{\"@type\":\"WebPage\",\"@id\":\"https:\/\/rohs-administratie.nl\/en\/\",\"url\":\"https:\/\/rohs-administratie.nl\/en\/\",\"name\":\"Home | ROHS Administratie\",\"isPartOf\":{\"@id\":\"https:\/\/rohs-administratie.nl\/en\/#website\"},\"datePublished\":\"2022-03-19T19:12:29+00:00\",\"dateModified\":\"2025-12-14T00:54:47+00:00\",\"breadcrumb\":{\"@id\":\"https:\/\/rohs-administratie.nl\/en\/#breadcrumb\"},\"inLanguage\":\"en-US\",\"potentialAction\":[{\"@type\":\"ReadAction\",\"target\":[\"https:\/\/rohs-administratie.nl\/en\/\"]}]},{\"@type\":\"BreadcrumbList\",\"@id\":\"https:\/\/rohs-administratie.nl\/en\/#breadcrumb\",\"itemListElement\":[{\"@type\":\"ListItem\",\"position\":1,\"name\":\"Home\",\"item\":\"https:\/\/rohs-administratie.nl\/en\/\"},{\"@type\":\"ListItem\",\"position\":2,\"name\":\"Home\"}]},{\"@type\":\"WebSite\",\"@id\":\"https:\/\/rohs-administratie.nl\/en\/#website\",\"url\":\"https:\/\/rohs-administratie.nl\/en\/\",\"name\":\"ROHS Administratie\",\"description\":\"Profesjonalna ksi\u0119gowo\u015b\u0107 i doradztwo biznesowe w Holandii\",\"publisher\":{\"@id\":\"https:\/\/rohs-administratie.nl\/en\/#organization\"},\"potentialAction\":[{\"@type\":\"SearchAction\",\"target\":{\"@type\":\"EntryPoint\",\"urlTemplate\":\"https:\/\/rohs-administratie.nl\/en\/?s={search_term_string}\"},\"query-input\":\"required name=search_term_string\"}],\"inLanguage\":\"en-US\"},{\"@type\":\"Organization\",\"@id\":\"https:\/\/rohs-administratie.nl\/en\/#organization\",\"name\":\"PCS Diensten\",\"url\":\"https:\/\/rohs-administratie.nl\/en\/\",\"logo\":{\"@type\":\"ImageObject\",\"inLanguage\":\"en-US\",\"@id\":\"https:\/\/rohs-administratie.nl\/en\/#\/schema\/logo\/image\/\",\"url\":\"https:\/\/rohs-administratie.nl\/wp-content\/uploads\/2021\/12\/rohs-logo-250x74-1.svg\",\"contentUrl\":\"https:\/\/rohs-administratie.nl\/wp-content\/uploads\/2021\/12\/rohs-logo-250x74-1.svg\",\"caption\":\"PCS Diensten\"},\"image\":{\"@id\":\"https:\/\/rohs-administratie.nl\/en\/#\/schema\/logo\/image\/\"}}]}<\/script>\n<!-- \/ Yoast SEO plugin. -->","yoast_head_json":{"title":"Home | ROHS Administratie","robots":{"index":"index","follow":"follow","max-snippet":"max-snippet:-1","max-image-preview":"max-image-preview:large","max-video-preview":"max-video-preview:-1"},"canonical":"https:\/\/rohs-administratie.nl\/en\/","og_locale":"en_US","og_type":"article","og_title":"Home | ROHS Administratie","og_description":"Professional accountingand business consultingin the Netherlands Ask for an offer Click here About us Rohs Administratie is a The Hague-based company that specializes mainly in serving &hellip; Home Czytaj dalej \u00bb","og_url":"https:\/\/rohs-administratie.nl\/en\/","og_site_name":"ROHS Administratie","article_modified_time":"2025-12-14T00:54:47+00:00","og_image":[{"url":"https:\/\/rohs-administratie.nl\/wp-content\/uploads\/2022\/01\/sbb-leerbedrijf-logo-p-500.png"}],"twitter_card":"summary_large_image","twitter_misc":{"Est. reading time":"2 minutes"},"schema":{"@context":"https:\/\/schema.org","@graph":[{"@type":"WebPage","@id":"https:\/\/rohs-administratie.nl\/en\/","url":"https:\/\/rohs-administratie.nl\/en\/","name":"Home | ROHS Administratie","isPartOf":{"@id":"https:\/\/rohs-administratie.nl\/en\/#website"},"datePublished":"2022-03-19T19:12:29+00:00","dateModified":"2025-12-14T00:54:47+00:00","breadcrumb":{"@id":"https:\/\/rohs-administratie.nl\/en\/#breadcrumb"},"inLanguage":"en-US","potentialAction":[{"@type":"ReadAction","target":["https:\/\/rohs-administratie.nl\/en\/"]}]},{"@type":"BreadcrumbList","@id":"https:\/\/rohs-administratie.nl\/en\/#breadcrumb","itemListElement":[{"@type":"ListItem","position":1,"name":"Home","item":"https:\/\/rohs-administratie.nl\/en\/"},{"@type":"ListItem","position":2,"name":"Home"}]},{"@type":"WebSite","@id":"https:\/\/rohs-administratie.nl\/en\/#website","url":"https:\/\/rohs-administratie.nl\/en\/","name":"ROHS Administratie","description":"Profesjonalna ksi\u0119gowo\u015b\u0107 i doradztwo biznesowe w Holandii","publisher":{"@id":"https:\/\/rohs-administratie.nl\/en\/#organization"},"potentialAction":[{"@type":"SearchAction","target":{"@type":"EntryPoint","urlTemplate":"https:\/\/rohs-administratie.nl\/en\/?s={search_term_string}"},"query-input":"required name=search_term_string"}],"inLanguage":"en-US"},{"@type":"Organization","@id":"https:\/\/rohs-administratie.nl\/en\/#organization","name":"PCS Diensten","url":"https:\/\/rohs-administratie.nl\/en\/","logo":{"@type":"ImageObject","inLanguage":"en-US","@id":"https:\/\/rohs-administratie.nl\/en\/#\/schema\/logo\/image\/","url":"https:\/\/rohs-administratie.nl\/wp-content\/uploads\/2021\/12\/rohs-logo-250x74-1.svg","contentUrl":"https:\/\/rohs-administratie.nl\/wp-content\/uploads\/2021\/12\/rohs-logo-250x74-1.svg","caption":"PCS Diensten"},"image":{"@id":"https:\/\/rohs-administratie.nl\/en\/#\/schema\/logo\/image\/"}}]}},"_links":{"self":[{"href":"https:\/\/rohs-administratie.nl\/en\/wp-json\/wp\/v2\/pages\/3177"}],"collection":[{"href":"https:\/\/rohs-administratie.nl\/en\/wp-json\/wp\/v2\/pages"}],"about":[{"href":"https:\/\/rohs-administratie.nl\/en\/wp-json\/wp\/v2\/types\/page"}],"author":[{"embeddable":true,"href":"https:\/\/rohs-administratie.nl\/en\/wp-json\/wp\/v2\/users\/1"}],"replies":[{"embeddable":true,"href":"https:\/\/rohs-administratie.nl\/en\/wp-json\/wp\/v2\/comments?post=3177"}],"version-history":[{"count":6,"href":"https:\/\/rohs-administratie.nl\/en\/wp-json\/wp\/v2\/pages\/3177\/revisions"}],"predecessor-version":[{"id":4225,"href":"https:\/\/rohs-administratie.nl\/en\/wp-json\/wp\/v2\/pages\/3177\/revisions\/4225"}],"wp:attachment":[{"href":"https:\/\/rohs-administratie.nl\/en\/wp-json\/wp\/v2\/media?parent=3177"}],"curies":[{"name":"wp","href":"https:\/\/api.w.org\/{rel}","templated":true}]}}