{"id":3307,"date":"2022-03-19T20:17:37","date_gmt":"2022-03-19T19:17:37","guid":{"rendered":"https:\/\/rohs-administratie.nl\/faq\/"},"modified":"2023-12-01T06:57:32","modified_gmt":"2023-12-01T05:57:32","slug":"faq","status":"publish","type":"page","link":"https:\/\/rohs-administratie.nl\/en\/faq\/","title":{"rendered":"FAQ"},"content":{"rendered":"\n\n\t<h1>\n\t\t\t\tFrequently Asked Questions\n\t\t\t<\/h1>\n\t\t\t<span><span><a href=\"https:\/\/rohs-administratie.nl\/en\/\">Home<\/a><\/span><\/span>\t\n\t\t<h3>Ask for an offer<\/h3>\n\t\t\t<a href=\"https:\/\/rohs-administratie.nl\/en\/contact\/\" target=\"_blank\" rel=\"noopener\">\n\t\t\t\t\t\tClick here\n\t\t\t\t\t<\/a>\n\t<h2>\n\t\t\t\tFAQ\n\t\t\t<\/h2>\n\t\t\t\t\t\t\t\t\t\t<h4 tabindex=\"0\">In which region does ROHS Administratie operate?<\/h4>\n\t\t\t\t\t<p>We operate throughout the Netherlands<\/p>\n\t\t\t\t\t\t\t\t\t\t<h4 tabindex=\"0\">Is it possible to remotely operate via the Internet?<\/h4>\n\t\t\t\t\t<p>Yes. All matters can be dealt with online via e-mail. You can also deliver documents this way. Documents can be sent in the form of a scan or photo, e.g. from a smartphone.<\/p>\n\t\t\t\t\t\t\t\t\t\t<h4 tabindex=\"0\">Do you only conduct remote activity or is it possible to meet?<\/h4>\n\t\t\t\t\t<p>To save time, most matters are dealt with remotely &#8211; by contacting us by phone or e-mail. But of course, meetings at our Den Haag office are also possible.<\/p>\n\t\t\t\t\t\t\t\t\t\t<h4 tabindex=\"0\">Can I start cooperation with ROHS Administratie during the financial year?<\/h4>\n\t\t\t\t\t<p>Yes, we can start cooperation at any time. Just remember that it cannot disturb your billing times<\/p>\n\t<h3>\n\t\t\t\tDidn&#8217;t find the answer to your question?\n\t\t\t<\/h3>\n\t\t\t<a href=\"\/kontakt\/\" target=\"_self\" role=\"button\" aria-label=\"Contact us\" rel=\"noopener\">\n\t\t\t\t\t\t\tContact us\n\t\t<\/a>\n\n","protected":false},"excerpt":{"rendered":"<p>Frequently Asked Questions Ask for an offer Click here FAQ In which region does ROHS Administratie operate? We operate throughout the Netherlands Is it possible to &hellip;<\/p>\n<p class=\"read-more\"> <a class=\"\" href=\"https:\/\/rohs-administratie.nl\/en\/faq\/\"> <span class=\"screen-reader-text\">FAQ<\/span> Czytaj dalej \u00bb<\/a><\/p>\n","protected":false},"author":1,"featured_media":0,"parent":0,"menu_order":0,"comment_status":"closed","ping_status":"closed","template":"","meta":{"site-sidebar-layout":"no-sidebar","site-content-layout":"page-builder","ast-site-content-layout":"","site-content-style":"default","site-sidebar-style":"default","ast-global-header-display":"","ast-banner-title-visibility":"","ast-main-header-display":"","ast-hfb-above-header-display":"","ast-hfb-below-header-display":"","ast-hfb-mobile-header-display":"","site-post-title":"disabled","ast-breadcrumbs-content":"","ast-featured-img":"disabled","footer-sml-layout":"","theme-transparent-header-meta":"default","adv-header-id-meta":"","stick-header-meta":"","header-above-stick-meta":"","header-main-stick-meta":"","header-below-stick-meta":"","astra-migrate-meta-layouts":"","ast-page-background-enabled":"default","ast-page-background-meta":{"desktop":{"background-color":"","background-image":"","background-repeat":"repeat","background-position":"center center","background-size":"auto","background-attachment":"scroll","background-type":"","background-media":"","overlay-type":"","overlay-color":"","overlay-gradient":""},"tablet":{"background-color":"","background-image":"","background-repeat":"repeat","background-position":"center center","background-size":"auto","background-attachment":"scroll","background-type":"","background-media":"","overlay-type":"","overlay-color":"","overlay-gradient":""},"mobile":{"background-color":"","background-image":"","background-repeat":"repeat","background-position":"center center","background-size":"auto","background-attachment":"scroll","background-type":"","background-media":"","overlay-type":"","overlay-color":"","overlay-gradient":""}},"ast-content-background-meta":{"desktop":{"background-color":"var(--ast-global-color-5)","background-image":"","background-repeat":"repeat","background-position":"center center","background-size":"auto","background-attachment":"scroll","background-type":"","background-media":"","overlay-type":"","overlay-color":"","overlay-gradient":""},"tablet":{"background-color":"var(--ast-global-color-5)","background-image":"","background-repeat":"repeat","background-position":"center center","background-size":"auto","background-attachment":"scroll","background-type":"","background-media":"","overlay-type":"","overlay-color":"","overlay-gradient":""},"mobile":{"background-color":"var(--ast-global-color-5)","background-image":"","background-repeat":"repeat","background-position":"center center","background-size":"auto","background-attachment":"scroll","background-type":"","background-media":"","overlay-type":"","overlay-color":"","overlay-gradient":""}},"footnotes":""},"yoast_head":"<!-- This site is optimized with the Yoast SEO plugin v21.6 - https:\/\/yoast.com\/wordpress\/plugins\/seo\/ -->\n<title>FAQ | ROHS Administratie<\/title>\n<meta name=\"robots\" content=\"index, follow, max-snippet:-1, max-image-preview:large, max-video-preview:-1\" \/>\n<link rel=\"canonical\" href=\"https:\/\/rohs-administratie.nl\/en\/faq\/\" \/>\n<meta property=\"og:locale\" content=\"en_US\" \/>\n<meta property=\"og:type\" content=\"article\" \/>\n<meta property=\"og:title\" content=\"FAQ | ROHS Administratie\" \/>\n<meta property=\"og:description\" content=\"Frequently Asked Questions Ask for an offer Click here FAQ In which region does ROHS Administratie operate? We operate throughout the Netherlands Is it possible to &hellip; FAQ Czytaj dalej \u00bb\" \/>\n<meta property=\"og:url\" content=\"https:\/\/rohs-administratie.nl\/en\/faq\/\" \/>\n<meta property=\"og:site_name\" content=\"ROHS Administratie\" \/>\n<meta property=\"article:modified_time\" content=\"2023-12-01T05:57:32+00:00\" \/>\n<meta name=\"twitter:card\" content=\"summary_large_image\" \/>\n<meta name=\"twitter:label1\" content=\"Est. reading time\" \/>\n\t<meta name=\"twitter:data1\" content=\"1 minute\" \/>\n<script type=\"application\/ld+json\" class=\"yoast-schema-graph\">{\"@context\":\"https:\/\/schema.org\",\"@graph\":[{\"@type\":\"WebPage\",\"@id\":\"https:\/\/rohs-administratie.nl\/en\/faq\/\",\"url\":\"https:\/\/rohs-administratie.nl\/en\/faq\/\",\"name\":\"FAQ | ROHS Administratie\",\"isPartOf\":{\"@id\":\"https:\/\/rohs-administratie.nl\/en\/#website\"},\"datePublished\":\"2022-03-19T19:17:37+00:00\",\"dateModified\":\"2023-12-01T05:57:32+00:00\",\"breadcrumb\":{\"@id\":\"https:\/\/rohs-administratie.nl\/en\/faq\/#breadcrumb\"},\"inLanguage\":\"en-US\",\"potentialAction\":[{\"@type\":\"ReadAction\",\"target\":[\"https:\/\/rohs-administratie.nl\/en\/faq\/\"]}]},{\"@type\":\"BreadcrumbList\",\"@id\":\"https:\/\/rohs-administratie.nl\/en\/faq\/#breadcrumb\",\"itemListElement\":[{\"@type\":\"ListItem\",\"position\":1,\"name\":\"Home\",\"item\":\"https:\/\/rohs-administratie.nl\/en\/\"},{\"@type\":\"ListItem\",\"position\":2,\"name\":\"FAQ\"}]},{\"@type\":\"WebSite\",\"@id\":\"https:\/\/rohs-administratie.nl\/en\/#website\",\"url\":\"https:\/\/rohs-administratie.nl\/en\/\",\"name\":\"ROHS Administratie\",\"description\":\"Profesjonalna ksi\u0119gowo\u015b\u0107 i doradztwo biznesowe w Holandii\",\"publisher\":{\"@id\":\"https:\/\/rohs-administratie.nl\/en\/#organization\"},\"potentialAction\":[{\"@type\":\"SearchAction\",\"target\":{\"@type\":\"EntryPoint\",\"urlTemplate\":\"https:\/\/rohs-administratie.nl\/en\/?s={search_term_string}\"},\"query-input\":\"required name=search_term_string\"}],\"inLanguage\":\"en-US\"},{\"@type\":\"Organization\",\"@id\":\"https:\/\/rohs-administratie.nl\/en\/#organization\",\"name\":\"PCS Diensten\",\"url\":\"https:\/\/rohs-administratie.nl\/en\/\",\"logo\":{\"@type\":\"ImageObject\",\"inLanguage\":\"en-US\",\"@id\":\"https:\/\/rohs-administratie.nl\/en\/#\/schema\/logo\/image\/\",\"url\":\"https:\/\/rohs-administratie.nl\/wp-content\/uploads\/2021\/12\/rohs-logo-250x74-1.svg\",\"contentUrl\":\"https:\/\/rohs-administratie.nl\/wp-content\/uploads\/2021\/12\/rohs-logo-250x74-1.svg\",\"caption\":\"PCS Diensten\"},\"image\":{\"@id\":\"https:\/\/rohs-administratie.nl\/en\/#\/schema\/logo\/image\/\"}}]}<\/script>\n<!-- \/ Yoast SEO plugin. -->","yoast_head_json":{"title":"FAQ | ROHS Administratie","robots":{"index":"index","follow":"follow","max-snippet":"max-snippet:-1","max-image-preview":"max-image-preview:large","max-video-preview":"max-video-preview:-1"},"canonical":"https:\/\/rohs-administratie.nl\/en\/faq\/","og_locale":"en_US","og_type":"article","og_title":"FAQ | ROHS Administratie","og_description":"Frequently Asked Questions Ask for an offer Click here FAQ In which region does ROHS Administratie operate? We operate throughout the Netherlands Is it possible to &hellip; FAQ Czytaj dalej \u00bb","og_url":"https:\/\/rohs-administratie.nl\/en\/faq\/","og_site_name":"ROHS Administratie","article_modified_time":"2023-12-01T05:57:32+00:00","twitter_card":"summary_large_image","twitter_misc":{"Est. reading time":"1 minute"},"schema":{"@context":"https:\/\/schema.org","@graph":[{"@type":"WebPage","@id":"https:\/\/rohs-administratie.nl\/en\/faq\/","url":"https:\/\/rohs-administratie.nl\/en\/faq\/","name":"FAQ | ROHS Administratie","isPartOf":{"@id":"https:\/\/rohs-administratie.nl\/en\/#website"},"datePublished":"2022-03-19T19:17:37+00:00","dateModified":"2023-12-01T05:57:32+00:00","breadcrumb":{"@id":"https:\/\/rohs-administratie.nl\/en\/faq\/#breadcrumb"},"inLanguage":"en-US","potentialAction":[{"@type":"ReadAction","target":["https:\/\/rohs-administratie.nl\/en\/faq\/"]}]},{"@type":"BreadcrumbList","@id":"https:\/\/rohs-administratie.nl\/en\/faq\/#breadcrumb","itemListElement":[{"@type":"ListItem","position":1,"name":"Home","item":"https:\/\/rohs-administratie.nl\/en\/"},{"@type":"ListItem","position":2,"name":"FAQ"}]},{"@type":"WebSite","@id":"https:\/\/rohs-administratie.nl\/en\/#website","url":"https:\/\/rohs-administratie.nl\/en\/","name":"ROHS Administratie","description":"Profesjonalna ksi\u0119gowo\u015b\u0107 i doradztwo biznesowe w Holandii","publisher":{"@id":"https:\/\/rohs-administratie.nl\/en\/#organization"},"potentialAction":[{"@type":"SearchAction","target":{"@type":"EntryPoint","urlTemplate":"https:\/\/rohs-administratie.nl\/en\/?s={search_term_string}"},"query-input":"required name=search_term_string"}],"inLanguage":"en-US"},{"@type":"Organization","@id":"https:\/\/rohs-administratie.nl\/en\/#organization","name":"PCS Diensten","url":"https:\/\/rohs-administratie.nl\/en\/","logo":{"@type":"ImageObject","inLanguage":"en-US","@id":"https:\/\/rohs-administratie.nl\/en\/#\/schema\/logo\/image\/","url":"https:\/\/rohs-administratie.nl\/wp-content\/uploads\/2021\/12\/rohs-logo-250x74-1.svg","contentUrl":"https:\/\/rohs-administratie.nl\/wp-content\/uploads\/2021\/12\/rohs-logo-250x74-1.svg","caption":"PCS Diensten"},"image":{"@id":"https:\/\/rohs-administratie.nl\/en\/#\/schema\/logo\/image\/"}}]}},"_links":{"self":[{"href":"https:\/\/rohs-administratie.nl\/en\/wp-json\/wp\/v2\/pages\/3307"}],"collection":[{"href":"https:\/\/rohs-administratie.nl\/en\/wp-json\/wp\/v2\/pages"}],"about":[{"href":"https:\/\/rohs-administratie.nl\/en\/wp-json\/wp\/v2\/types\/page"}],"author":[{"embeddable":true,"href":"https:\/\/rohs-administratie.nl\/en\/wp-json\/wp\/v2\/users\/1"}],"replies":[{"embeddable":true,"href":"https:\/\/rohs-administratie.nl\/en\/wp-json\/wp\/v2\/comments?post=3307"}],"version-history":[{"count":3,"href":"https:\/\/rohs-administratie.nl\/en\/wp-json\/wp\/v2\/pages\/3307\/revisions"}],"predecessor-version":[{"id":4043,"href":"https:\/\/rohs-administratie.nl\/en\/wp-json\/wp\/v2\/pages\/3307\/revisions\/4043"}],"wp:attachment":[{"href":"https:\/\/rohs-administratie.nl\/en\/wp-json\/wp\/v2\/media?parent=3307"}],"curies":[{"name":"wp","href":"https:\/\/api.w.org\/{rel}","templated":true}]}}