{"id":3309,"date":"2022-03-19T20:23:00","date_gmt":"2022-03-19T19:23:00","guid":{"rendered":"https:\/\/rohs-administratie.nl\/for-individuals\/"},"modified":"2023-12-01T06:57:03","modified_gmt":"2023-12-01T05:57:03","slug":"for-individuals","status":"publish","type":"page","link":"https:\/\/rohs-administratie.nl\/en\/for-individuals\/","title":{"rendered":"For individuals"},"content":{"rendered":"\n\n\t<h1>\n\t\t\t\tFor individuals\n\t\t\t<\/h1>\n\t\t\t<span><span><a href=\"https:\/\/rohs-administratie.nl\/en\/\">Home<\/a><\/span><\/span>\t\n\t\t<h3>Ask for an offer<\/h3>\n\t\t\t<a href=\"https:\/\/rohs-administratie.nl\/en\/contact\/\" target=\"_blank\" rel=\"noopener\">\n\t\t\t\t\t\tClick here\n\t\t\t\t\t<\/a>\n\t<h2>\n\t\t\t\tServices for individuals\n\t\t\t<\/h2>\n\t\t<h3>Tax settlements<\/h3>\t\t\t\n\t\t\t\t<p>We conduct tax settlements up to 5 years back.<\/p>\n\t\t<h3>The M form<\/h3>\t\t\t\n\t\t\t\t<p>We provide complete income tax settlement service with the M form for people who imigrated to or emigrated from the Netherlands.<\/p>\n\t\t<h3>Translations<\/h3>\t\t\t\n\t\t\t\t<p>We help with translations related to cases in the Netherlands. In addition, we can be your assistant for meetings as an interpreter.<\/p>\n\t\t<h3>Issues with the institutions<\/h3>\t\t\t\n\t\t\t\t<p>We assist in matters related to schools, municipalities, police and other institutions.<\/p>\n\t\t<h3>Private matters<\/h3>\t\t\t\n\t\t\t\t<p>We help with private matters such as writing letters or making phone calls.<\/p>\n\t\t<h3>Adjustments to complex settlements<\/h3>\t\t\t\n\t\t\t\t<p>Have you made a mistake in complex settlements or do not know if they are filled in correctly? We help with corrections of complex settlements.<\/p>\n\t\t<h3>Co-financing<\/h3>\t\t\t\n\t\t\t\t<p>You may be eligible for a grant. We help you choose and finalize the grant.<\/p>\n\t\t<h3>Allowances<\/h3>\t\t\t\n\t\t\t\t<p>We help with family benefits, sickness benefits and curfew.<\/p>\n\t\t<h3>Health insurance<\/h3>\t\t\t\n\t\t\t\t<p>We help you choose the right health insurance.<\/p>\n\t\t<h3>First steps in Holland<\/h3>\t\t\t\n\t\t\t\t<p>Advice for newcomers to the Netherlands.<\/p>\n\t<h3>\n\t\t\t\tAre you interested?\n\t\t\t<\/h3>\n\t\t\t<a href=\"https:\/\/rohs-administratie.nl\/en\/contact\/\" target=\"_self\" role=\"button\" aria-label=\"Contact us\" rel=\"noopener\">\n\t\t\t\t\t\t\tContact us\n\t\t<\/a>\n\n","protected":false},"excerpt":{"rendered":"<p>For individuals Ask for an offer Click here Services for individuals Tax settlements We conduct tax settlements up to 5 years back. The M form We &hellip;<\/p>\n<p class=\"read-more\"> <a class=\"\" href=\"https:\/\/rohs-administratie.nl\/en\/for-individuals\/\"> <span class=\"screen-reader-text\">For individuals<\/span> Czytaj dalej \u00bb<\/a><\/p>\n","protected":false},"author":1,"featured_media":0,"parent":0,"menu_order":0,"comment_status":"closed","ping_status":"closed","template":"","meta":{"site-sidebar-layout":"no-sidebar","site-content-layout":"page-builder","ast-site-content-layout":"","site-content-style":"default","site-sidebar-style":"default","ast-global-header-display":"","ast-banner-title-visibility":"","ast-main-header-display":"","ast-hfb-above-header-display":"","ast-hfb-below-header-display":"","ast-hfb-mobile-header-display":"","site-post-title":"disabled","ast-breadcrumbs-content":"","ast-featured-img":"disabled","footer-sml-layout":"","theme-transparent-header-meta":"default","adv-header-id-meta":"","stick-header-meta":"","header-above-stick-meta":"","header-main-stick-meta":"","header-below-stick-meta":"","astra-migrate-meta-layouts":"","ast-page-background-enabled":"default","ast-page-background-meta":{"desktop":{"background-color":"","background-image":"","background-repeat":"repeat","background-position":"center center","background-size":"auto","background-attachment":"scroll","background-type":"","background-media":"","overlay-type":"","overlay-color":"","overlay-gradient":""},"tablet":{"background-color":"","background-image":"","background-repeat":"repeat","background-position":"center center","background-size":"auto","background-attachment":"scroll","background-type":"","background-media":"","overlay-type":"","overlay-color":"","overlay-gradient":""},"mobile":{"background-color":"","background-image":"","background-repeat":"repeat","background-position":"center center","background-size":"auto","background-attachment":"scroll","background-type":"","background-media":"","overlay-type":"","overlay-color":"","overlay-gradient":""}},"ast-content-background-meta":{"desktop":{"background-color":"var(--ast-global-color-5)","background-image":"","background-repeat":"repeat","background-position":"center center","background-size":"auto","background-attachment":"scroll","background-type":"","background-media":"","overlay-type":"","overlay-color":"","overlay-gradient":""},"tablet":{"background-color":"var(--ast-global-color-5)","background-image":"","background-repeat":"repeat","background-position":"center center","background-size":"auto","background-attachment":"scroll","background-type":"","background-media":"","overlay-type":"","overlay-color":"","overlay-gradient":""},"mobile":{"background-color":"var(--ast-global-color-5)","background-image":"","background-repeat":"repeat","background-position":"center center","background-size":"auto","background-attachment":"scroll","background-type":"","background-media":"","overlay-type":"","overlay-color":"","overlay-gradient":""}},"footnotes":""},"yoast_head":"<!-- This site is optimized with the Yoast SEO plugin v21.6 - https:\/\/yoast.com\/wordpress\/plugins\/seo\/ -->\n<title>For individuals | ROHS Administratie<\/title>\n<meta name=\"robots\" content=\"index, follow, max-snippet:-1, max-image-preview:large, max-video-preview:-1\" \/>\n<link rel=\"canonical\" href=\"https:\/\/rohs-administratie.nl\/en\/for-individuals\/\" \/>\n<meta property=\"og:locale\" content=\"en_US\" \/>\n<meta property=\"og:type\" content=\"article\" \/>\n<meta property=\"og:title\" content=\"For individuals | ROHS Administratie\" \/>\n<meta property=\"og:description\" content=\"For individuals Ask for an offer Click here Services for individuals Tax settlements We conduct tax settlements up to 5 years back. The M form We &hellip; For individuals Czytaj dalej \u00bb\" \/>\n<meta property=\"og:url\" content=\"https:\/\/rohs-administratie.nl\/en\/for-individuals\/\" \/>\n<meta property=\"og:site_name\" content=\"ROHS Administratie\" \/>\n<meta property=\"article:modified_time\" content=\"2023-12-01T05:57:03+00:00\" \/>\n<meta name=\"twitter:card\" content=\"summary_large_image\" \/>\n<meta name=\"twitter:label1\" content=\"Est. reading time\" \/>\n\t<meta name=\"twitter:data1\" content=\"1 minute\" \/>\n<script type=\"application\/ld+json\" class=\"yoast-schema-graph\">{\"@context\":\"https:\/\/schema.org\",\"@graph\":[{\"@type\":\"WebPage\",\"@id\":\"https:\/\/rohs-administratie.nl\/en\/for-individuals\/\",\"url\":\"https:\/\/rohs-administratie.nl\/en\/for-individuals\/\",\"name\":\"For individuals | ROHS Administratie\",\"isPartOf\":{\"@id\":\"https:\/\/rohs-administratie.nl\/en\/#website\"},\"datePublished\":\"2022-03-19T19:23:00+00:00\",\"dateModified\":\"2023-12-01T05:57:03+00:00\",\"breadcrumb\":{\"@id\":\"https:\/\/rohs-administratie.nl\/en\/for-individuals\/#breadcrumb\"},\"inLanguage\":\"en-US\",\"potentialAction\":[{\"@type\":\"ReadAction\",\"target\":[\"https:\/\/rohs-administratie.nl\/en\/for-individuals\/\"]}]},{\"@type\":\"BreadcrumbList\",\"@id\":\"https:\/\/rohs-administratie.nl\/en\/for-individuals\/#breadcrumb\",\"itemListElement\":[{\"@type\":\"ListItem\",\"position\":1,\"name\":\"Home\",\"item\":\"https:\/\/rohs-administratie.nl\/en\/\"},{\"@type\":\"ListItem\",\"position\":2,\"name\":\"For individuals\"}]},{\"@type\":\"WebSite\",\"@id\":\"https:\/\/rohs-administratie.nl\/en\/#website\",\"url\":\"https:\/\/rohs-administratie.nl\/en\/\",\"name\":\"ROHS Administratie\",\"description\":\"Profesjonalna ksi\u0119gowo\u015b\u0107 i doradztwo biznesowe w Holandii\",\"publisher\":{\"@id\":\"https:\/\/rohs-administratie.nl\/en\/#organization\"},\"potentialAction\":[{\"@type\":\"SearchAction\",\"target\":{\"@type\":\"EntryPoint\",\"urlTemplate\":\"https:\/\/rohs-administratie.nl\/en\/?s={search_term_string}\"},\"query-input\":\"required name=search_term_string\"}],\"inLanguage\":\"en-US\"},{\"@type\":\"Organization\",\"@id\":\"https:\/\/rohs-administratie.nl\/en\/#organization\",\"name\":\"PCS Diensten\",\"url\":\"https:\/\/rohs-administratie.nl\/en\/\",\"logo\":{\"@type\":\"ImageObject\",\"inLanguage\":\"en-US\",\"@id\":\"https:\/\/rohs-administratie.nl\/en\/#\/schema\/logo\/image\/\",\"url\":\"https:\/\/rohs-administratie.nl\/wp-content\/uploads\/2021\/12\/rohs-logo-250x74-1.svg\",\"contentUrl\":\"https:\/\/rohs-administratie.nl\/wp-content\/uploads\/2021\/12\/rohs-logo-250x74-1.svg\",\"caption\":\"PCS Diensten\"},\"image\":{\"@id\":\"https:\/\/rohs-administratie.nl\/en\/#\/schema\/logo\/image\/\"}}]}<\/script>\n<!-- \/ Yoast SEO plugin. -->","yoast_head_json":{"title":"For individuals | ROHS Administratie","robots":{"index":"index","follow":"follow","max-snippet":"max-snippet:-1","max-image-preview":"max-image-preview:large","max-video-preview":"max-video-preview:-1"},"canonical":"https:\/\/rohs-administratie.nl\/en\/for-individuals\/","og_locale":"en_US","og_type":"article","og_title":"For individuals | ROHS Administratie","og_description":"For individuals Ask for an offer Click here Services for individuals Tax settlements We conduct tax settlements up to 5 years back. The M form We &hellip; For individuals Czytaj dalej \u00bb","og_url":"https:\/\/rohs-administratie.nl\/en\/for-individuals\/","og_site_name":"ROHS Administratie","article_modified_time":"2023-12-01T05:57:03+00:00","twitter_card":"summary_large_image","twitter_misc":{"Est. reading time":"1 minute"},"schema":{"@context":"https:\/\/schema.org","@graph":[{"@type":"WebPage","@id":"https:\/\/rohs-administratie.nl\/en\/for-individuals\/","url":"https:\/\/rohs-administratie.nl\/en\/for-individuals\/","name":"For individuals | ROHS Administratie","isPartOf":{"@id":"https:\/\/rohs-administratie.nl\/en\/#website"},"datePublished":"2022-03-19T19:23:00+00:00","dateModified":"2023-12-01T05:57:03+00:00","breadcrumb":{"@id":"https:\/\/rohs-administratie.nl\/en\/for-individuals\/#breadcrumb"},"inLanguage":"en-US","potentialAction":[{"@type":"ReadAction","target":["https:\/\/rohs-administratie.nl\/en\/for-individuals\/"]}]},{"@type":"BreadcrumbList","@id":"https:\/\/rohs-administratie.nl\/en\/for-individuals\/#breadcrumb","itemListElement":[{"@type":"ListItem","position":1,"name":"Home","item":"https:\/\/rohs-administratie.nl\/en\/"},{"@type":"ListItem","position":2,"name":"For individuals"}]},{"@type":"WebSite","@id":"https:\/\/rohs-administratie.nl\/en\/#website","url":"https:\/\/rohs-administratie.nl\/en\/","name":"ROHS Administratie","description":"Profesjonalna ksi\u0119gowo\u015b\u0107 i doradztwo biznesowe w Holandii","publisher":{"@id":"https:\/\/rohs-administratie.nl\/en\/#organization"},"potentialAction":[{"@type":"SearchAction","target":{"@type":"EntryPoint","urlTemplate":"https:\/\/rohs-administratie.nl\/en\/?s={search_term_string}"},"query-input":"required name=search_term_string"}],"inLanguage":"en-US"},{"@type":"Organization","@id":"https:\/\/rohs-administratie.nl\/en\/#organization","name":"PCS Diensten","url":"https:\/\/rohs-administratie.nl\/en\/","logo":{"@type":"ImageObject","inLanguage":"en-US","@id":"https:\/\/rohs-administratie.nl\/en\/#\/schema\/logo\/image\/","url":"https:\/\/rohs-administratie.nl\/wp-content\/uploads\/2021\/12\/rohs-logo-250x74-1.svg","contentUrl":"https:\/\/rohs-administratie.nl\/wp-content\/uploads\/2021\/12\/rohs-logo-250x74-1.svg","caption":"PCS Diensten"},"image":{"@id":"https:\/\/rohs-administratie.nl\/en\/#\/schema\/logo\/image\/"}}]}},"_links":{"self":[{"href":"https:\/\/rohs-administratie.nl\/en\/wp-json\/wp\/v2\/pages\/3309"}],"collection":[{"href":"https:\/\/rohs-administratie.nl\/en\/wp-json\/wp\/v2\/pages"}],"about":[{"href":"https:\/\/rohs-administratie.nl\/en\/wp-json\/wp\/v2\/types\/page"}],"author":[{"embeddable":true,"href":"https:\/\/rohs-administratie.nl\/en\/wp-json\/wp\/v2\/users\/1"}],"replies":[{"embeddable":true,"href":"https:\/\/rohs-administratie.nl\/en\/wp-json\/wp\/v2\/comments?post=3309"}],"version-history":[{"count":3,"href":"https:\/\/rohs-administratie.nl\/en\/wp-json\/wp\/v2\/pages\/3309\/revisions"}],"predecessor-version":[{"id":4042,"href":"https:\/\/rohs-administratie.nl\/en\/wp-json\/wp\/v2\/pages\/3309\/revisions\/4042"}],"wp:attachment":[{"href":"https:\/\/rohs-administratie.nl\/en\/wp-json\/wp\/v2\/media?parent=3309"}],"curies":[{"name":"wp","href":"https:\/\/api.w.org\/{rel}","templated":true}]}}