{"id":3170,"date":"2022-03-19T20:08:08","date_gmt":"2022-03-19T19:08:08","guid":{"rendered":"https:\/\/rohs-administratie.nl\/over-ons\/"},"modified":"2025-12-14T01:29:07","modified_gmt":"2025-12-14T00:29:07","slug":"over-ons","status":"publish","type":"page","link":"https:\/\/rohs-administratie.nl\/nl\/over-ons\/","title":{"rendered":"Over ons"},"content":{"rendered":"\n\n\t<h1>\n\t\t\t\tOver ons\n\t\t\t<\/h1>\n\t\t\t<span><span><a href=\"https:\/\/rohs-administratie.nl\/nl\/\">Home<\/a><\/span><\/span>\t\n\t\t<h3>Vraag een offerte aan<\/h3>\n\t\t\t<a href=\"https:\/\/rohs-administratie.nl\/nl\/contact\/\" target=\"_blank\" rel=\"noopener\">\n\t\t\t\t\t\tKlik hier\n\t\t\t\t\t<\/a>\n\t<h2>\n\t\t\t\tOver ons\n\t\t\t<\/h2>\n\t\t\t\t<img loading=\"lazy\" decoding=\"async\" src=\"https:\/\/rohs-administratie.nl\/wp-content\/uploads\/2022\/03\/Mariusz-300x300.jpg\" alt=\"Mariusz\" itemprop=\"image\" height=\"300\" width=\"300\" title=\"Mariusz\" onerror=\"this.style.display='none'\"  \/>\n<h3>\n\t\tMariusz Rohs\n\t<\/h3>\n\t\t\t\t<img loading=\"lazy\" decoding=\"async\" src=\"https:\/\/rohs-administratie.nl\/wp-content\/uploads\/2022\/07\/Marek-300x300.jpg\" alt=\"Marek\" itemprop=\"image\" height=\"300\" width=\"300\" title=\"Marek\" onerror=\"this.style.display='none'\"  \/>\n<h3>\n\t\tMarek Czerniak\n\t<\/h3>\n<h2>\n\t\tWij helpen u en uw bedrijf succesvol te zijn\n\t<\/h2>\n\t\t\t\t<img decoding=\"async\" src=\"https:\/\/pro.demos.wpbeaverbuilder.com\/wp-content\/uploads\/sites\/29\/2021\/08\/jon-tyson-8MMtYM_3xMY-unsplash-1024x768.jpg\" alt=\"\" itemprop=\"image\" onerror=\"this.style.display='none'\"  \/>\n<h4>\n\t\tNeem contact met ons op, laten we samen een kopje koffie drinken en praten over uw bedrijf \n\t<\/h4>\n<h2>\n\t\tOnze vaardigheden en ervaring\n\t<\/h2>\n\t<p>Wij zijn al jaren actief in de markt en hebben uitgebreide kennis en ervaring met breed begrepen administratieve en boekhoudkundige diensten in Nederland.<\/p>\nWij helpen zowel particulieren als zakelijke klanten. En dit is in elke fase van het functioneren in het land van de tulpen. Wij helpen zowel diegenen die hun eerste stappen in Nederland zetten en bijvoorbeeld behoefte hebben aan advies, het openen van een bankrekening of het afsluiten van een verzekering, maar ook diegenen die zich hier al meer hebben gevestigd of van plan zijn dat te gaan doen. Wij vullen aanvragen voor add-ons in en maken een jaarlijkse afrekening.<br \/>\nEen overzicht van diensten voor particulieren vindt u op de subpagina &#8220;Voor particulieren&#8221;.\nVoor mensen die een eigen bedrijf willen starten in Nederland of al een eigen bedrijf hebben, hebben we een even breed aanbod. U kunt rekenen op uitgebreide dienstverlening in elk aspect van het runnen van een bedrijf in Nederland.<br \/>\nMeer over diensten voor bedrijven in Nederland vindt u op de subpagina &#8220;Voor bedrijven&#8221;. \n\t\t\t\t\tZakelijke diensten\n\t\t\t\t\t92%\t\t\t\t\n\t\t\t\t\tDiensten voor particulieren\n\t\t\t\t\t65%\t\t\t\t\n\t\t\t\t\tAndere diensten\n\t\t\t\t\t25%\t\t\t\t\n\t<iframe src=\"https:\/\/www.google.com\/maps\/embed\/v1\/place?q=Bordewijklaan+38+2591+XR+Den+Haag&#038;key=AIzaSyD09zQ9PNDNNy9TadMuzRV_UsPUoWKntt8\" aria-hidden=\"true\" title=\"ROHS Administratie B.V.\"><\/iframe>\n\t<iframe src=\"https:\/\/www.google.com\/maps\/embed?pb=!1m28!1m12!1m3!1d1001.3640200474305!2d4.363065176637954!3d52.08980803751092!2m3!1f0!2f0!3f0!3m2!1i1024!2i768!4f13.1!4m13!3e6!4m5!1s0x47c5b797ef2a4d49%3A0x33f2e89edb94ba28!2sFinnenburg%20202%2C%20Den%20Haag!3m2!1d52.0902491!2d4.3627058!4m5!1s0x47c5b7962a1cd9c1%3A0x8571309e983bb91a!2sBordewijklaan%2038%202591%20XR%20Den%20Haag!3m2!1d52.089370599999995!2d4.3650378!5e0!3m2!1spl!2snl!4v1646086795478!5m2!1spl!2snl\" width=\"750\" height=\"250\" allowfullscreen=\"\" loading=\"lazy\"><\/iframe>\n<h2>\n\t\tOnze locatie\n\t<\/h2>\n\t<p>Parkeren kan onder het kantoorgebouw op plaatsen gemarkeerd met een witte stippellijn &#8211; max 1 uur of aan de Finnenburgstraat 202 naast de witte brug &#8211; <strong>gratis parkeren<\/strong>.<\/p>\n\t\t\t\t<img loading=\"lazy\" decoding=\"async\" src=\"https:\/\/rohs-administratie.nl\/wp-content\/uploads\/2022\/03\/siedziba.jpg\" alt=\"hoofdkwartier\" itemprop=\"image\" height=\"512\" width=\"768\" title=\"hoofdkwartier\" onerror=\"this.style.display='none'\"  \/>\n<h2>\n\t\tBen jij een student en op zoek naar een stageplek waar jij je kan ontwikkelen?\n\t<\/h2>\n\t\t\t<a href=\"https:\/\/rohs-administratie.nl\/nl\/contact\/\" target=\"_self\" role=\"button\" aria-label=\"Neem contact met ons op\" rel=\"noopener\">\n\t\t\t\t\t\t\tNeem contact met ons op\n\t\t<\/a>\n\t<p>Rohs Administratie B.V. is een erkend leerbedrijf waar jaarlijks meerdere studenten hun stage hebben afgerond. Neem dan contact met ons op.<\/p>\n\t\t\t\t<img loading=\"lazy\" decoding=\"async\" src=\"https:\/\/rohs-administratie.nl\/wp-content\/uploads\/2022\/01\/sbb-leerbedrijf-logo-p-500.png\" alt=\"SBB logo\" itemprop=\"image\" height=\"286\" width=\"500\" title=\"SBB logo\" onerror=\"this.style.display='none'\"  \/>\n\t<h4>\n\t\t\t\tJe kunt ons vinden op de website <a href=\"https:\/\/zoeken-mijn.s-bb.nl\/Home\/Details?leerbedrijfId=100433469\" target=\"_blank\" rel=\"noopener\">mijn.s-bb.nl<\/a>\n\t\t\t<\/h4>\n\n","protected":false},"excerpt":{"rendered":"<p>Over ons Vraag een offerte aan Klik hier Over ons Mariusz Rohs Marek Czerniak Wij helpen u en uw bedrijf succesvol te zijn Neem contact met &hellip;<\/p>\n<p class=\"read-more\"> <a class=\"\" href=\"https:\/\/rohs-administratie.nl\/nl\/over-ons\/\"> <span class=\"screen-reader-text\">Over ons<\/span> Czytaj dalej \u00bb<\/a><\/p>\n","protected":false},"author":1,"featured_media":0,"parent":0,"menu_order":0,"comment_status":"closed","ping_status":"closed","template":"","meta":{"site-sidebar-layout":"no-sidebar","site-content-layout":"page-builder","ast-site-content-layout":"","site-content-style":"default","site-sidebar-style":"default","ast-global-header-display":"","ast-banner-title-visibility":"","ast-main-header-display":"","ast-hfb-above-header-display":"","ast-hfb-below-header-display":"","ast-hfb-mobile-header-display":"","site-post-title":"disabled","ast-breadcrumbs-content":"","ast-featured-img":"disabled","footer-sml-layout":"","theme-transparent-header-meta":"default","adv-header-id-meta":"","stick-header-meta":"","header-above-stick-meta":"","header-main-stick-meta":"","header-below-stick-meta":"","astra-migrate-meta-layouts":"","ast-page-background-enabled":"default","ast-page-background-meta":{"desktop":{"background-color":"","background-image":"","background-repeat":"repeat","background-position":"center center","background-size":"auto","background-attachment":"scroll","background-type":"","background-media":"","overlay-type":"","overlay-color":"","overlay-gradient":""},"tablet":{"background-color":"","background-image":"","background-repeat":"repeat","background-position":"center center","background-size":"auto","background-attachment":"scroll","background-type":"","background-media":"","overlay-type":"","overlay-color":"","overlay-gradient":""},"mobile":{"background-color":"","background-image":"","background-repeat":"repeat","background-position":"center center","background-size":"auto","background-attachment":"scroll","background-type":"","background-media":"","overlay-type":"","overlay-color":"","overlay-gradient":""}},"ast-content-background-meta":{"desktop":{"background-color":"var(--ast-global-color-5)","background-image":"","background-repeat":"repeat","background-position":"center center","background-size":"auto","background-attachment":"scroll","background-type":"","background-media":"","overlay-type":"","overlay-color":"","overlay-gradient":""},"tablet":{"background-color":"var(--ast-global-color-5)","background-image":"","background-repeat":"repeat","background-position":"center center","background-size":"auto","background-attachment":"scroll","background-type":"","background-media":"","overlay-type":"","overlay-color":"","overlay-gradient":""},"mobile":{"background-color":"var(--ast-global-color-5)","background-image":"","background-repeat":"repeat","background-position":"center center","background-size":"auto","background-attachment":"scroll","background-type":"","background-media":"","overlay-type":"","overlay-color":"","overlay-gradient":""}},"footnotes":""},"yoast_head":"<!-- This site is optimized with the Yoast SEO plugin v21.6 - https:\/\/yoast.com\/wordpress\/plugins\/seo\/ -->\n<title>Over ons | ROHS Administratie<\/title>\n<meta name=\"robots\" content=\"index, follow, max-snippet:-1, max-image-preview:large, max-video-preview:-1\" \/>\n<link rel=\"canonical\" href=\"https:\/\/rohs-administratie.nl\/nl\/over-ons\/\" \/>\n<meta property=\"og:locale\" content=\"nl_NL\" \/>\n<meta property=\"og:type\" content=\"article\" \/>\n<meta property=\"og:title\" content=\"Over ons | ROHS Administratie\" \/>\n<meta property=\"og:description\" content=\"Over ons Vraag een offerte aan Klik hier Over ons Mariusz Rohs Marek Czerniak Wij helpen u en uw bedrijf succesvol te zijn Neem contact met &hellip; Over ons Czytaj dalej \u00bb\" \/>\n<meta property=\"og:url\" content=\"https:\/\/rohs-administratie.nl\/nl\/over-ons\/\" \/>\n<meta property=\"og:site_name\" content=\"ROHS Administratie\" \/>\n<meta property=\"article:modified_time\" content=\"2025-12-14T00:29:07+00:00\" \/>\n<meta property=\"og:image\" content=\"https:\/\/rohs-administratie.nl\/wp-content\/uploads\/2022\/03\/Mariusz-300x300.jpg\" \/>\n<meta name=\"twitter:card\" content=\"summary_large_image\" \/>\n<meta name=\"twitter:label1\" content=\"Geschatte leestijd\" \/>\n\t<meta name=\"twitter:data1\" content=\"2 minuten\" \/>\n<script type=\"application\/ld+json\" class=\"yoast-schema-graph\">{\"@context\":\"https:\/\/schema.org\",\"@graph\":[{\"@type\":\"WebPage\",\"@id\":\"https:\/\/rohs-administratie.nl\/nl\/over-ons\/\",\"url\":\"https:\/\/rohs-administratie.nl\/nl\/over-ons\/\",\"name\":\"Over ons | ROHS Administratie\",\"isPartOf\":{\"@id\":\"https:\/\/rohs-administratie.nl\/nl\/#website\"},\"datePublished\":\"2022-03-19T19:08:08+00:00\",\"dateModified\":\"2025-12-14T00:29:07+00:00\",\"breadcrumb\":{\"@id\":\"https:\/\/rohs-administratie.nl\/nl\/over-ons\/#breadcrumb\"},\"inLanguage\":\"nl-NL\",\"potentialAction\":[{\"@type\":\"ReadAction\",\"target\":[\"https:\/\/rohs-administratie.nl\/nl\/over-ons\/\"]}]},{\"@type\":\"BreadcrumbList\",\"@id\":\"https:\/\/rohs-administratie.nl\/nl\/over-ons\/#breadcrumb\",\"itemListElement\":[{\"@type\":\"ListItem\",\"position\":1,\"name\":\"Home\",\"item\":\"https:\/\/rohs-administratie.nl\/nl\/\"},{\"@type\":\"ListItem\",\"position\":2,\"name\":\"Over ons\"}]},{\"@type\":\"WebSite\",\"@id\":\"https:\/\/rohs-administratie.nl\/nl\/#website\",\"url\":\"https:\/\/rohs-administratie.nl\/nl\/\",\"name\":\"ROHS Administratie\",\"description\":\"Profesjonalna ksi\u0119gowo\u015b\u0107 i doradztwo biznesowe w Holandii\",\"publisher\":{\"@id\":\"https:\/\/rohs-administratie.nl\/nl\/#organization\"},\"potentialAction\":[{\"@type\":\"SearchAction\",\"target\":{\"@type\":\"EntryPoint\",\"urlTemplate\":\"https:\/\/rohs-administratie.nl\/nl\/?s={search_term_string}\"},\"query-input\":\"required name=search_term_string\"}],\"inLanguage\":\"nl-NL\"},{\"@type\":\"Organization\",\"@id\":\"https:\/\/rohs-administratie.nl\/nl\/#organization\",\"name\":\"PCS Diensten\",\"url\":\"https:\/\/rohs-administratie.nl\/nl\/\",\"logo\":{\"@type\":\"ImageObject\",\"inLanguage\":\"nl-NL\",\"@id\":\"https:\/\/rohs-administratie.nl\/nl\/#\/schema\/logo\/image\/\",\"url\":\"https:\/\/rohs-administratie.nl\/wp-content\/uploads\/2021\/12\/rohs-logo-250x74-1.svg\",\"contentUrl\":\"https:\/\/rohs-administratie.nl\/wp-content\/uploads\/2021\/12\/rohs-logo-250x74-1.svg\",\"caption\":\"PCS Diensten\"},\"image\":{\"@id\":\"https:\/\/rohs-administratie.nl\/nl\/#\/schema\/logo\/image\/\"}}]}<\/script>\n<!-- \/ Yoast SEO plugin. -->","yoast_head_json":{"title":"Over ons | ROHS Administratie","robots":{"index":"index","follow":"follow","max-snippet":"max-snippet:-1","max-image-preview":"max-image-preview:large","max-video-preview":"max-video-preview:-1"},"canonical":"https:\/\/rohs-administratie.nl\/nl\/over-ons\/","og_locale":"nl_NL","og_type":"article","og_title":"Over ons | ROHS Administratie","og_description":"Over ons Vraag een offerte aan Klik hier Over ons Mariusz Rohs Marek Czerniak Wij helpen u en uw bedrijf succesvol te zijn Neem contact met &hellip; Over ons Czytaj dalej \u00bb","og_url":"https:\/\/rohs-administratie.nl\/nl\/over-ons\/","og_site_name":"ROHS Administratie","article_modified_time":"2025-12-14T00:29:07+00:00","og_image":[{"url":"https:\/\/rohs-administratie.nl\/wp-content\/uploads\/2022\/03\/Mariusz-300x300.jpg"}],"twitter_card":"summary_large_image","twitter_misc":{"Geschatte leestijd":"2 minuten"},"schema":{"@context":"https:\/\/schema.org","@graph":[{"@type":"WebPage","@id":"https:\/\/rohs-administratie.nl\/nl\/over-ons\/","url":"https:\/\/rohs-administratie.nl\/nl\/over-ons\/","name":"Over ons | ROHS Administratie","isPartOf":{"@id":"https:\/\/rohs-administratie.nl\/nl\/#website"},"datePublished":"2022-03-19T19:08:08+00:00","dateModified":"2025-12-14T00:29:07+00:00","breadcrumb":{"@id":"https:\/\/rohs-administratie.nl\/nl\/over-ons\/#breadcrumb"},"inLanguage":"nl-NL","potentialAction":[{"@type":"ReadAction","target":["https:\/\/rohs-administratie.nl\/nl\/over-ons\/"]}]},{"@type":"BreadcrumbList","@id":"https:\/\/rohs-administratie.nl\/nl\/over-ons\/#breadcrumb","itemListElement":[{"@type":"ListItem","position":1,"name":"Home","item":"https:\/\/rohs-administratie.nl\/nl\/"},{"@type":"ListItem","position":2,"name":"Over ons"}]},{"@type":"WebSite","@id":"https:\/\/rohs-administratie.nl\/nl\/#website","url":"https:\/\/rohs-administratie.nl\/nl\/","name":"ROHS Administratie","description":"Profesjonalna ksi\u0119gowo\u015b\u0107 i doradztwo biznesowe w Holandii","publisher":{"@id":"https:\/\/rohs-administratie.nl\/nl\/#organization"},"potentialAction":[{"@type":"SearchAction","target":{"@type":"EntryPoint","urlTemplate":"https:\/\/rohs-administratie.nl\/nl\/?s={search_term_string}"},"query-input":"required name=search_term_string"}],"inLanguage":"nl-NL"},{"@type":"Organization","@id":"https:\/\/rohs-administratie.nl\/nl\/#organization","name":"PCS Diensten","url":"https:\/\/rohs-administratie.nl\/nl\/","logo":{"@type":"ImageObject","inLanguage":"nl-NL","@id":"https:\/\/rohs-administratie.nl\/nl\/#\/schema\/logo\/image\/","url":"https:\/\/rohs-administratie.nl\/wp-content\/uploads\/2021\/12\/rohs-logo-250x74-1.svg","contentUrl":"https:\/\/rohs-administratie.nl\/wp-content\/uploads\/2021\/12\/rohs-logo-250x74-1.svg","caption":"PCS Diensten"},"image":{"@id":"https:\/\/rohs-administratie.nl\/nl\/#\/schema\/logo\/image\/"}}]}},"_links":{"self":[{"href":"https:\/\/rohs-administratie.nl\/nl\/wp-json\/wp\/v2\/pages\/3170"}],"collection":[{"href":"https:\/\/rohs-administratie.nl\/nl\/wp-json\/wp\/v2\/pages"}],"about":[{"href":"https:\/\/rohs-administratie.nl\/nl\/wp-json\/wp\/v2\/types\/page"}],"author":[{"embeddable":true,"href":"https:\/\/rohs-administratie.nl\/nl\/wp-json\/wp\/v2\/users\/1"}],"replies":[{"embeddable":true,"href":"https:\/\/rohs-administratie.nl\/nl\/wp-json\/wp\/v2\/comments?post=3170"}],"version-history":[{"count":5,"href":"https:\/\/rohs-administratie.nl\/nl\/wp-json\/wp\/v2\/pages\/3170\/revisions"}],"predecessor-version":[{"id":4045,"href":"https:\/\/rohs-administratie.nl\/nl\/wp-json\/wp\/v2\/pages\/3170\/revisions\/4045"}],"wp:attachment":[{"href":"https:\/\/rohs-administratie.nl\/nl\/wp-json\/wp\/v2\/media?parent=3170"}],"curies":[{"name":"wp","href":"https:\/\/api.w.org\/{rel}","templated":true}]}}