{"id":3176,"date":"2022-03-19T20:10:00","date_gmt":"2022-03-19T19:10:00","guid":{"rendered":"https:\/\/rohs-administratie.nl\/contact\/"},"modified":"2025-12-14T01:49:35","modified_gmt":"2025-12-14T00:49:35","slug":"contact","status":"publish","type":"page","link":"https:\/\/rohs-administratie.nl\/nl\/contact\/","title":{"rendered":"Contact"},"content":{"rendered":"\n\n\t<h1>\n\t\t\t\tKontakt\n\t\t\t<\/h1>\n\t\t\t<span><span><a href=\"https:\/\/rohs-administratie.nl\/nl\/\">Home<\/a><\/span><\/span>\t\n\t<h2>\n\t\t\t\tSkontaktuj si\u0119 z nami\n\t\t\t<\/h2>\n\t\t\t<p>Jeste\u015b zainteresowany wsp\u00f3\u0142prac\u0105? Chcesz otrzyma\u0107 ofert\u0119? Potrzebujesz konsultacji, doradztwa lub masz jakie\u015b inne pytanie?<br \/>Jeste\u015bmy do dyspozycji. Zadzwo\u0144 do nas lub wy\u015blij nam wiadomo\u015b\u0107 za pomoc\u0105 poni\u017cszego formularza.<\/p>\t\n\t<h2>\n\t\t\t\tWy\u015blij wiadomo\u015b\u0107\n\t\t\t<\/h2>\n\t<div id=\"quform-133c58\" class=\"quform quform-1 quform-support-page-caching\"><form id=\"quform-form-133c58\" class=\"quform-form quform-form-1\" action=\"\/nl\/wp-json\/wp\/v2\/pages\/3176#quform-133c58\" method=\"post\" enctype=\"multipart\/form-data\" novalidate=\"novalidate\" data-options=\"{&quot;id&quot;:1,&quot;uniqueId&quot;:&quot;133c58&quot;,&quot;theme&quot;:&quot;&quot;,&quot;ajax&quot;:true,&quot;logic&quot;:{&quot;logic&quot;:{&quot;12&quot;:{&quot;action&quot;:true,&quot;match&quot;:&quot;all&quot;,&quot;rules&quot;:[{&quot;elementId&quot;:&quot;11&quot;,&quot;operator&quot;:&quot;eq&quot;,&quot;optionId&quot;:&quot;1&quot;,&quot;value&quot;:&quot;Tak&quot;}]}},&quot;dependents&quot;:{&quot;11&quot;:[12]},&quot;elementIds&quot;:[12],&quot;dependentElementIds&quot;:[&quot;11&quot;],&quot;animate&quot;:true},&quot;currentPageId&quot;:1,&quot;errorsIcon&quot;:&quot;&quot;,&quot;updateFancybox&quot;:true,&quot;hasPages&quot;:false,&quot;pages&quot;:[1],&quot;pageProgressType&quot;:&quot;numbers&quot;,&quot;tooltipsEnabled&quot;:true,&quot;tooltipClasses&quot;:&quot;qtip-quform-dark qtip-shadow&quot;,&quot;tooltipMy&quot;:&quot;left center&quot;,&quot;tooltipAt&quot;:&quot;right center&quot;,&quot;isRtl&quot;:false,&quot;scrollOffset&quot;:-50,&quot;scrollSpeed&quot;:800}\"><button class=\"quform-default-submit\" name=\"quform_submit\" type=\"submit\" value=\"submit\" aria-hidden=\"true\" tabindex=\"-1\"><\/button><div class=\"quform-form-inner quform-form-inner-1\"><input type=\"hidden\" name=\"quform_form_id\" value=\"1\" \/><input type=\"hidden\" name=\"quform_form_uid\" value=\"133c58\" \/><input type=\"hidden\" name=\"quform_count\" value=\"1\" \/><input type=\"hidden\" name=\"form_url\" value=\"https:\/\/rohs-administratie.nl\/nl\/wp-json\/wp\/v2\/pages\/3176\" \/><input type=\"hidden\" name=\"referring_url\" value=\"\" \/><input type=\"hidden\" name=\"post_id\" value=\"\" \/><input type=\"hidden\" name=\"post_title\" value=\"\" \/><input type=\"hidden\" name=\"quform_current_page_id\" value=\"1\" \/><input type=\"hidden\" name=\"quform_csrf_token\" value=\"Fk26A1kDgkeHANEEB6DPSxdLChD9yTcOPvCkFbke\" \/><div class=\"quform-elements quform-elements-1 quform-cf quform-responsive-elements-phone-landscape\"><div class=\"quform-element quform-element-page quform-page-1 quform-page-1_1 quform-cf quform-group-style-plain quform-first-page quform-last-page quform-current-page\"><div class=\"quform-child-elements\"><div class=\"quform-element quform-element-text quform-element-1_4 quform-cf quform-element-required\"><div class=\"quform-spacer\"><div class=\"quform-label quform-label-1_4\"><label class=\"quform-label-text\" for=\"quform_1_4_133c58\">Twoje imi\u0119 i nazwisko<span class=\"quform-required\">*<\/span><\/label><\/div><div class=\"quform-inner quform-inner-text quform-inner-1_4\"><div class=\"quform-input quform-input-text quform-input-1_4 quform-cf quform-has-field-icon-left\"><input type=\"text\" id=\"quform_1_4_133c58\" name=\"quform_1_4\" class=\"quform-field quform-field-text quform-field-1_4\" placeholder=\"np. Jan Kowalski\" \/><span class=\"quform-field-icon quform-field-icon-left\"><i class=\"fa fa-user\"><\/i><\/span><\/div><\/div><\/div><\/div><div class=\"quform-element quform-element-email quform-element-1_5 quform-cf quform-element-required\"><div class=\"quform-spacer\"><div class=\"quform-label quform-label-1_5\"><label class=\"quform-label-text\" for=\"quform_1_5_133c58\">Adres email<span class=\"quform-required\">*<\/span><\/label><\/div><div class=\"quform-inner quform-inner-email quform-inner-1_5\"><div class=\"quform-input quform-input-email quform-input-1_5 quform-cf quform-has-field-icon-left\"><input type=\"email\" id=\"quform_1_5_133c58\" name=\"quform_1_5\" class=\"quform-field quform-field-email quform-field-1_5\" placeholder=\"np. jan.kowalski@gmail.com\" \/><span class=\"quform-field-icon quform-field-icon-left\"><i class=\"fa fa-envelope\"><\/i><\/span><\/div><\/div><\/div><\/div><div class=\"quform-element quform-element-radio quform-element-1_6 quform-cf quform-element-required\"><div class=\"quform-spacer\"><div class=\"quform-label quform-label-1_6\"><label class=\"quform-label-text\" id=\"quform_1_6_133c58_label\">Czy jeste\u015b naszym klientem?<span class=\"quform-required\">*<\/span><\/label><\/div><div class=\"quform-inner quform-inner-radio quform-inner-1_6\"><div class=\"quform-input quform-input-radio quform-input-1_6 quform-cf\"><div class=\"quform-options quform-cf quform-options-inline quform-options-simple\" role=\"radiogroup\" aria-labelledby=\"quform_1_6_133c58_label\"><div class=\"quform-option\"><input type=\"radio\" name=\"quform_1_6\" id=\"quform_1_6_133c58_1\" class=\"quform-field quform-field-radio quform-field-1_6 quform-field-1_6_1\" value=\"Tak\" \/><label for=\"quform_1_6_133c58_1\" class=\"quform-option-label quform-option-label-1_6_1\"><span class=\"quform-option-text\">Tak<\/span><\/label><\/div><div class=\"quform-option\"><input type=\"radio\" name=\"quform_1_6\" id=\"quform_1_6_133c58_2\" class=\"quform-field quform-field-radio quform-field-1_6 quform-field-1_6_2\" value=\"Nie\" \/><label for=\"quform_1_6_133c58_2\" class=\"quform-option-label quform-option-label-1_6_2\"><span class=\"quform-option-text\">Nie<\/span><\/label><\/div><\/div><\/div><\/div><\/div><\/div><div class=\"quform-element quform-element-radio quform-element-1_11 quform-cf quform-element-optional\"><div class=\"quform-spacer\"><div class=\"quform-label quform-label-1_11\"><label class=\"quform-label-text\" id=\"quform_1_11_133c58_label\">Czy chcesz wys\u0142a\u0107 wiadomo\u015b\u0107 do konkretnej osoby z naszej firmy?<\/label><\/div><div class=\"quform-inner quform-inner-radio quform-inner-1_11\"><div class=\"quform-input quform-input-radio quform-input-1_11 quform-cf\"><div class=\"quform-options quform-cf quform-options-inline quform-options-simple\" role=\"radiogroup\" aria-labelledby=\"quform_1_11_133c58_label\"><div class=\"quform-option\"><input type=\"radio\" name=\"quform_1_11\" id=\"quform_1_11_133c58_1\" class=\"quform-field quform-field-radio quform-field-1_11 quform-field-1_11_1\" value=\"Tak\" \/><label for=\"quform_1_11_133c58_1\" class=\"quform-option-label quform-option-label-1_11_1\"><span class=\"quform-option-text\">Tak<\/span><\/label><\/div><div class=\"quform-option\"><input type=\"radio\" name=\"quform_1_11\" id=\"quform_1_11_133c58_2\" class=\"quform-field quform-field-radio quform-field-1_11 quform-field-1_11_2\" value=\"Nie\" checked \/><label for=\"quform_1_11_133c58_2\" class=\"quform-option-label quform-option-label-1_11_2\"><span class=\"quform-option-text\">Nie<\/span><\/label><\/div><\/div><\/div><\/div><\/div><\/div><div class=\"quform-element quform-element-select quform-element-1_12 quform-cf quform-element-optional\"><div class=\"quform-spacer\"><div class=\"quform-label quform-label-1_12\"><label class=\"quform-label-text\" for=\"quform_1_12_133c58\">Do kogo chcesz wys\u0142a\u0107 wiadomo\u015b\u0107?<\/label><\/div><div class=\"quform-inner quform-inner-select quform-inner-1_12 quform-field-width-medium\"><div class=\"quform-input quform-input-select quform-input-1_12 quform-cf\"><select id=\"quform_1_12_133c58\" name=\"quform_1_12\" class=\"quform-field quform-field-select quform-field-1_12\"><option value=\"\" selected=\"selected\">Aub selecteer<\/option><option value=\"mariusz@rohs-administratie.nl\">Mariusz Rohs<\/option><option value=\"marek@rohs-administratie.nl\">Marek Czerniak<\/option><\/select><\/div><\/div><\/div><\/div><div class=\"quform-element quform-element-textarea quform-element-1_7 quform-cf quform-element-optional\"><div class=\"quform-spacer\"><div class=\"quform-label quform-label-1_7\"><label class=\"quform-label-text\" for=\"quform_1_7_133c58\">Tre\u015b\u0107 wiadomo\u015bci \/ zapytania<\/label><\/div><div class=\"quform-inner quform-inner-textarea quform-inner-1_7\"><div class=\"quform-input quform-input-textarea quform-input-1_7 quform-cf quform-has-field-icon-left\"><textarea id=\"quform_1_7_133c58\" name=\"quform_1_7\" class=\"quform-field quform-field-textarea quform-field-1_7\" placeholder=\"Napisz, w czym mo\u017cemy pom\u00f3c\"><\/textarea><span class=\"quform-field-icon quform-field-icon-left\"><i class=\"fa fa-pencil\"><\/i><\/span><\/div><\/div><\/div><\/div><div class=\"quform-element quform-element-checkbox quform-element-1_8 quform-cf quform-element-required\"><div class=\"quform-spacer\"><div class=\"quform-inner quform-inner-checkbox quform-inner-1_8\"><div class=\"quform-input quform-input-checkbox quform-input-1_8 quform-cf\"><div class=\"quform-options quform-cf quform-options-inline quform-options-simple\"><div class=\"quform-option\"><input type=\"checkbox\" name=\"quform_1_8[]\" id=\"quform_1_8_133c58_1\" class=\"quform-field quform-field-checkbox quform-field-1_8 quform-field-1_8_1\" value=\"Wyra\u017cam zgod\u0119 na przetwarzanie moich danych przez ROHS Administratie w celu obs\u0142ugi mojego zg\u0142oszenia\" \/><label for=\"quform_1_8_133c58_1\" class=\"quform-option-label quform-option-label-1_8_1\"><span class=\"quform-option-text\">Wyra\u017cam zgod\u0119 na przetwarzanie moich danych przez ROHS Administratie w celu obs\u0142ugi mojego zg\u0142oszenia<\/span><\/label><\/div><\/div><\/div><\/div><\/div><\/div><div class=\"quform-element quform-element-checkbox quform-element-1_9 quform-cf quform-element-required\"><div class=\"quform-spacer\"><div class=\"quform-inner quform-inner-checkbox quform-inner-1_9\"><div class=\"quform-input quform-input-checkbox quform-input-1_9 quform-cf\"><div class=\"quform-options quform-cf quform-options-inline quform-options-simple\"><div class=\"quform-option\"><input type=\"checkbox\" name=\"quform_1_9[]\" id=\"quform_1_9_133c58_1\" class=\"quform-field quform-field-checkbox quform-field-1_9 quform-field-1_9_1\" value=\"Potwierdzam, \u017ce zapozna\u0142em si\u0119 z Polityk\u0105 Prywatno\u015bci i akceptuj\u0119 jej postanowienia\" \/><label for=\"quform_1_9_133c58_1\" class=\"quform-option-label quform-option-label-1_9_1\"><span class=\"quform-option-text\">Potwierdzam, \u017ce zapozna\u0142em si\u0119 z Polityk\u0105 Prywatno\u015bci i akceptuj\u0119 jej postanowienia<\/span><\/label><\/div><\/div><\/div><\/div><\/div><\/div><div class=\"quform-element quform-element-submit quform-element-1_2 quform-cf quform-button-style-theme\"><div class=\"quform-button-submit quform-button-submit-default quform-button-submit-1_2\"><button name=\"quform_submit\" type=\"submit\" class=\"quform-submit\" value=\"submit\"><span class=\"quform-button-text quform-button-submit-text\">Verzenden<\/span><\/button><\/div><div class=\"quform-loading quform-loading-position-left quform-loading-type-spinner-1\"><div class=\"quform-loading-inner\"><div class=\"quform-loading-spinner\"><div class=\"quform-loading-spinner-inner\"><\/div><\/div><\/div><\/div><\/div><div class=\"quform-element-tree\"><label for=\"quform_1_0_133c58\">Dit veld moet leeg blijven<\/label><input type=\"text\" id=\"quform_1_0_133c58\" name=\"quform_1_0\" class=\"quform-field quform-field-tree quform-field-1_0\" tabindex=\"-1\" autocomplete=\"off\" \/><\/div><\/div><\/div><\/div><\/div><\/form><\/div>\n\t<iframe src=\"https:\/\/www.google.com\/maps\/embed\/v1\/place?q=Bordewijklaan+38%2C+2591XR+Den+Haag&#038;key=AIzaSyD09zQ9PNDNNy9TadMuzRV_UsPUoWKntt8\" aria-hidden=\"true\"><\/iframe>\n\t<h3>\n\t\t\t\tParkowanie\n\t\t\t<\/h3>\n\t\t\t<p>Parkowanie jest mo\u017cliwe pod biurowcem w miejscach oznaczonych przerywan\u0105 bia\u0142\u0105 lini\u0105 &#8211; max 1h lub przy ulicy Finnenburg 202 obok bia\u0142ego mostku &#8211; <strong>parking darmowy<\/strong>.<\/p>\t\n\t<iframe src=\"https:\/\/www.google.com\/maps\/embed?pb=!1m28!1m12!1m3!1d1001.3640200474305!2d4.363065176637954!3d52.08980803751092!2m3!1f0!2f0!3f0!3m2!1i1024!2i768!4f13.1!4m13!3e6!4m5!1s0x47c5b797ef2a4d49%3A0x33f2e89edb94ba28!2sFinnenburg%20202%2C%20Den%20Haag!3m2!1d52.0902491!2d4.3627058!4m5!1s0x47c5b7962a1cd9c1%3A0x8571309e983bb91a!2sBordewijklaan%2038%202591%20XR%20Den%20Haag!3m2!1d52.089370599999995!2d4.3650378!5e0!3m2!1spl!2snl!4v1646086795478!5m2!1spl!2snl\" width=\"750\" height=\"250\" allowfullscreen=\"\" loading=\"lazy\"><\/iframe>\n\n","protected":false},"excerpt":{"rendered":"<p>Kontakt Skontaktuj si\u0119 z nami Jeste\u015b zainteresowany wsp\u00f3\u0142prac\u0105? Chcesz otrzyma\u0107 ofert\u0119? Potrzebujesz konsultacji, doradztwa lub masz jakie\u015b inne pytanie?Jeste\u015bmy do dyspozycji. Zadzwo\u0144 do nas lub wy\u015blij &hellip;<\/p>\n<p class=\"read-more\"> <a class=\"\" href=\"https:\/\/rohs-administratie.nl\/nl\/contact\/\"> <span class=\"screen-reader-text\">Contact<\/span> Czytaj dalej \u00bb<\/a><\/p>\n","protected":false},"author":1,"featured_media":0,"parent":0,"menu_order":0,"comment_status":"closed","ping_status":"closed","template":"","meta":{"site-sidebar-layout":"no-sidebar","site-content-layout":"page-builder","ast-site-content-layout":"","site-content-style":"default","site-sidebar-style":"default","ast-global-header-display":"","ast-banner-title-visibility":"","ast-main-header-display":"","ast-hfb-above-header-display":"","ast-hfb-below-header-display":"","ast-hfb-mobile-header-display":"","site-post-title":"disabled","ast-breadcrumbs-content":"","ast-featured-img":"disabled","footer-sml-layout":"","theme-transparent-header-meta":"default","adv-header-id-meta":"","stick-header-meta":"","header-above-stick-meta":"","header-main-stick-meta":"","header-below-stick-meta":"","astra-migrate-meta-layouts":"","ast-page-background-enabled":"default","ast-page-background-meta":{"desktop":{"background-color":"","background-image":"","background-repeat":"repeat","background-position":"center center","background-size":"auto","background-attachment":"scroll","background-type":"","background-media":"","overlay-type":"","overlay-color":"","overlay-gradient":""},"tablet":{"background-color":"","background-image":"","background-repeat":"repeat","background-position":"center center","background-size":"auto","background-attachment":"scroll","background-type":"","background-media":"","overlay-type":"","overlay-color":"","overlay-gradient":""},"mobile":{"background-color":"","background-image":"","background-repeat":"repeat","background-position":"center center","background-size":"auto","background-attachment":"scroll","background-type":"","background-media":"","overlay-type":"","overlay-color":"","overlay-gradient":""}},"ast-content-background-meta":{"desktop":{"background-color":"var(--ast-global-color-5)","background-image":"","background-repeat":"repeat","background-position":"center center","background-size":"auto","background-attachment":"scroll","background-type":"","background-media":"","overlay-type":"","overlay-color":"","overlay-gradient":""},"tablet":{"background-color":"var(--ast-global-color-5)","background-image":"","background-repeat":"repeat","background-position":"center center","background-size":"auto","background-attachment":"scroll","background-type":"","background-media":"","overlay-type":"","overlay-color":"","overlay-gradient":""},"mobile":{"background-color":"var(--ast-global-color-5)","background-image":"","background-repeat":"repeat","background-position":"center center","background-size":"auto","background-attachment":"scroll","background-type":"","background-media":"","overlay-type":"","overlay-color":"","overlay-gradient":""}},"footnotes":""},"yoast_head":"<!-- This site is optimized with the Yoast SEO plugin v21.6 - https:\/\/yoast.com\/wordpress\/plugins\/seo\/ -->\n<title>Contact | ROHS Administratie<\/title>\n<meta name=\"robots\" content=\"index, follow, max-snippet:-1, max-image-preview:large, max-video-preview:-1\" \/>\n<link rel=\"canonical\" href=\"https:\/\/rohs-administratie.nl\/nl\/contact\/\" \/>\n<meta property=\"og:locale\" content=\"nl_NL\" \/>\n<meta property=\"og:type\" content=\"article\" \/>\n<meta property=\"og:title\" content=\"Contact | ROHS Administratie\" \/>\n<meta property=\"og:description\" content=\"Kontakt Skontaktuj si\u0119 z nami Jeste\u015b zainteresowany wsp\u00f3\u0142prac\u0105? Chcesz otrzyma\u0107 ofert\u0119? Potrzebujesz konsultacji, doradztwa lub masz jakie\u015b inne pytanie?Jeste\u015bmy do dyspozycji. Zadzwo\u0144 do nas lub wy\u015blij &hellip; Contact Czytaj dalej \u00bb\" \/>\n<meta property=\"og:url\" content=\"https:\/\/rohs-administratie.nl\/nl\/contact\/\" \/>\n<meta property=\"og:site_name\" content=\"ROHS Administratie\" \/>\n<meta property=\"article:modified_time\" content=\"2025-12-14T00:49:35+00:00\" \/>\n<meta name=\"twitter:card\" content=\"summary_large_image\" \/>\n<script type=\"application\/ld+json\" class=\"yoast-schema-graph\">{\"@context\":\"https:\/\/schema.org\",\"@graph\":[{\"@type\":\"WebPage\",\"@id\":\"https:\/\/rohs-administratie.nl\/nl\/contact\/\",\"url\":\"https:\/\/rohs-administratie.nl\/nl\/contact\/\",\"name\":\"Contact | ROHS Administratie\",\"isPartOf\":{\"@id\":\"https:\/\/rohs-administratie.nl\/nl\/#website\"},\"datePublished\":\"2022-03-19T19:10:00+00:00\",\"dateModified\":\"2025-12-14T00:49:35+00:00\",\"breadcrumb\":{\"@id\":\"https:\/\/rohs-administratie.nl\/nl\/contact\/#breadcrumb\"},\"inLanguage\":\"nl-NL\",\"potentialAction\":[{\"@type\":\"ReadAction\",\"target\":[\"https:\/\/rohs-administratie.nl\/nl\/contact\/\"]}]},{\"@type\":\"BreadcrumbList\",\"@id\":\"https:\/\/rohs-administratie.nl\/nl\/contact\/#breadcrumb\",\"itemListElement\":[{\"@type\":\"ListItem\",\"position\":1,\"name\":\"Home\",\"item\":\"https:\/\/rohs-administratie.nl\/nl\/\"},{\"@type\":\"ListItem\",\"position\":2,\"name\":\"Contact\"}]},{\"@type\":\"WebSite\",\"@id\":\"https:\/\/rohs-administratie.nl\/nl\/#website\",\"url\":\"https:\/\/rohs-administratie.nl\/nl\/\",\"name\":\"ROHS Administratie\",\"description\":\"Profesjonalna ksi\u0119gowo\u015b\u0107 i doradztwo biznesowe w Holandii\",\"publisher\":{\"@id\":\"https:\/\/rohs-administratie.nl\/nl\/#organization\"},\"potentialAction\":[{\"@type\":\"SearchAction\",\"target\":{\"@type\":\"EntryPoint\",\"urlTemplate\":\"https:\/\/rohs-administratie.nl\/nl\/?s={search_term_string}\"},\"query-input\":\"required name=search_term_string\"}],\"inLanguage\":\"nl-NL\"},{\"@type\":\"Organization\",\"@id\":\"https:\/\/rohs-administratie.nl\/nl\/#organization\",\"name\":\"PCS Diensten\",\"url\":\"https:\/\/rohs-administratie.nl\/nl\/\",\"logo\":{\"@type\":\"ImageObject\",\"inLanguage\":\"nl-NL\",\"@id\":\"https:\/\/rohs-administratie.nl\/nl\/#\/schema\/logo\/image\/\",\"url\":\"https:\/\/rohs-administratie.nl\/wp-content\/uploads\/2021\/12\/rohs-logo-250x74-1.svg\",\"contentUrl\":\"https:\/\/rohs-administratie.nl\/wp-content\/uploads\/2021\/12\/rohs-logo-250x74-1.svg\",\"caption\":\"PCS Diensten\"},\"image\":{\"@id\":\"https:\/\/rohs-administratie.nl\/nl\/#\/schema\/logo\/image\/\"}}]}<\/script>\n<!-- \/ Yoast SEO plugin. -->","yoast_head_json":{"title":"Contact | ROHS Administratie","robots":{"index":"index","follow":"follow","max-snippet":"max-snippet:-1","max-image-preview":"max-image-preview:large","max-video-preview":"max-video-preview:-1"},"canonical":"https:\/\/rohs-administratie.nl\/nl\/contact\/","og_locale":"nl_NL","og_type":"article","og_title":"Contact | ROHS Administratie","og_description":"Kontakt Skontaktuj si\u0119 z nami Jeste\u015b zainteresowany wsp\u00f3\u0142prac\u0105? Chcesz otrzyma\u0107 ofert\u0119? Potrzebujesz konsultacji, doradztwa lub masz jakie\u015b inne pytanie?Jeste\u015bmy do dyspozycji. Zadzwo\u0144 do nas lub wy\u015blij &hellip; Contact Czytaj dalej \u00bb","og_url":"https:\/\/rohs-administratie.nl\/nl\/contact\/","og_site_name":"ROHS Administratie","article_modified_time":"2025-12-14T00:49:35+00:00","twitter_card":"summary_large_image","schema":{"@context":"https:\/\/schema.org","@graph":[{"@type":"WebPage","@id":"https:\/\/rohs-administratie.nl\/nl\/contact\/","url":"https:\/\/rohs-administratie.nl\/nl\/contact\/","name":"Contact | ROHS Administratie","isPartOf":{"@id":"https:\/\/rohs-administratie.nl\/nl\/#website"},"datePublished":"2022-03-19T19:10:00+00:00","dateModified":"2025-12-14T00:49:35+00:00","breadcrumb":{"@id":"https:\/\/rohs-administratie.nl\/nl\/contact\/#breadcrumb"},"inLanguage":"nl-NL","potentialAction":[{"@type":"ReadAction","target":["https:\/\/rohs-administratie.nl\/nl\/contact\/"]}]},{"@type":"BreadcrumbList","@id":"https:\/\/rohs-administratie.nl\/nl\/contact\/#breadcrumb","itemListElement":[{"@type":"ListItem","position":1,"name":"Home","item":"https:\/\/rohs-administratie.nl\/nl\/"},{"@type":"ListItem","position":2,"name":"Contact"}]},{"@type":"WebSite","@id":"https:\/\/rohs-administratie.nl\/nl\/#website","url":"https:\/\/rohs-administratie.nl\/nl\/","name":"ROHS Administratie","description":"Profesjonalna ksi\u0119gowo\u015b\u0107 i doradztwo biznesowe w Holandii","publisher":{"@id":"https:\/\/rohs-administratie.nl\/nl\/#organization"},"potentialAction":[{"@type":"SearchAction","target":{"@type":"EntryPoint","urlTemplate":"https:\/\/rohs-administratie.nl\/nl\/?s={search_term_string}"},"query-input":"required name=search_term_string"}],"inLanguage":"nl-NL"},{"@type":"Organization","@id":"https:\/\/rohs-administratie.nl\/nl\/#organization","name":"PCS Diensten","url":"https:\/\/rohs-administratie.nl\/nl\/","logo":{"@type":"ImageObject","inLanguage":"nl-NL","@id":"https:\/\/rohs-administratie.nl\/nl\/#\/schema\/logo\/image\/","url":"https:\/\/rohs-administratie.nl\/wp-content\/uploads\/2021\/12\/rohs-logo-250x74-1.svg","contentUrl":"https:\/\/rohs-administratie.nl\/wp-content\/uploads\/2021\/12\/rohs-logo-250x74-1.svg","caption":"PCS Diensten"},"image":{"@id":"https:\/\/rohs-administratie.nl\/nl\/#\/schema\/logo\/image\/"}}]}},"_links":{"self":[{"href":"https:\/\/rohs-administratie.nl\/nl\/wp-json\/wp\/v2\/pages\/3176"}],"collection":[{"href":"https:\/\/rohs-administratie.nl\/nl\/wp-json\/wp\/v2\/pages"}],"about":[{"href":"https:\/\/rohs-administratie.nl\/nl\/wp-json\/wp\/v2\/types\/page"}],"author":[{"embeddable":true,"href":"https:\/\/rohs-administratie.nl\/nl\/wp-json\/wp\/v2\/users\/1"}],"replies":[{"embeddable":true,"href":"https:\/\/rohs-administratie.nl\/nl\/wp-json\/wp\/v2\/comments?post=3176"}],"version-history":[{"count":6,"href":"https:\/\/rohs-administratie.nl\/nl\/wp-json\/wp\/v2\/pages\/3176\/revisions"}],"predecessor-version":[{"id":4223,"href":"https:\/\/rohs-administratie.nl\/nl\/wp-json\/wp\/v2\/pages\/3176\/revisions\/4223"}],"wp:attachment":[{"href":"https:\/\/rohs-administratie.nl\/nl\/wp-json\/wp\/v2\/media?parent=3176"}],"curies":[{"name":"wp","href":"https:\/\/api.w.org\/{rel}","templated":true}]}}