{"id":3242,"date":"2022-03-19T20:15:53","date_gmt":"2022-03-19T19:15:53","guid":{"rendered":"https:\/\/rohs-administratie.nl\/home\/"},"modified":"2025-12-14T01:55:24","modified_gmt":"2025-12-14T00:55:24","slug":"home","status":"publish","type":"page","link":"https:\/\/rohs-administratie.nl\/nl\/","title":{"rendered":"Home"},"content":{"rendered":"\n\n\t<h6>\n\t\t\t\tProfessioneel boekhouden<br \/>en bedrijfsadvies in Nederland\n\t\t\t<\/h6>\n\t\t<h3>Vraag een offerte aan<\/h3>\n\t\t\t<a href=\"https:\/\/rohs-administratie.nl\/nl\/contact\/\" target=\"_blank\" rel=\"noopener\">\n\t\t\t\t\t\tKlik hier\n\t\t\t\t\t<\/a>\n\t<h2>\n\t\t\t\tOver ons\n\t\t\t<\/h2>\n\t\t\tRohs Administratie is een bedrijf met een vestiging in <strong>Den Haag<\/strong> en Rotterdam, dat voornamelijk gespecialiseerd is in het bedienen van klanten uit Oost-Europa. Wij zijn echter ook beschikbaar voor iedereen die advies en administratieve ondersteuning nodig heeft.\nWij hebben een uitgebreide ervaring en zijn zeer goed thuis in vele vakgebieden. Wij beschikken over de juiste kennis betreffende <strong>boekhouding, belastingen en juridische zaken, van de kleinste tot de meest gecompliceerde<\/strong>. Dus we nodigen u uit zich tot ons te wenden met al uw administratieve kwesties en andere zaken.\nAls u bezig bent met het ontwikkelen van uw eigen bedrijf en geen tijd en kennis hebt voor administratieve zaken, zullen wij dit graag voor u verzorgen en u in de juiste richting leiden!\t\n\t\t\t<a href=\"https:\/\/rohs-administratie.nl\/nl\/over-ons\/\" target=\"_self\" role=\"button\" aria-label=\"Meer ...\" rel=\"noopener\">\n\t\t\t\t\t\t\tMeer &#8230;\n\t\t<\/a>\n\t<h2>\n\t\t\t\tHoe kunnen we helpen?\n\t\t\t<\/h2>\n\t\t\tDus een overzicht van onze diensten&#8230;\t\n\t<h3>\n\t\t\t\tBedrijven\n\t\t\t<\/h3>\n\t<ul>\n\t\t<li>\t\t\t\t\n\t\t<h6>Boekhouding van bedrijven<\/h6><\/li><li>\t\t\t\t\n\t\t<h6>HR en salarisadministratie<\/h6><\/li><li>\t\t\t\t\n\t\t<h6>Belastingadvies<\/h6><\/li>\t<\/ul>\n\t\t\t<a href=\"https:\/\/rohs-administratie.nl\/nl\/voor-bedrijven\/\" target=\"_self\" role=\"button\" aria-label=\"Meer ...\" rel=\"noopener\">\n\t\t\t\t\t\t\tMeer &#8230;\n\t\t<\/a>\n\t<h3>\n\t\t\t\tParticulier\n\t\t\t<\/h3>\n\t<ul>\n\t\t<li>\t\t\t\t\n\t\t<h6>Belastingaangiften<\/h6><\/li><li>\t\t\t\t\n\t\t<h6>Medefinanciering<\/h6><\/li><li>\t\t\t\t\n\t\t<h6>Vertalingen<\/h6><\/li>\t<\/ul>\n\t\t\t<a href=\"https:\/\/rohs-administratie.nl\/nl\/voor-particulieren\/\" target=\"_self\" role=\"button\" aria-label=\"Meer ...\" rel=\"noopener\">\n\t\t\t\t\t\t\tMeer &#8230;\n\t\t<\/a>\n\t\t<h3>Bent u op zoek naar een andere dienst?<\/h3>\n\t\t<p>Neem contact met ons op.<\/p>\n\t\t\t<a href=\"https:\/\/rohs-administratie.nl\/nl\/contact\/\" target=\"_self\" rel=\"noopener\">\n\t\t\t\t\t\tKlik hier\n\t\t\t\t\t<\/a>\n\t<h2>\n\t\t\t\tWaarom wij?\n\t\t\t<\/h2>\n\t\t\tWat onderscheidt ons&#8230;\t\n\t<ul>\n\t\t<li>\t\t\t\t\n\t\t<h4>Professionaliteit<\/h4><p>Wij leveren onze diensten op het hoogste niveau en pakken elk vraagstuk professioneel aan. Dankzij opleiding en jarenlange ervaring hebben administratie en boekhouding in Nederland geen geheimen voor ons.<\/p><\/li><li>\t\t\t\t\n\t\t<h4>Uitgebreide diensten<\/h4><p>Wij verzorgen de administratie en boekhouding in Nederland van A tot Z. Denk daarbij aan het opstellen en indienen van de btw-aangiftes en inkomstenbelastingaangiftes. Ook stellen wij inkomstenverklaringen, prognoses en jaarrekeningen op. Verder leveren wij nog meer diverse diensten met betrekking op uw administratie.<\/p>\n<\/li><li>\t\t\t\t\n\t\t<h4>Advies en hulp<\/h4><p>Door met ons samen te werken, krijgt u toegang tot ondersteuning in de vorm van consulten en advies over uw bedrijf.<\/p><\/li><li>\t\t\t\t\n\t\t<h4>Vertrouwelijkheid <\/h4><p>Vertrouwelijkheid en discretie van gegevens zijn een van onze kernnormen en prioriteiten.<\/p><\/li>\t<\/ul>\n\t<h2>\n\t\t\t\tWe zijn al vertrouwd door over\n\t\t\t<\/h2>\n\t\t<!-- Comment to fix spacing issue\n\t-->\n\t\t<h1>0<\/h1>\n\t<!-- Comment to fix spacing issue\n\t-->\t\n\t<h2>\n\t\t\t\tbedrijven in Nederland \n\t\t\t<\/h2>\n\t<h3>\n\t\t\t\tWil jij ook deel uitmaken van onze tevreden klanten? \n\t\t\t<\/h3>\n\t\t\t<a href=\"https:\/\/rohs-administratie.nl\/nl\/contact\/\" target=\"_self\" role=\"button\" aria-label=\"Neem contact met ons op\" rel=\"noopener\">\n\t\t\t\t\t\t\tNeem contact met ons op\n\t\t<\/a>\n\t\t\t<h5>Of bel het nummer<\/h5><h3> 070 &#8211; 3306676<\/h3>\t\t\t\n\t\t\t\t<img decoding=\"async\" src=\"https:\/\/rohs-administratie.nl\/wp-content\/uploads\/2022\/01\/sbb-leerbedrijf-logo-p-500.png\" alt=\"SBB logo\" title=\"SBB logo\" itemprop=\"image\"\/>\n\t<h2>\n\t\t\t\tWij leiden toekomstig boekhoudkundig personeel op\n\t\t\t<\/h2>\n\t\t\t<p>Rohs Administratie B.V. is een erkend leerbedrijf waar jaarlijks meerdere studenten hun stage hebben afgerond. Ben jij een student en op zoek naar een stageplek waar jij je kan ontwikkelen? Neem dan contact met ons op.<\/p>\t\n\t\t\t<a href=\"https:\/\/rohs-administratie.nl\/nl\/contact\/\" target=\"_self\" role=\"button\" aria-label=\"Neem contact met ons op\" rel=\"noopener\">\n\t\t\t\t\t\t\tNeem contact met ons op\n\t\t<\/a>\n\t<h4>\n\t\t\t\tJe kunt ons vinden op de website <a href=\"https:\/\/zoeken-mijn.s-bb.nl\/Home\/Details?leerbedrijfId=100433469\" target=\"_blank\" rel=\"noopener\">mijn.s-bb.nl<\/a>\n\t\t\t<\/h4>\n\n","protected":false},"excerpt":{"rendered":"<p>Professioneel boekhoudenen bedrijfsadvies in Nederland Vraag een offerte aan Klik hier Over ons Rohs Administratie is een bedrijf met een vestiging in Den Haag en Rotterdam, &hellip;<\/p>\n<p class=\"read-more\"> <a class=\"\" href=\"https:\/\/rohs-administratie.nl\/nl\/\"> <span class=\"screen-reader-text\">Home<\/span> Czytaj dalej \u00bb<\/a><\/p>\n","protected":false},"author":1,"featured_media":0,"parent":0,"menu_order":0,"comment_status":"closed","ping_status":"closed","template":"","meta":{"site-sidebar-layout":"no-sidebar","site-content-layout":"page-builder","ast-site-content-layout":"","site-content-style":"default","site-sidebar-style":"default","ast-global-header-display":"","ast-banner-title-visibility":"","ast-main-header-display":"","ast-hfb-above-header-display":"","ast-hfb-below-header-display":"","ast-hfb-mobile-header-display":"","site-post-title":"disabled","ast-breadcrumbs-content":"","ast-featured-img":"disabled","footer-sml-layout":"","theme-transparent-header-meta":"default","adv-header-id-meta":"","stick-header-meta":"default","header-above-stick-meta":"","header-main-stick-meta":"","header-below-stick-meta":"","astra-migrate-meta-layouts":"","ast-page-background-enabled":"default","ast-page-background-meta":{"desktop":{"background-color":"","background-image":"","background-repeat":"repeat","background-position":"center center","background-size":"auto","background-attachment":"scroll","background-type":"","background-media":"","overlay-type":"","overlay-color":"","overlay-gradient":""},"tablet":{"background-color":"","background-image":"","background-repeat":"repeat","background-position":"center center","background-size":"auto","background-attachment":"scroll","background-type":"","background-media":"","overlay-type":"","overlay-color":"","overlay-gradient":""},"mobile":{"background-color":"","background-image":"","background-repeat":"repeat","background-position":"center center","background-size":"auto","background-attachment":"scroll","background-type":"","background-media":"","overlay-type":"","overlay-color":"","overlay-gradient":""}},"ast-content-background-meta":{"desktop":{"background-color":"var(--ast-global-color-5)","background-image":"","background-repeat":"repeat","background-position":"center center","background-size":"auto","background-attachment":"scroll","background-type":"","background-media":"","overlay-type":"","overlay-color":"","overlay-gradient":""},"tablet":{"background-color":"var(--ast-global-color-5)","background-image":"","background-repeat":"repeat","background-position":"center center","background-size":"auto","background-attachment":"scroll","background-type":"","background-media":"","overlay-type":"","overlay-color":"","overlay-gradient":""},"mobile":{"background-color":"var(--ast-global-color-5)","background-image":"","background-repeat":"repeat","background-position":"center center","background-size":"auto","background-attachment":"scroll","background-type":"","background-media":"","overlay-type":"","overlay-color":"","overlay-gradient":""}},"footnotes":""},"yoast_head":"<!-- This site is optimized with the Yoast SEO plugin v21.6 - https:\/\/yoast.com\/wordpress\/plugins\/seo\/ -->\n<title>Home | ROHS Administratie<\/title>\n<meta name=\"robots\" content=\"index, follow, max-snippet:-1, max-image-preview:large, max-video-preview:-1\" \/>\n<link rel=\"canonical\" href=\"https:\/\/rohs-administratie.nl\/nl\/\" \/>\n<meta property=\"og:locale\" content=\"nl_NL\" \/>\n<meta property=\"og:type\" content=\"article\" \/>\n<meta property=\"og:title\" content=\"Home | ROHS Administratie\" \/>\n<meta property=\"og:description\" content=\"Professioneel boekhoudenen bedrijfsadvies in Nederland Vraag een offerte aan Klik hier Over ons Rohs Administratie is een bedrijf met een vestiging in Den Haag en Rotterdam, &hellip; Home Czytaj dalej \u00bb\" \/>\n<meta property=\"og:url\" content=\"https:\/\/rohs-administratie.nl\/nl\/\" \/>\n<meta property=\"og:site_name\" content=\"ROHS Administratie\" \/>\n<meta property=\"article:modified_time\" content=\"2025-12-14T00:55:24+00:00\" \/>\n<meta property=\"og:image\" content=\"https:\/\/rohs-administratie.nl\/wp-content\/uploads\/2022\/01\/sbb-leerbedrijf-logo-p-500.png\" \/>\n<meta name=\"twitter:card\" content=\"summary_large_image\" \/>\n<meta name=\"twitter:label1\" content=\"Geschatte leestijd\" \/>\n\t<meta name=\"twitter:data1\" content=\"2 minuten\" \/>\n<script type=\"application\/ld+json\" class=\"yoast-schema-graph\">{\"@context\":\"https:\/\/schema.org\",\"@graph\":[{\"@type\":\"WebPage\",\"@id\":\"https:\/\/rohs-administratie.nl\/nl\/\",\"url\":\"https:\/\/rohs-administratie.nl\/nl\/\",\"name\":\"Home | ROHS Administratie\",\"isPartOf\":{\"@id\":\"https:\/\/rohs-administratie.nl\/nl\/#website\"},\"datePublished\":\"2022-03-19T19:15:53+00:00\",\"dateModified\":\"2025-12-14T00:55:24+00:00\",\"breadcrumb\":{\"@id\":\"https:\/\/rohs-administratie.nl\/nl\/#breadcrumb\"},\"inLanguage\":\"nl-NL\",\"potentialAction\":[{\"@type\":\"ReadAction\",\"target\":[\"https:\/\/rohs-administratie.nl\/nl\/\"]}]},{\"@type\":\"BreadcrumbList\",\"@id\":\"https:\/\/rohs-administratie.nl\/nl\/#breadcrumb\",\"itemListElement\":[{\"@type\":\"ListItem\",\"position\":1,\"name\":\"Home\",\"item\":\"https:\/\/rohs-administratie.nl\/nl\/\"},{\"@type\":\"ListItem\",\"position\":2,\"name\":\"Home\"}]},{\"@type\":\"WebSite\",\"@id\":\"https:\/\/rohs-administratie.nl\/nl\/#website\",\"url\":\"https:\/\/rohs-administratie.nl\/nl\/\",\"name\":\"ROHS Administratie\",\"description\":\"Profesjonalna ksi\u0119gowo\u015b\u0107 i doradztwo biznesowe w Holandii\",\"publisher\":{\"@id\":\"https:\/\/rohs-administratie.nl\/nl\/#organization\"},\"potentialAction\":[{\"@type\":\"SearchAction\",\"target\":{\"@type\":\"EntryPoint\",\"urlTemplate\":\"https:\/\/rohs-administratie.nl\/nl\/?s={search_term_string}\"},\"query-input\":\"required name=search_term_string\"}],\"inLanguage\":\"nl-NL\"},{\"@type\":\"Organization\",\"@id\":\"https:\/\/rohs-administratie.nl\/nl\/#organization\",\"name\":\"PCS Diensten\",\"url\":\"https:\/\/rohs-administratie.nl\/nl\/\",\"logo\":{\"@type\":\"ImageObject\",\"inLanguage\":\"nl-NL\",\"@id\":\"https:\/\/rohs-administratie.nl\/nl\/#\/schema\/logo\/image\/\",\"url\":\"https:\/\/rohs-administratie.nl\/wp-content\/uploads\/2021\/12\/rohs-logo-250x74-1.svg\",\"contentUrl\":\"https:\/\/rohs-administratie.nl\/wp-content\/uploads\/2021\/12\/rohs-logo-250x74-1.svg\",\"caption\":\"PCS Diensten\"},\"image\":{\"@id\":\"https:\/\/rohs-administratie.nl\/nl\/#\/schema\/logo\/image\/\"}}]}<\/script>\n<!-- \/ Yoast SEO plugin. -->","yoast_head_json":{"title":"Home | ROHS Administratie","robots":{"index":"index","follow":"follow","max-snippet":"max-snippet:-1","max-image-preview":"max-image-preview:large","max-video-preview":"max-video-preview:-1"},"canonical":"https:\/\/rohs-administratie.nl\/nl\/","og_locale":"nl_NL","og_type":"article","og_title":"Home | ROHS Administratie","og_description":"Professioneel boekhoudenen bedrijfsadvies in Nederland Vraag een offerte aan Klik hier Over ons Rohs Administratie is een bedrijf met een vestiging in Den Haag en Rotterdam, &hellip; Home Czytaj dalej \u00bb","og_url":"https:\/\/rohs-administratie.nl\/nl\/","og_site_name":"ROHS Administratie","article_modified_time":"2025-12-14T00:55:24+00:00","og_image":[{"url":"https:\/\/rohs-administratie.nl\/wp-content\/uploads\/2022\/01\/sbb-leerbedrijf-logo-p-500.png"}],"twitter_card":"summary_large_image","twitter_misc":{"Geschatte leestijd":"2 minuten"},"schema":{"@context":"https:\/\/schema.org","@graph":[{"@type":"WebPage","@id":"https:\/\/rohs-administratie.nl\/nl\/","url":"https:\/\/rohs-administratie.nl\/nl\/","name":"Home | ROHS Administratie","isPartOf":{"@id":"https:\/\/rohs-administratie.nl\/nl\/#website"},"datePublished":"2022-03-19T19:15:53+00:00","dateModified":"2025-12-14T00:55:24+00:00","breadcrumb":{"@id":"https:\/\/rohs-administratie.nl\/nl\/#breadcrumb"},"inLanguage":"nl-NL","potentialAction":[{"@type":"ReadAction","target":["https:\/\/rohs-administratie.nl\/nl\/"]}]},{"@type":"BreadcrumbList","@id":"https:\/\/rohs-administratie.nl\/nl\/#breadcrumb","itemListElement":[{"@type":"ListItem","position":1,"name":"Home","item":"https:\/\/rohs-administratie.nl\/nl\/"},{"@type":"ListItem","position":2,"name":"Home"}]},{"@type":"WebSite","@id":"https:\/\/rohs-administratie.nl\/nl\/#website","url":"https:\/\/rohs-administratie.nl\/nl\/","name":"ROHS Administratie","description":"Profesjonalna ksi\u0119gowo\u015b\u0107 i doradztwo biznesowe w Holandii","publisher":{"@id":"https:\/\/rohs-administratie.nl\/nl\/#organization"},"potentialAction":[{"@type":"SearchAction","target":{"@type":"EntryPoint","urlTemplate":"https:\/\/rohs-administratie.nl\/nl\/?s={search_term_string}"},"query-input":"required name=search_term_string"}],"inLanguage":"nl-NL"},{"@type":"Organization","@id":"https:\/\/rohs-administratie.nl\/nl\/#organization","name":"PCS Diensten","url":"https:\/\/rohs-administratie.nl\/nl\/","logo":{"@type":"ImageObject","inLanguage":"nl-NL","@id":"https:\/\/rohs-administratie.nl\/nl\/#\/schema\/logo\/image\/","url":"https:\/\/rohs-administratie.nl\/wp-content\/uploads\/2021\/12\/rohs-logo-250x74-1.svg","contentUrl":"https:\/\/rohs-administratie.nl\/wp-content\/uploads\/2021\/12\/rohs-logo-250x74-1.svg","caption":"PCS Diensten"},"image":{"@id":"https:\/\/rohs-administratie.nl\/nl\/#\/schema\/logo\/image\/"}}]}},"_links":{"self":[{"href":"https:\/\/rohs-administratie.nl\/nl\/wp-json\/wp\/v2\/pages\/3242"}],"collection":[{"href":"https:\/\/rohs-administratie.nl\/nl\/wp-json\/wp\/v2\/pages"}],"about":[{"href":"https:\/\/rohs-administratie.nl\/nl\/wp-json\/wp\/v2\/types\/page"}],"author":[{"embeddable":true,"href":"https:\/\/rohs-administratie.nl\/nl\/wp-json\/wp\/v2\/users\/1"}],"replies":[{"embeddable":true,"href":"https:\/\/rohs-administratie.nl\/nl\/wp-json\/wp\/v2\/comments?post=3242"}],"version-history":[{"count":6,"href":"https:\/\/rohs-administratie.nl\/nl\/wp-json\/wp\/v2\/pages\/3242\/revisions"}],"predecessor-version":[{"id":4226,"href":"https:\/\/rohs-administratie.nl\/nl\/wp-json\/wp\/v2\/pages\/3242\/revisions\/4226"}],"wp:attachment":[{"href":"https:\/\/rohs-administratie.nl\/nl\/wp-json\/wp\/v2\/media?parent=3242"}],"curies":[{"name":"wp","href":"https:\/\/api.w.org\/{rel}","templated":true}]}}