{"id":3310,"date":"2022-03-19T20:30:01","date_gmt":"2022-03-19T19:30:01","guid":{"rendered":"https:\/\/rohs-administratie.nl\/voor-particulieren\/"},"modified":"2023-12-01T06:59:58","modified_gmt":"2023-12-01T05:59:58","slug":"voor-particulieren","status":"publish","type":"page","link":"https:\/\/rohs-administratie.nl\/nl\/voor-particulieren\/","title":{"rendered":"Voor particulieren"},"content":{"rendered":"\n\n\t<h1>\n\t\t\t\tVoor particulieren \n\t\t\t<\/h1>\n\t\t\t<span><span><a href=\"https:\/\/rohs-administratie.nl\/nl\/\">Home<\/a><\/span><\/span>\t\n\t\t<h3>Vraag een offerte aan<\/h3>\n\t\t\t<a href=\"https:\/\/rohs-administratie.nl\/nl\/contact\/\" target=\"_blank\" rel=\"noopener\">\n\t\t\t\t\t\tKlik hier\n\t\t\t\t\t<\/a>\n\t<h2>\n\t\t\t\tDiensten voor particulieren\n\t\t\t<\/h2>\n\t\t<h3>Belastingaangiften<\/h3>\t\t\t\n\t\t\t\t<p>Wij voeren fiscale regelingen uit tot 5 jaar terug.<\/p>\n\t\t<h3>M-formulier<\/h3>\t\t\t\n\t\t\t\t<p>Wij verzorgen de volledige inkomstenbelasting aangifte door middel van de M-formulier voor de personen die naar Nederland zijn ge\u00efmmigreerd of vanuit Nederland naar het buitenland emigreren.<\/p>\n\t\t<h3>Vertalingen<\/h3>\t\t\t\n\t\t\t\t<p>Wij helpen met vertalingen met betrekking tot Nederlandse zaken. Daarnaast kunnen wij uw assisteren in vergaderingen als tolk.<\/p>\n\t\t<h3>Zaken met de instellingen<\/h3>\t\t\t\n\t\t\t\t<p>Wij staan u bij in zaken die verband houden met scholen, gemeenten, politie en andere instellingen.<\/p>\n\t\t<h3>Priv\u00e9zaken<\/h3>\t\t\t\n\t\t\t\t<p>Wij helpen met priv\u00e9zaken zoals het schrijven van brieven of het voeren van telefoongesprekken.<\/p>\n\t\t<h3>Aanpassingen en verbeteringen<\/h3>\t\t\t\n\t\t\t\t<p>Heeft u zich vergist in reeds gedane aangiften of weet u niet of deze correct zijn ingevuld? Wij helpen met het corrigeren van deze materie.<\/p>\n\t\t<h3>Medefinanciering<\/h3>\t\t\t\n\t\t\t\t<p>U kunt in aanmerking komen voor een subsidie. Wij helpen u bij het kiezen en afronden van de subsidie.<\/p>\n\t\t<h3>Vergoedingen<\/h3>\t\t\t\n\t\t\t\t<p>Wij helpen met aanvragen voor gezinstoeslagen en ziektekostenvergoedingen.<\/p>\n\t\t<h3>Ziektekostenverzekering<\/h3>\t\t\t\n\t\t\t\t<p>Wij helpen u de juiste ziektekostenverzekering te kiezen.<\/p>\n\t\t<h3>Eerste stappen in Nederland<\/h3>\t\t\t\n\t\t\t\t<p>Advies voor nieuwkomers in Nederland.<\/p>\n\t<h3>\n\t\t\t\tBen je ge\u00efnteresseerd?\n\t\t\t<\/h3>\n\t\t\t<a href=\"https:\/\/rohs-administratie.nl\/nl\/contact\/\" target=\"_self\" role=\"button\" aria-label=\" Neem contact met ons op\" rel=\"noopener\">\n\t\t\t\t\t\t\t Neem contact met ons op\n\t\t<\/a>\n\n","protected":false},"excerpt":{"rendered":"<p>Voor particulieren Vraag een offerte aan Klik hier Diensten voor particulieren Belastingaangiften Wij voeren fiscale regelingen uit tot 5 jaar terug. M-formulier Wij verzorgen de volledige &hellip;<\/p>\n<p class=\"read-more\"> <a class=\"\" href=\"https:\/\/rohs-administratie.nl\/nl\/voor-particulieren\/\"> <span class=\"screen-reader-text\">Voor particulieren<\/span> Czytaj dalej \u00bb<\/a><\/p>\n","protected":false},"author":1,"featured_media":0,"parent":0,"menu_order":0,"comment_status":"closed","ping_status":"closed","template":"","meta":{"site-sidebar-layout":"no-sidebar","site-content-layout":"page-builder","ast-site-content-layout":"","site-content-style":"default","site-sidebar-style":"default","ast-global-header-display":"","ast-banner-title-visibility":"","ast-main-header-display":"","ast-hfb-above-header-display":"","ast-hfb-below-header-display":"","ast-hfb-mobile-header-display":"","site-post-title":"disabled","ast-breadcrumbs-content":"","ast-featured-img":"disabled","footer-sml-layout":"","theme-transparent-header-meta":"default","adv-header-id-meta":"","stick-header-meta":"","header-above-stick-meta":"","header-main-stick-meta":"","header-below-stick-meta":"","astra-migrate-meta-layouts":"","ast-page-background-enabled":"default","ast-page-background-meta":{"desktop":{"background-color":"","background-image":"","background-repeat":"repeat","background-position":"center center","background-size":"auto","background-attachment":"scroll","background-type":"","background-media":"","overlay-type":"","overlay-color":"","overlay-gradient":""},"tablet":{"background-color":"","background-image":"","background-repeat":"repeat","background-position":"center center","background-size":"auto","background-attachment":"scroll","background-type":"","background-media":"","overlay-type":"","overlay-color":"","overlay-gradient":""},"mobile":{"background-color":"","background-image":"","background-repeat":"repeat","background-position":"center center","background-size":"auto","background-attachment":"scroll","background-type":"","background-media":"","overlay-type":"","overlay-color":"","overlay-gradient":""}},"ast-content-background-meta":{"desktop":{"background-color":"var(--ast-global-color-5)","background-image":"","background-repeat":"repeat","background-position":"center center","background-size":"auto","background-attachment":"scroll","background-type":"","background-media":"","overlay-type":"","overlay-color":"","overlay-gradient":""},"tablet":{"background-color":"var(--ast-global-color-5)","background-image":"","background-repeat":"repeat","background-position":"center center","background-size":"auto","background-attachment":"scroll","background-type":"","background-media":"","overlay-type":"","overlay-color":"","overlay-gradient":""},"mobile":{"background-color":"var(--ast-global-color-5)","background-image":"","background-repeat":"repeat","background-position":"center center","background-size":"auto","background-attachment":"scroll","background-type":"","background-media":"","overlay-type":"","overlay-color":"","overlay-gradient":""}},"footnotes":""},"yoast_head":"<!-- This site is optimized with the Yoast SEO plugin v21.6 - https:\/\/yoast.com\/wordpress\/plugins\/seo\/ -->\n<title>Voor particulieren | ROHS Administratie<\/title>\n<meta name=\"robots\" content=\"index, follow, max-snippet:-1, max-image-preview:large, max-video-preview:-1\" \/>\n<link rel=\"canonical\" href=\"https:\/\/rohs-administratie.nl\/nl\/voor-particulieren\/\" \/>\n<meta property=\"og:locale\" content=\"nl_NL\" \/>\n<meta property=\"og:type\" content=\"article\" \/>\n<meta property=\"og:title\" content=\"Voor particulieren | ROHS Administratie\" \/>\n<meta property=\"og:description\" content=\"Voor particulieren Vraag een offerte aan Klik hier Diensten voor particulieren Belastingaangiften Wij voeren fiscale regelingen uit tot 5 jaar terug. M-formulier Wij verzorgen de volledige &hellip; Voor particulieren Czytaj dalej \u00bb\" \/>\n<meta property=\"og:url\" content=\"https:\/\/rohs-administratie.nl\/nl\/voor-particulieren\/\" \/>\n<meta property=\"og:site_name\" content=\"ROHS Administratie\" \/>\n<meta property=\"article:modified_time\" content=\"2023-12-01T05:59:58+00:00\" \/>\n<meta name=\"twitter:card\" content=\"summary_large_image\" \/>\n<meta name=\"twitter:label1\" content=\"Geschatte leestijd\" \/>\n\t<meta name=\"twitter:data1\" content=\"1 minuut\" \/>\n<script type=\"application\/ld+json\" class=\"yoast-schema-graph\">{\"@context\":\"https:\/\/schema.org\",\"@graph\":[{\"@type\":\"WebPage\",\"@id\":\"https:\/\/rohs-administratie.nl\/nl\/voor-particulieren\/\",\"url\":\"https:\/\/rohs-administratie.nl\/nl\/voor-particulieren\/\",\"name\":\"Voor particulieren | ROHS Administratie\",\"isPartOf\":{\"@id\":\"https:\/\/rohs-administratie.nl\/nl\/#website\"},\"datePublished\":\"2022-03-19T19:30:01+00:00\",\"dateModified\":\"2023-12-01T05:59:58+00:00\",\"breadcrumb\":{\"@id\":\"https:\/\/rohs-administratie.nl\/nl\/voor-particulieren\/#breadcrumb\"},\"inLanguage\":\"nl-NL\",\"potentialAction\":[{\"@type\":\"ReadAction\",\"target\":[\"https:\/\/rohs-administratie.nl\/nl\/voor-particulieren\/\"]}]},{\"@type\":\"BreadcrumbList\",\"@id\":\"https:\/\/rohs-administratie.nl\/nl\/voor-particulieren\/#breadcrumb\",\"itemListElement\":[{\"@type\":\"ListItem\",\"position\":1,\"name\":\"Home\",\"item\":\"https:\/\/rohs-administratie.nl\/nl\/\"},{\"@type\":\"ListItem\",\"position\":2,\"name\":\"Voor particulieren\"}]},{\"@type\":\"WebSite\",\"@id\":\"https:\/\/rohs-administratie.nl\/nl\/#website\",\"url\":\"https:\/\/rohs-administratie.nl\/nl\/\",\"name\":\"ROHS Administratie\",\"description\":\"Profesjonalna ksi\u0119gowo\u015b\u0107 i doradztwo biznesowe w Holandii\",\"publisher\":{\"@id\":\"https:\/\/rohs-administratie.nl\/nl\/#organization\"},\"potentialAction\":[{\"@type\":\"SearchAction\",\"target\":{\"@type\":\"EntryPoint\",\"urlTemplate\":\"https:\/\/rohs-administratie.nl\/nl\/?s={search_term_string}\"},\"query-input\":\"required name=search_term_string\"}],\"inLanguage\":\"nl-NL\"},{\"@type\":\"Organization\",\"@id\":\"https:\/\/rohs-administratie.nl\/nl\/#organization\",\"name\":\"PCS Diensten\",\"url\":\"https:\/\/rohs-administratie.nl\/nl\/\",\"logo\":{\"@type\":\"ImageObject\",\"inLanguage\":\"nl-NL\",\"@id\":\"https:\/\/rohs-administratie.nl\/nl\/#\/schema\/logo\/image\/\",\"url\":\"https:\/\/rohs-administratie.nl\/wp-content\/uploads\/2021\/12\/rohs-logo-250x74-1.svg\",\"contentUrl\":\"https:\/\/rohs-administratie.nl\/wp-content\/uploads\/2021\/12\/rohs-logo-250x74-1.svg\",\"caption\":\"PCS Diensten\"},\"image\":{\"@id\":\"https:\/\/rohs-administratie.nl\/nl\/#\/schema\/logo\/image\/\"}}]}<\/script>\n<!-- \/ Yoast SEO plugin. -->","yoast_head_json":{"title":"Voor particulieren | ROHS Administratie","robots":{"index":"index","follow":"follow","max-snippet":"max-snippet:-1","max-image-preview":"max-image-preview:large","max-video-preview":"max-video-preview:-1"},"canonical":"https:\/\/rohs-administratie.nl\/nl\/voor-particulieren\/","og_locale":"nl_NL","og_type":"article","og_title":"Voor particulieren | ROHS Administratie","og_description":"Voor particulieren Vraag een offerte aan Klik hier Diensten voor particulieren Belastingaangiften Wij voeren fiscale regelingen uit tot 5 jaar terug. M-formulier Wij verzorgen de volledige &hellip; Voor particulieren Czytaj dalej \u00bb","og_url":"https:\/\/rohs-administratie.nl\/nl\/voor-particulieren\/","og_site_name":"ROHS Administratie","article_modified_time":"2023-12-01T05:59:58+00:00","twitter_card":"summary_large_image","twitter_misc":{"Geschatte leestijd":"1 minuut"},"schema":{"@context":"https:\/\/schema.org","@graph":[{"@type":"WebPage","@id":"https:\/\/rohs-administratie.nl\/nl\/voor-particulieren\/","url":"https:\/\/rohs-administratie.nl\/nl\/voor-particulieren\/","name":"Voor particulieren | ROHS Administratie","isPartOf":{"@id":"https:\/\/rohs-administratie.nl\/nl\/#website"},"datePublished":"2022-03-19T19:30:01+00:00","dateModified":"2023-12-01T05:59:58+00:00","breadcrumb":{"@id":"https:\/\/rohs-administratie.nl\/nl\/voor-particulieren\/#breadcrumb"},"inLanguage":"nl-NL","potentialAction":[{"@type":"ReadAction","target":["https:\/\/rohs-administratie.nl\/nl\/voor-particulieren\/"]}]},{"@type":"BreadcrumbList","@id":"https:\/\/rohs-administratie.nl\/nl\/voor-particulieren\/#breadcrumb","itemListElement":[{"@type":"ListItem","position":1,"name":"Home","item":"https:\/\/rohs-administratie.nl\/nl\/"},{"@type":"ListItem","position":2,"name":"Voor particulieren"}]},{"@type":"WebSite","@id":"https:\/\/rohs-administratie.nl\/nl\/#website","url":"https:\/\/rohs-administratie.nl\/nl\/","name":"ROHS Administratie","description":"Profesjonalna ksi\u0119gowo\u015b\u0107 i doradztwo biznesowe w Holandii","publisher":{"@id":"https:\/\/rohs-administratie.nl\/nl\/#organization"},"potentialAction":[{"@type":"SearchAction","target":{"@type":"EntryPoint","urlTemplate":"https:\/\/rohs-administratie.nl\/nl\/?s={search_term_string}"},"query-input":"required name=search_term_string"}],"inLanguage":"nl-NL"},{"@type":"Organization","@id":"https:\/\/rohs-administratie.nl\/nl\/#organization","name":"PCS Diensten","url":"https:\/\/rohs-administratie.nl\/nl\/","logo":{"@type":"ImageObject","inLanguage":"nl-NL","@id":"https:\/\/rohs-administratie.nl\/nl\/#\/schema\/logo\/image\/","url":"https:\/\/rohs-administratie.nl\/wp-content\/uploads\/2021\/12\/rohs-logo-250x74-1.svg","contentUrl":"https:\/\/rohs-administratie.nl\/wp-content\/uploads\/2021\/12\/rohs-logo-250x74-1.svg","caption":"PCS Diensten"},"image":{"@id":"https:\/\/rohs-administratie.nl\/nl\/#\/schema\/logo\/image\/"}}]}},"_links":{"self":[{"href":"https:\/\/rohs-administratie.nl\/nl\/wp-json\/wp\/v2\/pages\/3310"}],"collection":[{"href":"https:\/\/rohs-administratie.nl\/nl\/wp-json\/wp\/v2\/pages"}],"about":[{"href":"https:\/\/rohs-administratie.nl\/nl\/wp-json\/wp\/v2\/types\/page"}],"author":[{"embeddable":true,"href":"https:\/\/rohs-administratie.nl\/nl\/wp-json\/wp\/v2\/users\/1"}],"replies":[{"embeddable":true,"href":"https:\/\/rohs-administratie.nl\/nl\/wp-json\/wp\/v2\/comments?post=3310"}],"version-history":[{"count":5,"href":"https:\/\/rohs-administratie.nl\/nl\/wp-json\/wp\/v2\/pages\/3310\/revisions"}],"predecessor-version":[{"id":4047,"href":"https:\/\/rohs-administratie.nl\/nl\/wp-json\/wp\/v2\/pages\/3310\/revisions\/4047"}],"wp:attachment":[{"href":"https:\/\/rohs-administratie.nl\/nl\/wp-json\/wp\/v2\/media?parent=3310"}],"curies":[{"name":"wp","href":"https:\/\/api.w.org\/{rel}","templated":true}]}}