{"id":3312,"date":"2022-03-19T20:34:12","date_gmt":"2022-03-19T19:34:12","guid":{"rendered":"https:\/\/rohs-administratie.nl\/voor-bedrijven\/"},"modified":"2023-12-01T06:58:50","modified_gmt":"2023-12-01T05:58:50","slug":"voor-bedrijven","status":"publish","type":"page","link":"https:\/\/rohs-administratie.nl\/nl\/voor-bedrijven\/","title":{"rendered":"Voor bedrijven"},"content":{"rendered":"\n\n\t<h1>\n\t\t\t\tVoor bedrijven\n\t\t\t<\/h1>\n\t\t\t<span><span><a href=\"https:\/\/rohs-administratie.nl\/nl\/\">Home<\/a><\/span><\/span>\t\n\t\t<h3>Vraag een offerte aan<\/h3>\n\t\t\t<a href=\"https:\/\/rohs-administratie.nl\/nl\/contact\/\" target=\"_blank\" rel=\"noopener\">\n\t\t\t\t\t\tKlik hier\n\t\t\t\t\t<\/a>\n\t<h2>\n\t\t\t\tBedrijfsdiensten\n\t\t\t<\/h2>\n\t\t<h3>Bedrijfsadministratie<\/h3>\t\t\t\n\t\t\t\t<p>Wij bieden boekhoudkundige diensten van hoogwaardig kwaliteit aan. U kunt bij ons aankloppen met elke soort ondernemingsvorm. Ook kunt u bij ons terecht met alle ingewikkelde vraagstukken. Door de jaren heen hebben wij ons ontwikkeld tot expert in ons vakgebied.<\/p>\n\t\t<h3>Advies en ondersteuning voor ondernemers<\/h3>\t\t\t\n\t\t\t\t<p>Wij helpen ondernemers om hun bedrijf te runnen. Wij ondersteunen hen met zowel professioneel advies over het leiden van een bedrijf als bij het openen van nieuwe contacten.<\/p>\n\t\t<h3>Vertaling<\/h3>\t\t\t\n\t\t\t\t<p>Wij assisteren bij vertalingen die verband houden met de activiteiten van het bedrijf.<\/p>\n\t\t<h3>Loonadministratie<\/h3>\t\t\t\n\t\t\t\t<p>Wij verzorgen de volledige loonadministratie. Denk hierbij aan het opstellen van de loonstroken tot aan het verzenden van de loonheffing aangifte. Verder stellen wij ook arbeidscontracten en NEN-certificaten op. Ook geven wij adviezen inzake de Cao&#8217;s en passen de cao op de juiste wijze toe.<\/p>\n\t\t<h3>Juridische kwesties<\/h3>\t\t\t\n\t\t\t\t<p>Wij helpen bij juridische problemen die elk bedrijf kan tegenkomen.<\/p>\n\t\t<h3>Opzetten van een bedrijf<\/h3>\t\t\t\n\t\t\t\t<p>Wij helpen u bij het registreren van een nieuw bedrijf en het openen van een bedrijfsrekening.<\/p>\n\t<h3>\n\t\t\t\tWil jij ook deel uitmaken van onze tevreden klanten?\n\t\t\t<\/h3>\n\t\t\t<a href=\"\/kontakt\/\" target=\"_self\" rel=\"noopener\">\n\t\t\t\t\t\t\tNeem contact met ons op\n\t\t\t\t\t<\/a>\n\t\t<!-- Comment to fix spacing issue\n\t-->\n\t\t<h3>We worden vertrouwd door meer dan&nbsp;0&nbsp;bedrijven<\/h3>\n\t<!-- Comment to fix spacing issue\n\t-->\t\n\n","protected":false},"excerpt":{"rendered":"<p>Voor bedrijven Vraag een offerte aan Klik hier Bedrijfsdiensten Bedrijfsadministratie Wij bieden boekhoudkundige diensten van hoogwaardig kwaliteit aan. U kunt bij ons aankloppen met elke soort &hellip;<\/p>\n<p class=\"read-more\"> <a class=\"\" href=\"https:\/\/rohs-administratie.nl\/nl\/voor-bedrijven\/\"> <span class=\"screen-reader-text\">Voor bedrijven<\/span> Czytaj dalej \u00bb<\/a><\/p>\n","protected":false},"author":1,"featured_media":0,"parent":0,"menu_order":0,"comment_status":"closed","ping_status":"closed","template":"","meta":{"site-sidebar-layout":"no-sidebar","site-content-layout":"page-builder","ast-site-content-layout":"","site-content-style":"default","site-sidebar-style":"default","ast-global-header-display":"","ast-banner-title-visibility":"","ast-main-header-display":"","ast-hfb-above-header-display":"","ast-hfb-below-header-display":"","ast-hfb-mobile-header-display":"","site-post-title":"disabled","ast-breadcrumbs-content":"","ast-featured-img":"disabled","footer-sml-layout":"","theme-transparent-header-meta":"default","adv-header-id-meta":"","stick-header-meta":"","header-above-stick-meta":"","header-main-stick-meta":"","header-below-stick-meta":"","astra-migrate-meta-layouts":"","ast-page-background-enabled":"default","ast-page-background-meta":{"desktop":{"background-color":"","background-image":"","background-repeat":"repeat","background-position":"center center","background-size":"auto","background-attachment":"scroll","background-type":"","background-media":"","overlay-type":"","overlay-color":"","overlay-gradient":""},"tablet":{"background-color":"","background-image":"","background-repeat":"repeat","background-position":"center center","background-size":"auto","background-attachment":"scroll","background-type":"","background-media":"","overlay-type":"","overlay-color":"","overlay-gradient":""},"mobile":{"background-color":"","background-image":"","background-repeat":"repeat","background-position":"center center","background-size":"auto","background-attachment":"scroll","background-type":"","background-media":"","overlay-type":"","overlay-color":"","overlay-gradient":""}},"ast-content-background-meta":{"desktop":{"background-color":"var(--ast-global-color-5)","background-image":"","background-repeat":"repeat","background-position":"center center","background-size":"auto","background-attachment":"scroll","background-type":"","background-media":"","overlay-type":"","overlay-color":"","overlay-gradient":""},"tablet":{"background-color":"var(--ast-global-color-5)","background-image":"","background-repeat":"repeat","background-position":"center center","background-size":"auto","background-attachment":"scroll","background-type":"","background-media":"","overlay-type":"","overlay-color":"","overlay-gradient":""},"mobile":{"background-color":"var(--ast-global-color-5)","background-image":"","background-repeat":"repeat","background-position":"center center","background-size":"auto","background-attachment":"scroll","background-type":"","background-media":"","overlay-type":"","overlay-color":"","overlay-gradient":""}},"footnotes":""},"yoast_head":"<!-- This site is optimized with the Yoast SEO plugin v21.6 - https:\/\/yoast.com\/wordpress\/plugins\/seo\/ -->\n<title>Voor bedrijven | ROHS Administratie<\/title>\n<meta name=\"robots\" content=\"index, follow, max-snippet:-1, max-image-preview:large, max-video-preview:-1\" \/>\n<link rel=\"canonical\" href=\"https:\/\/rohs-administratie.nl\/nl\/voor-bedrijven\/\" \/>\n<meta property=\"og:locale\" content=\"nl_NL\" \/>\n<meta property=\"og:type\" content=\"article\" \/>\n<meta property=\"og:title\" content=\"Voor bedrijven | ROHS Administratie\" \/>\n<meta property=\"og:description\" content=\"Voor bedrijven Vraag een offerte aan Klik hier Bedrijfsdiensten Bedrijfsadministratie Wij bieden boekhoudkundige diensten van hoogwaardig kwaliteit aan. U kunt bij ons aankloppen met elke soort &hellip; Voor bedrijven Czytaj dalej \u00bb\" \/>\n<meta property=\"og:url\" content=\"https:\/\/rohs-administratie.nl\/nl\/voor-bedrijven\/\" \/>\n<meta property=\"og:site_name\" content=\"ROHS Administratie\" \/>\n<meta property=\"article:modified_time\" content=\"2023-12-01T05:58:50+00:00\" \/>\n<meta name=\"twitter:card\" content=\"summary_large_image\" \/>\n<meta name=\"twitter:label1\" content=\"Geschatte leestijd\" \/>\n\t<meta name=\"twitter:data1\" content=\"1 minuut\" \/>\n<script type=\"application\/ld+json\" class=\"yoast-schema-graph\">{\"@context\":\"https:\/\/schema.org\",\"@graph\":[{\"@type\":\"WebPage\",\"@id\":\"https:\/\/rohs-administratie.nl\/nl\/voor-bedrijven\/\",\"url\":\"https:\/\/rohs-administratie.nl\/nl\/voor-bedrijven\/\",\"name\":\"Voor bedrijven | ROHS Administratie\",\"isPartOf\":{\"@id\":\"https:\/\/rohs-administratie.nl\/nl\/#website\"},\"datePublished\":\"2022-03-19T19:34:12+00:00\",\"dateModified\":\"2023-12-01T05:58:50+00:00\",\"breadcrumb\":{\"@id\":\"https:\/\/rohs-administratie.nl\/nl\/voor-bedrijven\/#breadcrumb\"},\"inLanguage\":\"nl-NL\",\"potentialAction\":[{\"@type\":\"ReadAction\",\"target\":[\"https:\/\/rohs-administratie.nl\/nl\/voor-bedrijven\/\"]}]},{\"@type\":\"BreadcrumbList\",\"@id\":\"https:\/\/rohs-administratie.nl\/nl\/voor-bedrijven\/#breadcrumb\",\"itemListElement\":[{\"@type\":\"ListItem\",\"position\":1,\"name\":\"Home\",\"item\":\"https:\/\/rohs-administratie.nl\/nl\/\"},{\"@type\":\"ListItem\",\"position\":2,\"name\":\"Voor bedrijven\"}]},{\"@type\":\"WebSite\",\"@id\":\"https:\/\/rohs-administratie.nl\/nl\/#website\",\"url\":\"https:\/\/rohs-administratie.nl\/nl\/\",\"name\":\"ROHS Administratie\",\"description\":\"Profesjonalna ksi\u0119gowo\u015b\u0107 i doradztwo biznesowe w Holandii\",\"publisher\":{\"@id\":\"https:\/\/rohs-administratie.nl\/nl\/#organization\"},\"potentialAction\":[{\"@type\":\"SearchAction\",\"target\":{\"@type\":\"EntryPoint\",\"urlTemplate\":\"https:\/\/rohs-administratie.nl\/nl\/?s={search_term_string}\"},\"query-input\":\"required name=search_term_string\"}],\"inLanguage\":\"nl-NL\"},{\"@type\":\"Organization\",\"@id\":\"https:\/\/rohs-administratie.nl\/nl\/#organization\",\"name\":\"PCS Diensten\",\"url\":\"https:\/\/rohs-administratie.nl\/nl\/\",\"logo\":{\"@type\":\"ImageObject\",\"inLanguage\":\"nl-NL\",\"@id\":\"https:\/\/rohs-administratie.nl\/nl\/#\/schema\/logo\/image\/\",\"url\":\"https:\/\/rohs-administratie.nl\/wp-content\/uploads\/2021\/12\/rohs-logo-250x74-1.svg\",\"contentUrl\":\"https:\/\/rohs-administratie.nl\/wp-content\/uploads\/2021\/12\/rohs-logo-250x74-1.svg\",\"caption\":\"PCS Diensten\"},\"image\":{\"@id\":\"https:\/\/rohs-administratie.nl\/nl\/#\/schema\/logo\/image\/\"}}]}<\/script>\n<!-- \/ Yoast SEO plugin. -->","yoast_head_json":{"title":"Voor bedrijven | ROHS Administratie","robots":{"index":"index","follow":"follow","max-snippet":"max-snippet:-1","max-image-preview":"max-image-preview:large","max-video-preview":"max-video-preview:-1"},"canonical":"https:\/\/rohs-administratie.nl\/nl\/voor-bedrijven\/","og_locale":"nl_NL","og_type":"article","og_title":"Voor bedrijven | ROHS Administratie","og_description":"Voor bedrijven Vraag een offerte aan Klik hier Bedrijfsdiensten Bedrijfsadministratie Wij bieden boekhoudkundige diensten van hoogwaardig kwaliteit aan. U kunt bij ons aankloppen met elke soort &hellip; Voor bedrijven Czytaj dalej \u00bb","og_url":"https:\/\/rohs-administratie.nl\/nl\/voor-bedrijven\/","og_site_name":"ROHS Administratie","article_modified_time":"2023-12-01T05:58:50+00:00","twitter_card":"summary_large_image","twitter_misc":{"Geschatte leestijd":"1 minuut"},"schema":{"@context":"https:\/\/schema.org","@graph":[{"@type":"WebPage","@id":"https:\/\/rohs-administratie.nl\/nl\/voor-bedrijven\/","url":"https:\/\/rohs-administratie.nl\/nl\/voor-bedrijven\/","name":"Voor bedrijven | ROHS Administratie","isPartOf":{"@id":"https:\/\/rohs-administratie.nl\/nl\/#website"},"datePublished":"2022-03-19T19:34:12+00:00","dateModified":"2023-12-01T05:58:50+00:00","breadcrumb":{"@id":"https:\/\/rohs-administratie.nl\/nl\/voor-bedrijven\/#breadcrumb"},"inLanguage":"nl-NL","potentialAction":[{"@type":"ReadAction","target":["https:\/\/rohs-administratie.nl\/nl\/voor-bedrijven\/"]}]},{"@type":"BreadcrumbList","@id":"https:\/\/rohs-administratie.nl\/nl\/voor-bedrijven\/#breadcrumb","itemListElement":[{"@type":"ListItem","position":1,"name":"Home","item":"https:\/\/rohs-administratie.nl\/nl\/"},{"@type":"ListItem","position":2,"name":"Voor bedrijven"}]},{"@type":"WebSite","@id":"https:\/\/rohs-administratie.nl\/nl\/#website","url":"https:\/\/rohs-administratie.nl\/nl\/","name":"ROHS Administratie","description":"Profesjonalna ksi\u0119gowo\u015b\u0107 i doradztwo biznesowe w Holandii","publisher":{"@id":"https:\/\/rohs-administratie.nl\/nl\/#organization"},"potentialAction":[{"@type":"SearchAction","target":{"@type":"EntryPoint","urlTemplate":"https:\/\/rohs-administratie.nl\/nl\/?s={search_term_string}"},"query-input":"required name=search_term_string"}],"inLanguage":"nl-NL"},{"@type":"Organization","@id":"https:\/\/rohs-administratie.nl\/nl\/#organization","name":"PCS Diensten","url":"https:\/\/rohs-administratie.nl\/nl\/","logo":{"@type":"ImageObject","inLanguage":"nl-NL","@id":"https:\/\/rohs-administratie.nl\/nl\/#\/schema\/logo\/image\/","url":"https:\/\/rohs-administratie.nl\/wp-content\/uploads\/2021\/12\/rohs-logo-250x74-1.svg","contentUrl":"https:\/\/rohs-administratie.nl\/wp-content\/uploads\/2021\/12\/rohs-logo-250x74-1.svg","caption":"PCS Diensten"},"image":{"@id":"https:\/\/rohs-administratie.nl\/nl\/#\/schema\/logo\/image\/"}}]}},"_links":{"self":[{"href":"https:\/\/rohs-administratie.nl\/nl\/wp-json\/wp\/v2\/pages\/3312"}],"collection":[{"href":"https:\/\/rohs-administratie.nl\/nl\/wp-json\/wp\/v2\/pages"}],"about":[{"href":"https:\/\/rohs-administratie.nl\/nl\/wp-json\/wp\/v2\/types\/page"}],"author":[{"embeddable":true,"href":"https:\/\/rohs-administratie.nl\/nl\/wp-json\/wp\/v2\/users\/1"}],"replies":[{"embeddable":true,"href":"https:\/\/rohs-administratie.nl\/nl\/wp-json\/wp\/v2\/comments?post=3312"}],"version-history":[{"count":6,"href":"https:\/\/rohs-administratie.nl\/nl\/wp-json\/wp\/v2\/pages\/3312\/revisions"}],"predecessor-version":[{"id":4046,"href":"https:\/\/rohs-administratie.nl\/nl\/wp-json\/wp\/v2\/pages\/3312\/revisions\/4046"}],"wp:attachment":[{"href":"https:\/\/rohs-administratie.nl\/nl\/wp-json\/wp\/v2\/media?parent=3312"}],"curies":[{"name":"wp","href":"https:\/\/api.w.org\/{rel}","templated":true}]}}