{"id":3367,"date":"2022-03-22T20:24:29","date_gmt":"2022-03-22T19:24:29","guid":{"rendered":"https:\/\/rohs-administratie.nl\/%d0%bf%d1%80%d0%b5%d0%b9%d1%81%d0%ba%d1%83%d1%80%d0%b0%d0%bd%d1%82\/"},"modified":"2025-01-06T13:02:31","modified_gmt":"2025-01-06T12:02:31","slug":"%d1%86%d0%b5%d0%bd%d1%8b","status":"publish","type":"page","link":"https:\/\/rohs-administratie.nl\/ru\/%d1%86%d0%b5%d0%bd%d1%8b\/","title":{"rendered":"\u0426\u0435\u043d\u044b"},"content":{"rendered":"\n\n\t<h1>\n\t\t\t\tCennik\n\t\t\t<\/h1>\n\t\t\t<span><span><a href=\"https:\/\/rohs-administratie.nl\/ru\/\">Home<\/a><\/span><\/span>\t\n\t<h2>\n\t\t\t\tCennik\n\t\t\t<\/h2>\n\t<ul>\n\t\t<li>\t\t\t\t\n\t\t<h5>Rozliczenie roczne w cenie<\/h5><\/li><li>\t\t\t\t\n\t\t<h5>Brak ukrytych koszt\u00f3w<\/h5><\/li><li>\t\t\t\t\n\t\t<h5>Pomoc we wszystkich sprawach ksi\u0119gowych<\/h5><\/li>\t<\/ul>\n\t\t\t\t\t\t\t<h4>Pakiet dla firmy (cena od)<\/h4>\n\t\t\t\t\t\t\t\t\t<h2>\n\t\t\t\t\t\u20ac98 *\t\t\t\t\t\t\t\t\t\t<\/h2>\n\t\t\t\t\t\t\t\t\n<h6>\n\t\t* Op\u0142ata za 4 tygodnie (28 dni)\n\t<\/h6>\n\t<p>Szczeg\u00f3\u0142owe op\u0142aty zawarte s\u0105 w <a href=\"https:\/\/rohs-administratie.nl\/ru\/%d1%83%d1%81%d0%bb%d0%be%d0%b2%d0%b8%d1%8f-%d0%b8-%d0%bf%d0%be%d0%bb%d0%be%d0%b6%d0%b5%d0%bd%d0%b8%d1%8f\/\" target=\"_blank\" rel=\"noopener\">Regulaminie<\/a><\/p>\n\t\t\t<h3>Us\u0142ugi na najwy\u017cszym poziomie<\/h3>\t\t\t\n\t\t\t\t<p>Pomagamy zar\u00f3wno przedsi\u0119biorcom jak i osobom prywatnym. Je\u017celi jeste\u015b zainteresowany cenami innych us\u0142ug, serdecznie zapraszamy do kontaktu.<\/p>\n\t\t\t<a href=\"https:\/\/rohs-administratie.nl\/ru\/%d0%ba%d0%be%d0%bd%d1%82%d0%b0%d0%ba%d1%82\/\" target=\"_self\" role=\"button\" aria-label=\"Skontaktuj si\u0119 z nami\" rel=\"noopener\">\n\t\t\t\t\t\t\tSkontaktuj si\u0119 z nami\n\t\t<\/a>\n\n","protected":false},"excerpt":{"rendered":"<p>Cennik Cennik Rozliczenie roczne w cenie Brak ukrytych koszt\u00f3w Pomoc we wszystkich sprawach ksi\u0119gowych Pakiet dla firmy (cena od) \u20ac98 * * Op\u0142ata za 4 tygodnie &hellip;<\/p>\n<p class=\"read-more\"> <a class=\"\" href=\"https:\/\/rohs-administratie.nl\/ru\/%d1%86%d0%b5%d0%bd%d1%8b\/\"> <span class=\"screen-reader-text\">\u0426\u0435\u043d\u044b<\/span> Czytaj dalej \u00bb<\/a><\/p>\n","protected":false},"author":1,"featured_media":0,"parent":0,"menu_order":0,"comment_status":"closed","ping_status":"closed","template":"","meta":{"site-sidebar-layout":"no-sidebar","site-content-layout":"page-builder","ast-site-content-layout":"","site-content-style":"default","site-sidebar-style":"default","ast-global-header-display":"","ast-banner-title-visibility":"","ast-main-header-display":"","ast-hfb-above-header-display":"","ast-hfb-below-header-display":"","ast-hfb-mobile-header-display":"","site-post-title":"disabled","ast-breadcrumbs-content":"","ast-featured-img":"disabled","footer-sml-layout":"","theme-transparent-header-meta":"default","adv-header-id-meta":"","stick-header-meta":"","header-above-stick-meta":"","header-main-stick-meta":"","header-below-stick-meta":"","astra-migrate-meta-layouts":"","ast-page-background-enabled":"default","ast-page-background-meta":{"desktop":{"background-color":"","background-image":"","background-repeat":"repeat","background-position":"center center","background-size":"auto","background-attachment":"scroll","background-type":"","background-media":"","overlay-type":"","overlay-color":"","overlay-gradient":""},"tablet":{"background-color":"","background-image":"","background-repeat":"repeat","background-position":"center center","background-size":"auto","background-attachment":"scroll","background-type":"","background-media":"","overlay-type":"","overlay-color":"","overlay-gradient":""},"mobile":{"background-color":"","background-image":"","background-repeat":"repeat","background-position":"center center","background-size":"auto","background-attachment":"scroll","background-type":"","background-media":"","overlay-type":"","overlay-color":"","overlay-gradient":""}},"ast-content-background-meta":{"desktop":{"background-color":"var(--ast-global-color-5)","background-image":"","background-repeat":"repeat","background-position":"center center","background-size":"auto","background-attachment":"scroll","background-type":"","background-media":"","overlay-type":"","overlay-color":"","overlay-gradient":""},"tablet":{"background-color":"var(--ast-global-color-5)","background-image":"","background-repeat":"repeat","background-position":"center center","background-size":"auto","background-attachment":"scroll","background-type":"","background-media":"","overlay-type":"","overlay-color":"","overlay-gradient":""},"mobile":{"background-color":"var(--ast-global-color-5)","background-image":"","background-repeat":"repeat","background-position":"center center","background-size":"auto","background-attachment":"scroll","background-type":"","background-media":"","overlay-type":"","overlay-color":"","overlay-gradient":""}},"footnotes":""},"yoast_head":"<!-- This site is optimized with the Yoast SEO plugin v21.6 - https:\/\/yoast.com\/wordpress\/plugins\/seo\/ -->\n<title>\u0426\u0435\u043d\u044b | ROHS Administratie<\/title>\n<meta name=\"robots\" content=\"index, follow, max-snippet:-1, max-image-preview:large, max-video-preview:-1\" \/>\n<link rel=\"canonical\" href=\"https:\/\/rohs-administratie.nl\/ru\/%d1%86%d0%b5%d0%bd%d1%8b\/\" \/>\n<meta property=\"og:locale\" content=\"ru_RU\" \/>\n<meta property=\"og:type\" content=\"article\" \/>\n<meta property=\"og:title\" content=\"\u0426\u0435\u043d\u044b | ROHS Administratie\" \/>\n<meta property=\"og:description\" content=\"Cennik Cennik Rozliczenie roczne w cenie Brak ukrytych koszt\u00f3w Pomoc we wszystkich sprawach ksi\u0119gowych Pakiet dla firmy (cena od) \u20ac98 * * Op\u0142ata za 4 tygodnie &hellip; \u0426\u0435\u043d\u044b Czytaj dalej \u00bb\" \/>\n<meta property=\"og:url\" content=\"https:\/\/rohs-administratie.nl\/ru\/%d1%86%d0%b5%d0%bd%d1%8b\/\" \/>\n<meta property=\"og:site_name\" content=\"ROHS Administratie\" \/>\n<meta property=\"article:modified_time\" content=\"2025-01-06T12:02:31+00:00\" \/>\n<meta name=\"twitter:card\" content=\"summary_large_image\" \/>\n<script type=\"application\/ld+json\" class=\"yoast-schema-graph\">{\"@context\":\"https:\/\/schema.org\",\"@graph\":[{\"@type\":\"WebPage\",\"@id\":\"https:\/\/rohs-administratie.nl\/ru\/%d1%86%d0%b5%d0%bd%d1%8b\/\",\"url\":\"https:\/\/rohs-administratie.nl\/ru\/%d1%86%d0%b5%d0%bd%d1%8b\/\",\"name\":\"\u0426\u0435\u043d\u044b | ROHS Administratie\",\"isPartOf\":{\"@id\":\"https:\/\/rohs-administratie.nl\/ru\/#website\"},\"datePublished\":\"2022-03-22T19:24:29+00:00\",\"dateModified\":\"2025-01-06T12:02:31+00:00\",\"breadcrumb\":{\"@id\":\"https:\/\/rohs-administratie.nl\/ru\/%d1%86%d0%b5%d0%bd%d1%8b\/#breadcrumb\"},\"inLanguage\":\"ru-RU\",\"potentialAction\":[{\"@type\":\"ReadAction\",\"target\":[\"https:\/\/rohs-administratie.nl\/ru\/%d1%86%d0%b5%d0%bd%d1%8b\/\"]}]},{\"@type\":\"BreadcrumbList\",\"@id\":\"https:\/\/rohs-administratie.nl\/ru\/%d1%86%d0%b5%d0%bd%d1%8b\/#breadcrumb\",\"itemListElement\":[{\"@type\":\"ListItem\",\"position\":1,\"name\":\"Home\",\"item\":\"https:\/\/rohs-administratie.nl\/ru\/\"},{\"@type\":\"ListItem\",\"position\":2,\"name\":\"\u0426\u0435\u043d\u044b\"}]},{\"@type\":\"WebSite\",\"@id\":\"https:\/\/rohs-administratie.nl\/ru\/#website\",\"url\":\"https:\/\/rohs-administratie.nl\/ru\/\",\"name\":\"ROHS Administratie\",\"description\":\"Profesjonalna ksi\u0119gowo\u015b\u0107 i doradztwo biznesowe w Holandii\",\"publisher\":{\"@id\":\"https:\/\/rohs-administratie.nl\/ru\/#organization\"},\"potentialAction\":[{\"@type\":\"SearchAction\",\"target\":{\"@type\":\"EntryPoint\",\"urlTemplate\":\"https:\/\/rohs-administratie.nl\/ru\/?s={search_term_string}\"},\"query-input\":\"required name=search_term_string\"}],\"inLanguage\":\"ru-RU\"},{\"@type\":\"Organization\",\"@id\":\"https:\/\/rohs-administratie.nl\/ru\/#organization\",\"name\":\"PCS Diensten\",\"url\":\"https:\/\/rohs-administratie.nl\/ru\/\",\"logo\":{\"@type\":\"ImageObject\",\"inLanguage\":\"ru-RU\",\"@id\":\"https:\/\/rohs-administratie.nl\/ru\/#\/schema\/logo\/image\/\",\"url\":\"https:\/\/rohs-administratie.nl\/wp-content\/uploads\/2021\/12\/rohs-logo-250x74-1.svg\",\"contentUrl\":\"https:\/\/rohs-administratie.nl\/wp-content\/uploads\/2021\/12\/rohs-logo-250x74-1.svg\",\"caption\":\"PCS Diensten\"},\"image\":{\"@id\":\"https:\/\/rohs-administratie.nl\/ru\/#\/schema\/logo\/image\/\"}}]}<\/script>\n<!-- \/ Yoast SEO plugin. -->","yoast_head_json":{"title":"\u0426\u0435\u043d\u044b | ROHS Administratie","robots":{"index":"index","follow":"follow","max-snippet":"max-snippet:-1","max-image-preview":"max-image-preview:large","max-video-preview":"max-video-preview:-1"},"canonical":"https:\/\/rohs-administratie.nl\/ru\/%d1%86%d0%b5%d0%bd%d1%8b\/","og_locale":"ru_RU","og_type":"article","og_title":"\u0426\u0435\u043d\u044b | ROHS Administratie","og_description":"Cennik Cennik Rozliczenie roczne w cenie Brak ukrytych koszt\u00f3w Pomoc we wszystkich sprawach ksi\u0119gowych Pakiet dla firmy (cena od) \u20ac98 * * Op\u0142ata za 4 tygodnie &hellip; \u0426\u0435\u043d\u044b Czytaj dalej \u00bb","og_url":"https:\/\/rohs-administratie.nl\/ru\/%d1%86%d0%b5%d0%bd%d1%8b\/","og_site_name":"ROHS Administratie","article_modified_time":"2025-01-06T12:02:31+00:00","twitter_card":"summary_large_image","schema":{"@context":"https:\/\/schema.org","@graph":[{"@type":"WebPage","@id":"https:\/\/rohs-administratie.nl\/ru\/%d1%86%d0%b5%d0%bd%d1%8b\/","url":"https:\/\/rohs-administratie.nl\/ru\/%d1%86%d0%b5%d0%bd%d1%8b\/","name":"\u0426\u0435\u043d\u044b | ROHS Administratie","isPartOf":{"@id":"https:\/\/rohs-administratie.nl\/ru\/#website"},"datePublished":"2022-03-22T19:24:29+00:00","dateModified":"2025-01-06T12:02:31+00:00","breadcrumb":{"@id":"https:\/\/rohs-administratie.nl\/ru\/%d1%86%d0%b5%d0%bd%d1%8b\/#breadcrumb"},"inLanguage":"ru-RU","potentialAction":[{"@type":"ReadAction","target":["https:\/\/rohs-administratie.nl\/ru\/%d1%86%d0%b5%d0%bd%d1%8b\/"]}]},{"@type":"BreadcrumbList","@id":"https:\/\/rohs-administratie.nl\/ru\/%d1%86%d0%b5%d0%bd%d1%8b\/#breadcrumb","itemListElement":[{"@type":"ListItem","position":1,"name":"Home","item":"https:\/\/rohs-administratie.nl\/ru\/"},{"@type":"ListItem","position":2,"name":"\u0426\u0435\u043d\u044b"}]},{"@type":"WebSite","@id":"https:\/\/rohs-administratie.nl\/ru\/#website","url":"https:\/\/rohs-administratie.nl\/ru\/","name":"ROHS Administratie","description":"Profesjonalna ksi\u0119gowo\u015b\u0107 i doradztwo biznesowe w Holandii","publisher":{"@id":"https:\/\/rohs-administratie.nl\/ru\/#organization"},"potentialAction":[{"@type":"SearchAction","target":{"@type":"EntryPoint","urlTemplate":"https:\/\/rohs-administratie.nl\/ru\/?s={search_term_string}"},"query-input":"required name=search_term_string"}],"inLanguage":"ru-RU"},{"@type":"Organization","@id":"https:\/\/rohs-administratie.nl\/ru\/#organization","name":"PCS Diensten","url":"https:\/\/rohs-administratie.nl\/ru\/","logo":{"@type":"ImageObject","inLanguage":"ru-RU","@id":"https:\/\/rohs-administratie.nl\/ru\/#\/schema\/logo\/image\/","url":"https:\/\/rohs-administratie.nl\/wp-content\/uploads\/2021\/12\/rohs-logo-250x74-1.svg","contentUrl":"https:\/\/rohs-administratie.nl\/wp-content\/uploads\/2021\/12\/rohs-logo-250x74-1.svg","caption":"PCS Diensten"},"image":{"@id":"https:\/\/rohs-administratie.nl\/ru\/#\/schema\/logo\/image\/"}}]}},"_links":{"self":[{"href":"https:\/\/rohs-administratie.nl\/ru\/wp-json\/wp\/v2\/pages\/3367"}],"collection":[{"href":"https:\/\/rohs-administratie.nl\/ru\/wp-json\/wp\/v2\/pages"}],"about":[{"href":"https:\/\/rohs-administratie.nl\/ru\/wp-json\/wp\/v2\/types\/page"}],"author":[{"embeddable":true,"href":"https:\/\/rohs-administratie.nl\/ru\/wp-json\/wp\/v2\/users\/1"}],"replies":[{"embeddable":true,"href":"https:\/\/rohs-administratie.nl\/ru\/wp-json\/wp\/v2\/comments?post=3367"}],"version-history":[{"count":4,"href":"https:\/\/rohs-administratie.nl\/ru\/wp-json\/wp\/v2\/pages\/3367\/revisions"}],"predecessor-version":[{"id":4168,"href":"https:\/\/rohs-administratie.nl\/ru\/wp-json\/wp\/v2\/pages\/3367\/revisions\/4168"}],"wp:attachment":[{"href":"https:\/\/rohs-administratie.nl\/ru\/wp-json\/wp\/v2\/media?parent=3367"}],"curies":[{"name":"wp","href":"https:\/\/api.w.org\/{rel}","templated":true}]}}