{"id":3370,"date":"2022-03-22T21:05:36","date_gmt":"2022-03-22T20:05:36","guid":{"rendered":"https:\/\/rohs-administratie.nl\/%d0%bf%d1%80%d0%b5%d0%b4%d0%bf%d1%80%d0%b8%d1%8f%d1%82%d0%b8%d1%8f\/"},"modified":"2023-12-01T07:01:45","modified_gmt":"2023-12-01T06:01:45","slug":"%d0%b4%d0%bb%d1%8f-%d0%ba%d0%be%d0%bc%d0%bf%d0%b0%d0%bd%d0%b8%d0%b9","status":"publish","type":"page","link":"https:\/\/rohs-administratie.nl\/ru\/%d0%b4%d0%bb%d1%8f-%d0%ba%d0%be%d0%bc%d0%bf%d0%b0%d0%bd%d0%b8%d0%b9\/","title":{"rendered":"\u0414\u043b\u044f \u043a\u043e\u043c\u043f\u0430\u043d\u0438\u0439"},"content":{"rendered":"\n\n\t<h1>\n\t\t\t\t\u0414\u043b\u044f \u043a\u043e\u043c\u043f\u0430\u043d\u0438\u0439\n\t\t\t<\/h1>\n\t\t\t<span><span><a href=\"https:\/\/rohs-administratie.nl\/ru\/\">Home<\/a><\/span><\/span>\t\n\t\t<h3>\u0421\u043f\u0440\u043e\u0441\u0438\u0442\u0435 \u043f\u0440\u0435\u0434\u043b\u043e\u0436\u0435\u043d\u0438\u0435<\/h3>\n\t\t\t<a href=\"https:\/\/rohs-administratie.nl\/ru\/%d0%ba%d0%be%d0%bd%d1%82%d0%b0%d0%ba%d1%82\/\" target=\"_blank\" rel=\"noopener\">\n\t\t\t\t\t\tK\u043b\u0438\u043a\u043d\u0438\u0442\u0435 \u0441\u044e\u0434\u0430\n\t\t\t\t\t<\/a>\n\t<h2>\n\t\t\t\t\u0414\u0435\u043b\u043e\u0432\u044b\u0435 \u0443\u0441\u043b\u0443\u0433\u0438\n\t\t\t<\/h2>\n\t\t<h3>\u0411\u0443\u0445\u0433\u0430\u043b\u0442\u0435\u0440\u0441\u043a\u0438\u0439 \u0443\u0447\u0435\u0442 \u043f\u0440\u0435\u0434\u043f\u0440\u0438\u044f\u0442\u0438\u0439<\/h3>\t\t\t\n\t\t\t\t<p>\u041c\u044b \u043f\u0440\u0435\u0434\u043b\u0430\u0433\u0430\u0435\u043c \u0432\u044b\u0441\u043e\u043a\u043e\u043a\u0430\u0447\u0435\u0441\u0442\u0432\u0435\u043d\u043d\u044b\u0435 \u0431\u0443\u0445\u0433\u0430\u043b\u0442\u0435\u0440\u0441\u043a\u0438\u0435 \u0443\u0441\u043b\u0443\u0433\u0438. \u041c\u044b \u043e\u043a\u0430\u0437\u044b\u0432\u0430\u0435\u043c \u043f\u043e\u0434\u0434\u0435\u0440\u0436\u043a\u0443 \u043a\u043e\u043c\u043f\u0430\u043d\u0438\u044f\u043c \u043f\u0440\u0438 \u043e\u0444\u043e\u0440\u043c\u043b\u0435\u043d\u0438\u0438 \u043b\u044e\u0431\u044b\u0445 \u044e\u0440\u0438\u0434\u0438\u0447\u0435\u0441\u043a\u0438\u0445 \u0444\u043e\u0440\u043c. \u0412\u044b \u0442\u0430\u043a\u0436\u0435 \u043c\u043e\u0436\u0435\u0442\u0435 \u043e\u0431\u0440\u0430\u0442\u0438\u0442\u044c\u0441\u044f \u043a \u043d\u0430\u043c \u043f\u043e \u043b\u044e\u0431\u044b\u043c \u0441\u043b\u043e\u0436\u043d\u044b\u043c \u0432\u043e\u043f\u0440\u043e\u0441\u0430\u043c. \u0417\u0430 \u0433\u043e\u0434\u044b \u0440\u0430\u0431\u043e\u0442\u044b \u043c\u044b \u0441\u0442\u0430\u043b\u0438 \u044d\u043a\u0441\u043f\u0435\u0440\u0442\u0430\u043c\u0438 \u0432 \u0441\u0432\u043e\u0435\u0439 \u043e\u0431\u043b\u0430\u0441\u0442\u0438.<\/p>\n\t\t<h3>\u041a\u043e\u043d\u0441\u0443\u043b\u044c\u0442\u0430\u0446\u0438\u0438 \u0438 \u043f\u043e\u0434\u0434\u0435\u0440\u0436\u043a\u0430 \u043f\u0440\u0435\u0434\u043f\u0440\u0438\u043d\u0438\u043c\u0430\u0442\u0435\u043b\u0435\u0439<\/h3>\t\t\t\n\t\t\t\t<p>\u041c\u044b \u043f\u043e\u043c\u043e\u0433\u0430\u0435\u043c \u043f\u0440\u0435\u0434\u043f\u0440\u0438\u043d\u0438\u043c\u0430\u0442\u0435\u043b\u044f\u043c \u0432\u0435\u0441\u0442\u0438 \u0441\u0432\u043e\u0439 \u0431\u0438\u0437\u043d\u0435\u0441. \u041c\u044b \u043f\u043e\u043c\u043e\u0433\u0430\u0435\u043c \u0438\u043c \u043a\u0430\u043a \u043f\u0440\u043e\u0444\u0435\u0441\u0441\u0438\u043e\u043d\u0430\u043b\u044c\u043d\u044b\u043c\u0438 \u0441\u043e\u0432\u0435\u0442\u0430\u043c\u0438 \u043f\u043e \u0432\u0435\u0434\u0435\u043d\u0438\u044e \u0431\u0438\u0437\u043d\u0435\u0441\u0430, \u0442\u0430\u043a \u0438 \u043d\u043e\u0432\u044b\u043c\u0438 \u043a\u043e\u043d\u0442\u0430\u043a\u0442\u0430\u043c\u0438.<\/p>\n\t\t<h3>\u041f\u0435\u0440\u0435\u0432\u043e\u0434\u044b<\/h3>\t\t\t\n\t\t\t\t<p>\u041c\u044b \u043e\u043a\u0430\u0437\u044b\u0432\u0430\u0435\u043c \u043f\u043e\u043c\u043e\u0449\u044c \u0432 \u043f\u0435\u0440\u0435\u0432\u043e\u0434\u0430\u0445, \u0441\u0432\u044f\u0437\u0430\u043d\u043d\u044b\u0445 \u0441 \u0434\u0435\u044f\u0442\u0435\u043b\u044c\u043d\u043e\u0441\u0442\u044c\u044e \u043a\u043e\u043c\u043f\u0430\u043d\u0438\u0438.<\/p>\n\t\t<h3>\u0410\u0434\u043c\u0438\u043d\u0438\u0441\u0442\u0440\u0438\u0440\u043e\u0432\u0430\u043d\u0438\u0435 \u0437\u0430\u0440\u0430\u0431\u043e\u0442\u043d\u043e\u0439 \u043f\u043b\u0430\u0442\u044b<\/h3>\t\t\t\n\t\t\t\t<p>\u041c\u044b \u043a\u043e\u043c\u043f\u043b\u0435\u043a\u0441\u043d\u043e \u0437\u0430\u043d\u0438\u043c\u0430\u0435\u043c\u0441\u044f \u043d\u0430\u0447\u0438\u0441\u043b\u0435\u043d\u0438\u0435\u043c \u0437\u0430\u0440\u0430\u0431\u043e\u0442\u043d\u043e\u0439 \u043f\u043b\u0430\u0442\u044b. \u042d\u0442\u043e \u0432\u043a\u043b\u044e\u0447\u0430\u0435\u0442 \u0432 \u0441\u0435\u0431\u044f \u043f\u043e\u0434\u0433\u043e\u0442\u043e\u0432\u043a\u0443 \u0440\u0430\u0441\u0447\u0435\u0442\u043d\u044b\u0445 \u043b\u0438\u0441\u0442\u043a\u043e\u0432 \u0432\u043f\u043b\u043e\u0442\u044c \u0434\u043e \u043f\u043e\u0434\u0430\u0447\u0438 \u043d\u0430\u043b\u043e\u0433\u043e\u0432\u043e\u0439 \u0434\u0435\u043a\u043b\u0430\u0440\u0430\u0446\u0438\u0438 \u043f\u043e \u0437\u0430\u0440\u0430\u0431\u043e\u0442\u043d\u043e\u0439 \u043f\u043b\u0430\u0442\u0435. \u041c\u044b \u0433\u043e\u0442\u043e\u0432\u0438\u043c \u0442\u0440\u0443\u0434\u043e\u0432\u044b\u0435 \u0434\u043e\u0433\u043e\u0432\u043e\u0440\u044b \u0438 \u0441\u0435\u0440\u0442\u0438\u0444\u0438\u043a\u0430\u0442\u044b NEN. \u041c\u044b \u0442\u0430\u043a\u0436\u0435 \u043a\u043e\u043d\u0441\u0443\u043b\u044c\u0442\u0438\u0440\u0443\u0435\u043c \u043f\u043e \u0432\u043e\u043f\u0440\u043e\u0441\u0430\u043c \u043a\u043e\u043b\u043b\u0435\u043a\u0442\u0438\u0432\u043d\u044b\u0445 \u0442\u0440\u0443\u0434\u043e\u0432\u044b\u0445 \u0434\u043e\u0433\u043e\u0432\u043e\u0440\u043e\u0432 (CAO) \u0438 \u0438\u0445 \u043f\u0440\u0430\u0432\u0438\u043b\u044c\u043d\u043e\u0433\u043e \u043f\u0440\u0438\u043c\u0435\u043d\u0435\u043d\u0438\u044f.<\/p>\n\t\t<h3>\u042e\u0440\u0438\u0434\u0438\u0447\u0435\u0441\u043a\u0438\u0435 \u0432\u043e\u043f\u0440\u043e\u0441\u044b<\/h3>\t\t\t\n\t\t\t\t<p>\u041c\u044b \u043f\u043e\u043c\u043e\u0433\u0430\u0435\u043c \u0432 \u0440\u0435\u0448\u0435\u043d\u0438\u0438 \u044e\u0440\u0438\u0434\u0438\u0447\u0435\u0441\u043a\u0438\u0445 \u043f\u0440\u043e\u0431\u043b\u0435\u043c, \u0441 \u043a\u043e\u0442\u043e\u0440\u044b\u043c\u0438 \u043c\u043e\u0436\u0435\u0442 \u0441\u0442\u043e\u043b\u043a\u043d\u0443\u0442\u044c\u0441\u044f \u043b\u044e\u0431\u0430\u044f \u043a\u043e\u043c\u043f\u0430\u043d\u0438\u044f.<\/p>\n\t\t<h3>\u041e\u0442\u043a\u0440\u044b\u0442\u0438\u0435 \u043a\u043e\u043c\u043f\u0430\u043d\u0438\u0438<\/h3>\t\t\t\n\t\t\t\t<p>\u041c\u044b \u043f\u043e\u043c\u043e\u0436\u0435\u043c \u0432\u0430\u043c \u0437\u0430\u0440\u0435\u0433\u0438\u0441\u0442\u0440\u0438\u0440\u043e\u0432\u0430\u0442\u044c \u043d\u043e\u0432\u043e\u0435 \u043f\u0440\u0435\u0434\u043f\u0440\u0438\u044f\u0442\u0438\u0435 \u0438 \u043e\u0442\u043a\u0440\u044b\u0442\u044c \u043a\u043e\u0440\u043f\u043e\u0440\u0430\u0442\u0438\u0432\u043d\u044b\u0439 \u0441\u0447\u0435\u0442.<\/p>\n\t<h3>\n\t\t\t\t\u0425\u043e\u0442\u0438\u0442\u0435 \u043f\u043e\u043f\u043e\u043b\u043d\u0438\u0442\u044c \u0440\u044f\u0434\u044b \u043d\u0430\u0448\u0438\u0445 \u0434\u043e\u0432\u043e\u043b\u044c\u043d\u044b\u0445 \u043a\u043b\u0438\u0435\u043d\u0442\u043e\u0432?\n\t\t\t<\/h3>\n\t\t\t<a href=\"\/kontakt\/\" target=\"_self\" rel=\"noopener\">\n\t\t\t\t\t\t\t\u0421\u0432\u044f\u0436\u0438\u0442\u0435\u0441\u044c \u0441 \u043d\u0430\u043c\u0438\n\t\t\t\t\t<\/a>\n\t\t<!-- Comment to fix spacing issue\n\t-->\n\t\t<h3>\u041d\u0430\u043c \u0434\u043e\u0432\u0435\u0440\u044f\u044e\u0442 \u0431\u043e\u043b\u0435\u0435&nbsp;0&nbsp;\u043a\u043e\u043c\u043f\u0430\u043d\u0438\u0439<\/h3>\n\t<!-- Comment to fix spacing issue\n\t-->\t\n\n","protected":false},"excerpt":{"rendered":"<p>\u0414\u043b\u044f \u043a\u043e\u043c\u043f\u0430\u043d\u0438\u0439 \u0421\u043f\u0440\u043e\u0441\u0438\u0442\u0435 \u043f\u0440\u0435\u0434\u043b\u043e\u0436\u0435\u043d\u0438\u0435 K\u043b\u0438\u043a\u043d\u0438\u0442\u0435 \u0441\u044e\u0434\u0430 \u0414\u0435\u043b\u043e\u0432\u044b\u0435 \u0443\u0441\u043b\u0443\u0433\u0438 \u0411\u0443\u0445\u0433\u0430\u043b\u0442\u0435\u0440\u0441\u043a\u0438\u0439 \u0443\u0447\u0435\u0442 \u043f\u0440\u0435\u0434\u043f\u0440\u0438\u044f\u0442\u0438\u0439 \u041c\u044b \u043f\u0440\u0435\u0434\u043b\u0430\u0433\u0430\u0435\u043c \u0432\u044b\u0441\u043e\u043a\u043e\u043a\u0430\u0447\u0435\u0441\u0442\u0432\u0435\u043d\u043d\u044b\u0435 \u0431\u0443\u0445\u0433\u0430\u043b\u0442\u0435\u0440\u0441\u043a\u0438\u0435 \u0443\u0441\u043b\u0443\u0433\u0438. \u041c\u044b \u043e\u043a\u0430\u0437\u044b\u0432\u0430\u0435\u043c \u043f\u043e\u0434\u0434\u0435\u0440\u0436\u043a\u0443 \u043a\u043e\u043c\u043f\u0430\u043d\u0438\u044f\u043c \u043f\u0440\u0438 \u043e\u0444\u043e\u0440\u043c\u043b\u0435\u043d\u0438\u0438 \u043b\u044e\u0431\u044b\u0445 \u044e\u0440\u0438\u0434\u0438\u0447\u0435\u0441\u043a\u0438\u0445 \u0444\u043e\u0440\u043c. \u0412\u044b &hellip;<\/p>\n<p class=\"read-more\"> <a class=\"\" href=\"https:\/\/rohs-administratie.nl\/ru\/%d0%b4%d0%bb%d1%8f-%d0%ba%d0%be%d0%bc%d0%bf%d0%b0%d0%bd%d0%b8%d0%b9\/\"> <span class=\"screen-reader-text\">\u0414\u043b\u044f \u043a\u043e\u043c\u043f\u0430\u043d\u0438\u0439<\/span> Czytaj dalej \u00bb<\/a><\/p>\n","protected":false},"author":1,"featured_media":0,"parent":0,"menu_order":0,"comment_status":"closed","ping_status":"closed","template":"","meta":{"site-sidebar-layout":"no-sidebar","site-content-layout":"page-builder","ast-site-content-layout":"","site-content-style":"default","site-sidebar-style":"default","ast-global-header-display":"","ast-banner-title-visibility":"","ast-main-header-display":"","ast-hfb-above-header-display":"","ast-hfb-below-header-display":"","ast-hfb-mobile-header-display":"","site-post-title":"disabled","ast-breadcrumbs-content":"","ast-featured-img":"disabled","footer-sml-layout":"","theme-transparent-header-meta":"default","adv-header-id-meta":"","stick-header-meta":"","header-above-stick-meta":"","header-main-stick-meta":"","header-below-stick-meta":"","astra-migrate-meta-layouts":"","ast-page-background-enabled":"default","ast-page-background-meta":{"desktop":{"background-color":"","background-image":"","background-repeat":"repeat","background-position":"center center","background-size":"auto","background-attachment":"scroll","background-type":"","background-media":"","overlay-type":"","overlay-color":"","overlay-gradient":""},"tablet":{"background-color":"","background-image":"","background-repeat":"repeat","background-position":"center center","background-size":"auto","background-attachment":"scroll","background-type":"","background-media":"","overlay-type":"","overlay-color":"","overlay-gradient":""},"mobile":{"background-color":"","background-image":"","background-repeat":"repeat","background-position":"center center","background-size":"auto","background-attachment":"scroll","background-type":"","background-media":"","overlay-type":"","overlay-color":"","overlay-gradient":""}},"ast-content-background-meta":{"desktop":{"background-color":"var(--ast-global-color-5)","background-image":"","background-repeat":"repeat","background-position":"center center","background-size":"auto","background-attachment":"scroll","background-type":"","background-media":"","overlay-type":"","overlay-color":"","overlay-gradient":""},"tablet":{"background-color":"var(--ast-global-color-5)","background-image":"","background-repeat":"repeat","background-position":"center center","background-size":"auto","background-attachment":"scroll","background-type":"","background-media":"","overlay-type":"","overlay-color":"","overlay-gradient":""},"mobile":{"background-color":"var(--ast-global-color-5)","background-image":"","background-repeat":"repeat","background-position":"center center","background-size":"auto","background-attachment":"scroll","background-type":"","background-media":"","overlay-type":"","overlay-color":"","overlay-gradient":""}},"footnotes":""},"yoast_head":"<!-- This site is optimized with the Yoast SEO plugin v21.6 - https:\/\/yoast.com\/wordpress\/plugins\/seo\/ -->\n<title>\u0414\u043b\u044f \u043a\u043e\u043c\u043f\u0430\u043d\u0438\u0439 | ROHS Administratie<\/title>\n<meta name=\"robots\" content=\"index, follow, max-snippet:-1, max-image-preview:large, max-video-preview:-1\" \/>\n<link rel=\"canonical\" href=\"https:\/\/rohs-administratie.nl\/ru\/%d0%b4%d0%bb%d1%8f-%d0%ba%d0%be%d0%bc%d0%bf%d0%b0%d0%bd%d0%b8%d0%b9\/\" \/>\n<meta property=\"og:locale\" content=\"ru_RU\" \/>\n<meta property=\"og:type\" content=\"article\" \/>\n<meta property=\"og:title\" content=\"\u0414\u043b\u044f \u043a\u043e\u043c\u043f\u0430\u043d\u0438\u0439 | ROHS Administratie\" \/>\n<meta property=\"og:description\" content=\"\u0414\u043b\u044f \u043a\u043e\u043c\u043f\u0430\u043d\u0438\u0439 \u0421\u043f\u0440\u043e\u0441\u0438\u0442\u0435 \u043f\u0440\u0435\u0434\u043b\u043e\u0436\u0435\u043d\u0438\u0435 K\u043b\u0438\u043a\u043d\u0438\u0442\u0435 \u0441\u044e\u0434\u0430 \u0414\u0435\u043b\u043e\u0432\u044b\u0435 \u0443\u0441\u043b\u0443\u0433\u0438 \u0411\u0443\u0445\u0433\u0430\u043b\u0442\u0435\u0440\u0441\u043a\u0438\u0439 \u0443\u0447\u0435\u0442 \u043f\u0440\u0435\u0434\u043f\u0440\u0438\u044f\u0442\u0438\u0439 \u041c\u044b \u043f\u0440\u0435\u0434\u043b\u0430\u0433\u0430\u0435\u043c \u0432\u044b\u0441\u043e\u043a\u043e\u043a\u0430\u0447\u0435\u0441\u0442\u0432\u0435\u043d\u043d\u044b\u0435 \u0431\u0443\u0445\u0433\u0430\u043b\u0442\u0435\u0440\u0441\u043a\u0438\u0435 \u0443\u0441\u043b\u0443\u0433\u0438. \u041c\u044b \u043e\u043a\u0430\u0437\u044b\u0432\u0430\u0435\u043c \u043f\u043e\u0434\u0434\u0435\u0440\u0436\u043a\u0443 \u043a\u043e\u043c\u043f\u0430\u043d\u0438\u044f\u043c \u043f\u0440\u0438 \u043e\u0444\u043e\u0440\u043c\u043b\u0435\u043d\u0438\u0438 \u043b\u044e\u0431\u044b\u0445 \u044e\u0440\u0438\u0434\u0438\u0447\u0435\u0441\u043a\u0438\u0445 \u0444\u043e\u0440\u043c. \u0412\u044b &hellip; \u0414\u043b\u044f \u043a\u043e\u043c\u043f\u0430\u043d\u0438\u0439 Czytaj dalej \u00bb\" \/>\n<meta property=\"og:url\" content=\"https:\/\/rohs-administratie.nl\/ru\/%d0%b4%d0%bb%d1%8f-%d0%ba%d0%be%d0%bc%d0%bf%d0%b0%d0%bd%d0%b8%d0%b9\/\" \/>\n<meta property=\"og:site_name\" content=\"ROHS Administratie\" \/>\n<meta property=\"article:modified_time\" content=\"2023-12-01T06:01:45+00:00\" \/>\n<meta name=\"twitter:card\" content=\"summary_large_image\" \/>\n<script type=\"application\/ld+json\" class=\"yoast-schema-graph\">{\"@context\":\"https:\/\/schema.org\",\"@graph\":[{\"@type\":\"WebPage\",\"@id\":\"https:\/\/rohs-administratie.nl\/ru\/%d0%b4%d0%bb%d1%8f-%d0%ba%d0%be%d0%bc%d0%bf%d0%b0%d0%bd%d0%b8%d0%b9\/\",\"url\":\"https:\/\/rohs-administratie.nl\/ru\/%d0%b4%d0%bb%d1%8f-%d0%ba%d0%be%d0%bc%d0%bf%d0%b0%d0%bd%d0%b8%d0%b9\/\",\"name\":\"\u0414\u043b\u044f \u043a\u043e\u043c\u043f\u0430\u043d\u0438\u0439 | ROHS Administratie\",\"isPartOf\":{\"@id\":\"https:\/\/rohs-administratie.nl\/ru\/#website\"},\"datePublished\":\"2022-03-22T20:05:36+00:00\",\"dateModified\":\"2023-12-01T06:01:45+00:00\",\"breadcrumb\":{\"@id\":\"https:\/\/rohs-administratie.nl\/ru\/%d0%b4%d0%bb%d1%8f-%d0%ba%d0%be%d0%bc%d0%bf%d0%b0%d0%bd%d0%b8%d0%b9\/#breadcrumb\"},\"inLanguage\":\"ru-RU\",\"potentialAction\":[{\"@type\":\"ReadAction\",\"target\":[\"https:\/\/rohs-administratie.nl\/ru\/%d0%b4%d0%bb%d1%8f-%d0%ba%d0%be%d0%bc%d0%bf%d0%b0%d0%bd%d0%b8%d0%b9\/\"]}]},{\"@type\":\"BreadcrumbList\",\"@id\":\"https:\/\/rohs-administratie.nl\/ru\/%d0%b4%d0%bb%d1%8f-%d0%ba%d0%be%d0%bc%d0%bf%d0%b0%d0%bd%d0%b8%d0%b9\/#breadcrumb\",\"itemListElement\":[{\"@type\":\"ListItem\",\"position\":1,\"name\":\"Home\",\"item\":\"https:\/\/rohs-administratie.nl\/ru\/\"},{\"@type\":\"ListItem\",\"position\":2,\"name\":\"\u0414\u043b\u044f \u043a\u043e\u043c\u043f\u0430\u043d\u0438\u0439\"}]},{\"@type\":\"WebSite\",\"@id\":\"https:\/\/rohs-administratie.nl\/ru\/#website\",\"url\":\"https:\/\/rohs-administratie.nl\/ru\/\",\"name\":\"ROHS Administratie\",\"description\":\"Profesjonalna ksi\u0119gowo\u015b\u0107 i doradztwo biznesowe w Holandii\",\"publisher\":{\"@id\":\"https:\/\/rohs-administratie.nl\/ru\/#organization\"},\"potentialAction\":[{\"@type\":\"SearchAction\",\"target\":{\"@type\":\"EntryPoint\",\"urlTemplate\":\"https:\/\/rohs-administratie.nl\/ru\/?s={search_term_string}\"},\"query-input\":\"required name=search_term_string\"}],\"inLanguage\":\"ru-RU\"},{\"@type\":\"Organization\",\"@id\":\"https:\/\/rohs-administratie.nl\/ru\/#organization\",\"name\":\"PCS Diensten\",\"url\":\"https:\/\/rohs-administratie.nl\/ru\/\",\"logo\":{\"@type\":\"ImageObject\",\"inLanguage\":\"ru-RU\",\"@id\":\"https:\/\/rohs-administratie.nl\/ru\/#\/schema\/logo\/image\/\",\"url\":\"https:\/\/rohs-administratie.nl\/wp-content\/uploads\/2021\/12\/rohs-logo-250x74-1.svg\",\"contentUrl\":\"https:\/\/rohs-administratie.nl\/wp-content\/uploads\/2021\/12\/rohs-logo-250x74-1.svg\",\"caption\":\"PCS Diensten\"},\"image\":{\"@id\":\"https:\/\/rohs-administratie.nl\/ru\/#\/schema\/logo\/image\/\"}}]}<\/script>\n<!-- \/ Yoast SEO plugin. -->","yoast_head_json":{"title":"\u0414\u043b\u044f \u043a\u043e\u043c\u043f\u0430\u043d\u0438\u0439 | ROHS Administratie","robots":{"index":"index","follow":"follow","max-snippet":"max-snippet:-1","max-image-preview":"max-image-preview:large","max-video-preview":"max-video-preview:-1"},"canonical":"https:\/\/rohs-administratie.nl\/ru\/%d0%b4%d0%bb%d1%8f-%d0%ba%d0%be%d0%bc%d0%bf%d0%b0%d0%bd%d0%b8%d0%b9\/","og_locale":"ru_RU","og_type":"article","og_title":"\u0414\u043b\u044f \u043a\u043e\u043c\u043f\u0430\u043d\u0438\u0439 | ROHS Administratie","og_description":"\u0414\u043b\u044f \u043a\u043e\u043c\u043f\u0430\u043d\u0438\u0439 \u0421\u043f\u0440\u043e\u0441\u0438\u0442\u0435 \u043f\u0440\u0435\u0434\u043b\u043e\u0436\u0435\u043d\u0438\u0435 K\u043b\u0438\u043a\u043d\u0438\u0442\u0435 \u0441\u044e\u0434\u0430 \u0414\u0435\u043b\u043e\u0432\u044b\u0435 \u0443\u0441\u043b\u0443\u0433\u0438 \u0411\u0443\u0445\u0433\u0430\u043b\u0442\u0435\u0440\u0441\u043a\u0438\u0439 \u0443\u0447\u0435\u0442 \u043f\u0440\u0435\u0434\u043f\u0440\u0438\u044f\u0442\u0438\u0439 \u041c\u044b \u043f\u0440\u0435\u0434\u043b\u0430\u0433\u0430\u0435\u043c \u0432\u044b\u0441\u043e\u043a\u043e\u043a\u0430\u0447\u0435\u0441\u0442\u0432\u0435\u043d\u043d\u044b\u0435 \u0431\u0443\u0445\u0433\u0430\u043b\u0442\u0435\u0440\u0441\u043a\u0438\u0435 \u0443\u0441\u043b\u0443\u0433\u0438. \u041c\u044b \u043e\u043a\u0430\u0437\u044b\u0432\u0430\u0435\u043c \u043f\u043e\u0434\u0434\u0435\u0440\u0436\u043a\u0443 \u043a\u043e\u043c\u043f\u0430\u043d\u0438\u044f\u043c \u043f\u0440\u0438 \u043e\u0444\u043e\u0440\u043c\u043b\u0435\u043d\u0438\u0438 \u043b\u044e\u0431\u044b\u0445 \u044e\u0440\u0438\u0434\u0438\u0447\u0435\u0441\u043a\u0438\u0445 \u0444\u043e\u0440\u043c. \u0412\u044b &hellip; \u0414\u043b\u044f \u043a\u043e\u043c\u043f\u0430\u043d\u0438\u0439 Czytaj dalej \u00bb","og_url":"https:\/\/rohs-administratie.nl\/ru\/%d0%b4%d0%bb%d1%8f-%d0%ba%d0%be%d0%bc%d0%bf%d0%b0%d0%bd%d0%b8%d0%b9\/","og_site_name":"ROHS Administratie","article_modified_time":"2023-12-01T06:01:45+00:00","twitter_card":"summary_large_image","schema":{"@context":"https:\/\/schema.org","@graph":[{"@type":"WebPage","@id":"https:\/\/rohs-administratie.nl\/ru\/%d0%b4%d0%bb%d1%8f-%d0%ba%d0%be%d0%bc%d0%bf%d0%b0%d0%bd%d0%b8%d0%b9\/","url":"https:\/\/rohs-administratie.nl\/ru\/%d0%b4%d0%bb%d1%8f-%d0%ba%d0%be%d0%bc%d0%bf%d0%b0%d0%bd%d0%b8%d0%b9\/","name":"\u0414\u043b\u044f \u043a\u043e\u043c\u043f\u0430\u043d\u0438\u0439 | ROHS Administratie","isPartOf":{"@id":"https:\/\/rohs-administratie.nl\/ru\/#website"},"datePublished":"2022-03-22T20:05:36+00:00","dateModified":"2023-12-01T06:01:45+00:00","breadcrumb":{"@id":"https:\/\/rohs-administratie.nl\/ru\/%d0%b4%d0%bb%d1%8f-%d0%ba%d0%be%d0%bc%d0%bf%d0%b0%d0%bd%d0%b8%d0%b9\/#breadcrumb"},"inLanguage":"ru-RU","potentialAction":[{"@type":"ReadAction","target":["https:\/\/rohs-administratie.nl\/ru\/%d0%b4%d0%bb%d1%8f-%d0%ba%d0%be%d0%bc%d0%bf%d0%b0%d0%bd%d0%b8%d0%b9\/"]}]},{"@type":"BreadcrumbList","@id":"https:\/\/rohs-administratie.nl\/ru\/%d0%b4%d0%bb%d1%8f-%d0%ba%d0%be%d0%bc%d0%bf%d0%b0%d0%bd%d0%b8%d0%b9\/#breadcrumb","itemListElement":[{"@type":"ListItem","position":1,"name":"Home","item":"https:\/\/rohs-administratie.nl\/ru\/"},{"@type":"ListItem","position":2,"name":"\u0414\u043b\u044f \u043a\u043e\u043c\u043f\u0430\u043d\u0438\u0439"}]},{"@type":"WebSite","@id":"https:\/\/rohs-administratie.nl\/ru\/#website","url":"https:\/\/rohs-administratie.nl\/ru\/","name":"ROHS Administratie","description":"Profesjonalna ksi\u0119gowo\u015b\u0107 i doradztwo biznesowe w Holandii","publisher":{"@id":"https:\/\/rohs-administratie.nl\/ru\/#organization"},"potentialAction":[{"@type":"SearchAction","target":{"@type":"EntryPoint","urlTemplate":"https:\/\/rohs-administratie.nl\/ru\/?s={search_term_string}"},"query-input":"required name=search_term_string"}],"inLanguage":"ru-RU"},{"@type":"Organization","@id":"https:\/\/rohs-administratie.nl\/ru\/#organization","name":"PCS Diensten","url":"https:\/\/rohs-administratie.nl\/ru\/","logo":{"@type":"ImageObject","inLanguage":"ru-RU","@id":"https:\/\/rohs-administratie.nl\/ru\/#\/schema\/logo\/image\/","url":"https:\/\/rohs-administratie.nl\/wp-content\/uploads\/2021\/12\/rohs-logo-250x74-1.svg","contentUrl":"https:\/\/rohs-administratie.nl\/wp-content\/uploads\/2021\/12\/rohs-logo-250x74-1.svg","caption":"PCS Diensten"},"image":{"@id":"https:\/\/rohs-administratie.nl\/ru\/#\/schema\/logo\/image\/"}}]}},"_links":{"self":[{"href":"https:\/\/rohs-administratie.nl\/ru\/wp-json\/wp\/v2\/pages\/3370"}],"collection":[{"href":"https:\/\/rohs-administratie.nl\/ru\/wp-json\/wp\/v2\/pages"}],"about":[{"href":"https:\/\/rohs-administratie.nl\/ru\/wp-json\/wp\/v2\/types\/page"}],"author":[{"embeddable":true,"href":"https:\/\/rohs-administratie.nl\/ru\/wp-json\/wp\/v2\/users\/1"}],"replies":[{"embeddable":true,"href":"https:\/\/rohs-administratie.nl\/ru\/wp-json\/wp\/v2\/comments?post=3370"}],"version-history":[{"count":4,"href":"https:\/\/rohs-administratie.nl\/ru\/wp-json\/wp\/v2\/pages\/3370\/revisions"}],"predecessor-version":[{"id":4051,"href":"https:\/\/rohs-administratie.nl\/ru\/wp-json\/wp\/v2\/pages\/3370\/revisions\/4051"}],"wp:attachment":[{"href":"https:\/\/rohs-administratie.nl\/ru\/wp-json\/wp\/v2\/media?parent=3370"}],"curies":[{"name":"wp","href":"https:\/\/api.w.org\/{rel}","templated":true}]}}