{"id":3962,"date":"2023-01-10T20:46:57","date_gmt":"2023-01-10T19:46:57","guid":{"rendered":"https:\/\/rohs-administratie.nl\/%d0%bf%d1%80%d0%be-%d0%bd%d0%b0%d1%81\/"},"modified":"2025-12-14T01:31:04","modified_gmt":"2025-12-14T00:31:04","slug":"%d0%bf%d1%80%d0%be-%d0%bd%d0%b0%d1%81","status":"publish","type":"page","link":"https:\/\/rohs-administratie.nl\/uk\/%d0%bf%d1%80%d0%be-%d0%bd%d0%b0%d1%81\/","title":{"rendered":"\u041f\u0440\u043e \u043d\u0430\u0441"},"content":{"rendered":"\n\n\t<h1>\n\t\t\t\t\u041f\u0440\u043e \u043d\u0430\u0441\n\t\t\t<\/h1>\n\t\t\t<span><span><a href=\"https:\/\/rohs-administratie.nl\/uk\/\">Home<\/a><\/span><\/span>\t\n\t\t<h3>\u0417\u0430\u0434\u0430\u0442\u0438 \u043f\u0438\u0442\u0430\u043d\u043d\u044f<\/h3>\n\t\t\t<a href=\"https:\/\/rohs-administratie.nl\/uk\/%d0%ba%d0%be%d0%bd%d1%82%d0%b0%d0%ba%d1%82\/\" target=\"_blank\" rel=\"noopener\">\n\t\t\t\t\t\tH\u0430\u0442\u0438\u0441\u043d\u0456\u0442\u044c \u0442\u0443\u0442\n\t\t\t\t\t<\/a>\n\t<h2>\n\t\t\t\t\u041f\u0440\u043e \u043d\u0430\u0441\n\t\t\t<\/h2>\n\t\t\t\t<img loading=\"lazy\" decoding=\"async\" src=\"https:\/\/rohs-administratie.nl\/wp-content\/uploads\/2022\/03\/Mariusz-300x300.jpg\" alt=\"Mariusz\" itemprop=\"image\" height=\"300\" width=\"300\" title=\"Mariusz\" onerror=\"this.style.display='none'\"  \/>\n<h3>\n\t\tMariusz Rohs\n\t<\/h3>\n\t\t\t\t<img loading=\"lazy\" decoding=\"async\" src=\"https:\/\/rohs-administratie.nl\/wp-content\/uploads\/2022\/07\/Marek-300x300.jpg\" alt=\"Marek\" itemprop=\"image\" height=\"300\" width=\"300\" title=\"Marek\" onerror=\"this.style.display='none'\"  \/>\n<h3>\n\t\tMarek Czerniak\n\t<\/h3>\n<h2>\n\t\t\u041c\u0438 \u0434\u043e\u043f\u043e\u043c\u0430\u0433\u0430\u0454\u043c\u043e  \u0412\u0430\u043c \u0456 \u0412\u0430\u0448\u0456\u0439 \u043a\u043e\u043c\u043f\u0430\u043d\u0456\u0457  \u0434\u043e\u0441\u044f\u0433\u0442\u0438 \u0443\u0441\u043f\u0456\u0445\u0443\n\t<\/h2>\n\t\t\t\t<img decoding=\"async\" src=\"https:\/\/pro.demos.wpbeaverbuilder.com\/wp-content\/uploads\/sites\/29\/2021\/08\/jon-tyson-8MMtYM_3xMY-unsplash-1024x768.jpg\" alt=\"\" itemprop=\"image\" onerror=\"this.style.display='none'\"  \/>\n<h4>\n\t\t\u0417\u0432&#8217;\u044f\u0436\u0456\u0442\u044c\u0441\u044f \u0437 \u043d\u0430\u043c\u0438 &#8211; \u0434\u0430\u0432\u0430\u0439\u0442\u0435 \u0440\u0430\u0437\u043e\u043c \u0432\u0438\u043f&#8217;\u0454\u043c\u043e \u043a\u0430\u0432\u0438 \u0442\u0430 \u043f\u043e\u0433\u043e\u0432\u043e\u0440\u0438\u043c\u043e \u043f\u0440\u043e \u0432\u0430\u0448\u0443 \u043a\u043e\u043c\u043f\u0430\u043d\u0456\u044e.\n\t<\/h4>\n<h2>\n\t\t\u041d\u0430\u0448\u0456 \u043d\u0430\u0432\u0438\u043a\u0438 \u0442\u0430 \u0434\u043e\u0441\u0432\u0456\u0434\n\t<\/h2>\n\t<p>\u041f\u0440\u0430\u0446\u044e\u044e\u0447\u0438 \u0431\u0430\u0433\u0430\u0442\u043e \u0440\u043e\u043a\u0456\u0432 \u043d\u0430 \u0440\u0438\u043d\u043a\u0443, \u043c\u0438 \u0432\u043e\u043b\u043e\u0434\u0456\u0454\u043c\u043e \u0448\u0438\u0440\u043e\u043a\u0438\u043c\u0438 \u0437\u043d\u0430\u043d\u043d\u044f\u043c\u0438 \u0442\u0430 \u0434\u043e\u0441\u0432\u0456\u0434\u043e\u043c, \u0449\u043e \u043e\u0445\u043e\u043f\u043b\u044e\u044e\u0442\u044c \u0437\u0430\u0433\u0430\u043b\u044c\u043d\u0456 \u0430\u0434\u043c\u0456\u043d\u0456\u0441\u0442\u0440\u0430\u0442\u0438\u0432\u043d\u0456 \u0442\u0430 \u0431\u0443\u0445\u0433\u0430\u043b\u0442\u0435\u0440\u0441\u044c\u043a\u0456 \u043f\u043e\u0441\u043b\u0443\u0433\u0438 \u0432 \u041d\u0456\u0434\u0435\u043b\u0430\u043d\u0434\u0430\u0445.<\/p>\n<p>\u041c\u0438 \u0434\u043e\u043f\u043e\u043c\u0430\u0433\u0430\u0454\u043c\u043e \u044f\u043a \u043f\u0440\u0438\u0432\u0430\u0442\u043d\u0438\u043c \u043e\u0441\u043e\u0431\u0430\u043c, \u0442\u0430\u043a \u0456 \u0431\u0456\u0437\u043d\u0435\u0441-\u043a\u043b\u0456\u0454\u043d\u0442\u0430\u043c \u043d\u0430 \u043a\u043e\u0436\u043d\u043e\u043c\u0443 \u0437 \u0435\u0442\u0430\u043f\u0456\u0432 \u0444\u0443\u043d\u043a\u0446\u0456\u043e\u043d\u0443\u0432\u0430\u043d\u043d\u044f \u0432 \u043a\u0440\u0430\u0457\u043d\u0456 \u0442\u044e\u043b\u044c\u043f\u0430\u043d\u0456\u0432. \u041c\u0438 \u0434\u043e\u043f\u043e\u043c\u0430\u0433\u0430\u0454\u043c\u043e \u044f\u043a \u0442\u0438\u043c, \u0445\u0442\u043e \u0440\u043e\u0431\u0438\u0442\u044c \u043f\u0435\u0440\u0448\u0456 \u043a\u0440\u043e\u043a\u0438 \u0432 \u041d\u0456\u0434\u0435\u0440\u043b\u0430\u043d\u0434\u0430\u0445 \u0456 \u043f\u043e\u0442\u0440\u0435\u0431\u0443\u0454, \u043d\u0430\u043f\u0440\u0438\u043a\u043b\u0430\u0434, \u043a\u043e\u043d\u0441\u0443\u043b\u044c\u0442\u0430\u0446\u0456\u0457, \u0432\u0456\u0434\u043a\u0440\u0438\u0442\u0442\u044f \u0431\u0430\u043d\u043a\u0456\u0432\u0441\u044c\u043a\u043e\u0433\u043e \u0440\u0430\u0445\u0443\u043d\u043a\u0443 \u0430\u0431\u043e \u043e\u0442\u0440\u0438\u043c\u0430\u043d\u043d\u044f \u0441\u0442\u0440\u0430\u0445\u043e\u0432\u043a\u0438, \u0442\u0430\u043a \u0456 \u0442\u0438\u043c, \u0445\u0442\u043e \u0432\u0436\u0435 \u0432\u043b\u0430\u0448\u0442\u0443\u0432\u0430\u0432\u0441\u044f \u0442\u0443\u0442 \u0430\u0431\u043e \u0437\u0431\u0438\u0440\u0430\u0454\u0442\u044c\u0441\u044f \u0446\u0435 \u0437\u0440\u043e\u0431\u0438\u0442\u0438. \u041c\u0438 \u0431\u0443\u0434\u0435\u043c\u043e \u0437\u0430\u043f\u043e\u0432\u043d\u044e\u0432\u0430\u0442\u0438 \u0437\u0430\u044f\u0432\u0438 \u0442\u0430 \u043f\u0440\u043e\u0432\u043e\u0434\u0438\u0442\u0438 \u0449\u043e\u0440\u0456\u0447\u043d\u0438\u0439 \u0440\u043e\u0437\u0440\u0430\u0445\u0443\u043d\u043e\u043a.<\/p>\n<p>\u041e\u0433\u043b\u044f\u0434 \u043f\u043e\u0441\u043b\u0443\u0433 \u0434\u043b\u044f \u043f\u0440\u0438\u0432\u0430\u0442\u043d\u0438\u0445 \u043e\u0441\u0456\u0431 \u043c\u043e\u0436\u043d\u0430 \u0437\u043d\u0430\u0439\u0442\u0438 \u043d\u0430 \u0441\u0442\u043e\u0440\u0456\u043d\u0446\u0456 &#8220;\u0414\u043b\u044f \u043f\u0440\u0438\u0432\u0430\u0442\u043d\u0438\u0445 \u043e\u0441\u0456\u0431&#8221;.<\/p>\n\u041c\u0438 \u043c\u0430\u0454\u043c\u043e \u043d\u0435 \u043c\u0435\u043d\u0448 \u0431\u0430\u0433\u0430\u0442\u0443 \u043f\u0440\u043e\u043f\u043e\u0437\u0438\u0446\u0456\u044e \u0434\u043b\u044f \u0442\u0438\u0445, \u0445\u0442\u043e \u043c\u0430\u0454 \u043d\u0430\u043c\u0456\u0440 \u0432\u0456\u0434\u043a\u0440\u0438\u0442\u0438 \u0441\u0432\u0456\u0439 \u0431\u0456\u0437\u043d\u0435\u0441 \u0443 \u041d\u0456\u0434\u0435\u0440\u043b\u0430\u043d\u0434\u0430\u0445 \u0430\u0431\u043e \u0432\u0436\u0435 \u0432\u0435\u0434\u0435 \u0432\u043b\u0430\u0441\u043d\u0443 \u0441\u043f\u0440\u0430\u0432\u0443. \u0412\u0438 \u043c\u043e\u0436\u0435\u0442\u0435 \u0440\u043e\u0437\u0440\u0430\u0445\u043e\u0432\u0443\u0432\u0430\u0442\u0438 \u043d\u0430 \u043a\u043e\u043c\u043f\u043b\u0435\u043a\u0441\u043d\u0456 \u043f\u043e\u0441\u043b\u0443\u0433\u0438 \u0437 \u0443\u0441\u0456\u0445 \u0430\u0441\u043f\u0435\u043a\u0442\u0456\u0432 \u0432\u0435\u0434\u0435\u043d\u043d\u044f \u0431\u0456\u0437\u043d\u0435\u0441\u0443 \u0432 \u041d\u0456\u0434\u0435\u0440\u043b\u0430\u043d\u0434\u0430\u0445.<br \/>\n\u0414\u043e\u043a\u043b\u0430\u0434\u043d\u0456\u0448\u0435 \u043f\u0440\u043e \u043f\u043e\u0441\u043b\u0443\u0433\u0438 \u0434\u043b\u044f \u043a\u043e\u043c\u043f\u0430\u043d\u0456\u0439 \u0432 \u041d\u0456\u0434\u0435\u0440\u043b\u0430\u043d\u0434\u0430\u0445 \u0432\u0438 \u043c\u043e\u0436\u0435\u0442\u0435 \u0434\u0456\u0437\u043d\u0430\u0442\u0438\u0441\u044f \u043d\u0430 \u0441\u0442\u043e\u0440\u0456\u043d\u0446\u0456 &#8220;\u0414\u043b\u044f \u043a\u043e\u043c\u043f\u0430\u043d\u0456\u0439&#8221;.\n\t\t\t\t\t\u041f\u043e\u0441\u043b\u0443\u0433\u0438 \u0434\u043b\u044f \u043a\u043e\u043c\u043f\u0430\u043d\u0456\u0439\n\t\t\t\t\t92%\t\t\t\t\n\t\t\t\t\t\u041f\u043e\u0441\u043b\u0443\u0433\u0438 \u0434\u043b\u044f \u043f\u0440\u0438\u0432\u0430\u0442\u043d\u0438\u0445 \u043e\u0441\u0456\u0431\n\t\t\t\t\t65%\t\t\t\t\n\t\t\t\t\t\u0406\u043d\u0448\u0456 \u043f\u043e\u0441\u043b\u0443\u0433\u0438\n\t\t\t\t\t25%\t\t\t\t\n\t<iframe src=\"https:\/\/www.google.com\/maps\/embed\/v1\/place?q=Bordewijklaan+38+2591+XR+Den+Haag&#038;key=AIzaSyD09zQ9PNDNNy9TadMuzRV_UsPUoWKntt8\" aria-hidden=\"true\" title=\"ROHS Administratie B.V.\"><\/iframe>\n\t<iframe src=\"https:\/\/www.google.com\/maps\/embed?pb=!1m28!1m12!1m3!1d1001.3640200474305!2d4.363065176637954!3d52.08980803751092!2m3!1f0!2f0!3f0!3m2!1i1024!2i768!4f13.1!4m13!3e6!4m5!1s0x47c5b797ef2a4d49%3A0x33f2e89edb94ba28!2sFinnenburg%20202%2C%20Den%20Haag!3m2!1d52.0902491!2d4.3627058!4m5!1s0x47c5b7962a1cd9c1%3A0x8571309e983bb91a!2sBordewijklaan%2038%202591%20XR%20Den%20Haag!3m2!1d52.089370599999995!2d4.3650378!5e0!3m2!1spl!2snl!4v1646086795478!5m2!1spl!2snl\" width=\"750\" height=\"250\" allowfullscreen=\"\" loading=\"lazy\"><\/iframe>\n<h2>\n\t\t\u041d\u0430\u0448\u0435 \u043c\u0456\u0441\u0446\u0435 \u0440\u043e\u0437\u0442\u0430\u0448\u0443\u0432\u0430\u043d\u043d\u044f\n\t<\/h2>\n\t<p>\u041f\u0430\u0440\u043a\u0443\u0432\u0430\u043d\u043d\u044f \u043c\u043e\u0436\u043b\u0438\u0432\u0435 \u043f\u043e\u0440\u044f\u0434 \u0437 \u043e\u0444\u0456\u0441\u043e\u043c \u043d\u0430 \u043c\u0456\u0441\u0446\u044f\u0445, \u0432\u0456\u0434\u043c\u0456\u0447\u0435\u043d\u0438\u0445 \u043f\u0443\u043d\u043a\u0442\u0438\u0440\u043d\u043e\u044e \u0431\u0456\u043b\u043e\u044e \u043b\u0456\u043d\u0456\u0454\u044e &#8211; \u043d\u0435 \u0431\u0456\u043b\u044c\u0448\u0435 1 \u0433\u043e\u0434\u0438\u043d\u0438. \u0422\u0430\u043a\u043e\u0436 \u043d\u0430 \u0432\u0443\u043b\u0438\u0446\u0456 \u0424\u0456\u043d\u043d\u0435\u043d\u0431\u0443\u0440\u0433 202 \u043f\u043e\u0440\u0443\u0447 \u0456\u0437 \u0431\u0456\u043b\u0438\u043c \u043c\u043e\u0441\u0442\u043e\u043c \u0454 <strong>\u0431\u0435\u0437\u043a\u043e\u0448\u0442\u043e\u0432\u043d\u0435 \u043f\u0430\u0440\u043a\u0443\u0432\u0430\u043d\u043d\u044f<\/strong>.<\/p>\n\t\t\t\t<img loading=\"lazy\" decoding=\"async\" src=\"https:\/\/rohs-administratie.nl\/wp-content\/uploads\/2022\/03\/siedziba.jpg\" alt=\"siedziba\" itemprop=\"image\" height=\"512\" width=\"768\" title=\"siedziba\" onerror=\"this.style.display='none'\"  \/>\n<h2>\n\t\t\u0412\u0438 \u0441\u0442\u0443\u0434\u0435\u043d\u0442 \u0442\u0430 \u0448\u0443\u043a\u0430\u0454\u0442\u0435 \u043c\u0456\u0441\u0446\u0435 \u0434\u043b\u044f \u0441\u0442\u0430\u0436\u0443\u0432\u0430\u043d\u043d\u044f?\n\t<\/h2>\n\t\t\t<a href=\"https:\/\/rohs-administratie.nl\/kontakt\/\" target=\"_self\" role=\"button\" aria-label=\"\u0417\u0432'\u044f\u0436\u0456\u0442\u044c\u0441\u044f \u0437 \u043d\u0430\u043c\u0438\" rel=\"noopener\">\n\t\t\t\t\t\t\t\u0417\u0432&#8217;\u044f\u0436\u0456\u0442\u044c\u0441\u044f \u0437 \u043d\u0430\u043c\u0438\n\t\t<\/a>\n\t<p>ROHS Administratie B.V.- \u0432\u0438\u0437\u043d\u0430\u043d\u0430 \u043e\u0441\u0432\u0456\u0442\u043d\u044f \u043a\u043e\u043c\u043f\u0430\u043d\u0456\u044f, \u0432 \u044f\u043a\u0456\u0439 \u0449\u043e\u0440\u0456\u0447\u043d\u043e \u043f\u0440\u043e\u0445\u043e\u0434\u044f\u0442\u044c \u043f\u0440\u0430\u043a\u0442\u0438\u043a\u0443 \u0431\u0430\u0433\u0430\u0442\u043e \u0441\u0442\u0443\u0434\u0435\u043d\u0442\u0456\u0432. \u0412\u0438 \u0441\u0442\u0443\u0434\u0435\u043d\u0442 \u0442\u0430 \u0448\u0443\u043a\u0430\u0454\u0442\u0435 \u043c\u0456\u0441\u0446\u0435 \u0434\u043b\u044f \u0441\u0442\u0430\u0436\u0443\u0432\u0430\u043d\u043d\u044f, \u0434\u0435 \u0437\u043c\u043e\u0436\u0435\u0442\u0435 \u0437\u0430\u0439\u043c\u0430\u0442\u0438\u0441\u044c \u0441\u0430\u043c\u043e\u0440\u043e\u0437\u0432\u0438\u0442\u043a\u043e\u043c? \u0417\u0432&#8217;\u044f\u0436\u0456\u0442\u044c\u0441\u044f \u0437 \u043d\u0430\u043c\u0438.<\/p>\n\t\t\t\t<img loading=\"lazy\" decoding=\"async\" src=\"https:\/\/rohs-administratie.nl\/wp-content\/uploads\/2022\/01\/sbb-leerbedrijf-logo-p-500.png\" alt=\"SBB logo\" itemprop=\"image\" height=\"286\" width=\"500\" title=\"SBB logo\" onerror=\"this.style.display='none'\"  \/>\n\t<h4>\n\t\t\t\t\u0412\u0438 \u043c\u043e\u0436\u0435\u0442\u0435 \u0437\u043d\u0430\u0439\u0442\u0438 \u043d\u0430\u0441 \u043d\u0430 \u043e\u0444\u0456\u0446\u0456\u0439\u043d\u043e\u043c\u0443 \u0441\u0430\u0439\u0442\u0456 <a href=\"https:\/\/zoeken-mijn.s-bb.nl\/Home\/Details?leerbedrijfId=100433469\" target=\"_blank\" rel=\"noopener\">mijn.s-bb.nl<\/a>\n\t\t\t<\/h4>\n\n","protected":false},"excerpt":{"rendered":"<p>\u041f\u0440\u043e \u043d\u0430\u0441 \u0417\u0430\u0434\u0430\u0442\u0438 \u043f\u0438\u0442\u0430\u043d\u043d\u044f H\u0430\u0442\u0438\u0441\u043d\u0456\u0442\u044c \u0442\u0443\u0442 \u041f\u0440\u043e \u043d\u0430\u0441 Mariusz Rohs Marek Czerniak \u041c\u0438 \u0434\u043e\u043f\u043e\u043c\u0430\u0433\u0430\u0454\u043c\u043e \u0412\u0430\u043c \u0456 \u0412\u0430\u0448\u0456\u0439 \u043a\u043e\u043c\u043f\u0430\u043d\u0456\u0457 \u0434\u043e\u0441\u044f\u0433\u0442\u0438 \u0443\u0441\u043f\u0456\u0445\u0443 \u0417\u0432&#8217;\u044f\u0436\u0456\u0442\u044c\u0441\u044f \u0437 \u043d\u0430\u043c\u0438 &#8211; \u0434\u0430\u0432\u0430\u0439\u0442\u0435 \u0440\u0430\u0437\u043e\u043c &hellip;<\/p>\n<p class=\"read-more\"> <a class=\"\" href=\"https:\/\/rohs-administratie.nl\/uk\/%d0%bf%d1%80%d0%be-%d0%bd%d0%b0%d1%81\/\"> <span class=\"screen-reader-text\">\u041f\u0440\u043e \u043d\u0430\u0441<\/span> Czytaj dalej \u00bb<\/a><\/p>\n","protected":false},"author":1,"featured_media":0,"parent":0,"menu_order":0,"comment_status":"closed","ping_status":"closed","template":"","meta":{"site-sidebar-layout":"no-sidebar","site-content-layout":"page-builder","ast-site-content-layout":"","site-content-style":"default","site-sidebar-style":"default","ast-global-header-display":"","ast-banner-title-visibility":"","ast-main-header-display":"","ast-hfb-above-header-display":"","ast-hfb-below-header-display":"","ast-hfb-mobile-header-display":"","site-post-title":"disabled","ast-breadcrumbs-content":"","ast-featured-img":"disabled","footer-sml-layout":"","theme-transparent-header-meta":"default","adv-header-id-meta":"","stick-header-meta":"","header-above-stick-meta":"","header-main-stick-meta":"","header-below-stick-meta":"","astra-migrate-meta-layouts":"","ast-page-background-enabled":"default","ast-page-background-meta":{"desktop":{"background-color":"","background-image":"","background-repeat":"repeat","background-position":"center center","background-size":"auto","background-attachment":"scroll","background-type":"","background-media":"","overlay-type":"","overlay-color":"","overlay-gradient":""},"tablet":{"background-color":"","background-image":"","background-repeat":"repeat","background-position":"center center","background-size":"auto","background-attachment":"scroll","background-type":"","background-media":"","overlay-type":"","overlay-color":"","overlay-gradient":""},"mobile":{"background-color":"","background-image":"","background-repeat":"repeat","background-position":"center center","background-size":"auto","background-attachment":"scroll","background-type":"","background-media":"","overlay-type":"","overlay-color":"","overlay-gradient":""}},"ast-content-background-meta":{"desktop":{"background-color":"var(--ast-global-color-5)","background-image":"","background-repeat":"repeat","background-position":"center center","background-size":"auto","background-attachment":"scroll","background-type":"","background-media":"","overlay-type":"","overlay-color":"","overlay-gradient":""},"tablet":{"background-color":"var(--ast-global-color-5)","background-image":"","background-repeat":"repeat","background-position":"center center","background-size":"auto","background-attachment":"scroll","background-type":"","background-media":"","overlay-type":"","overlay-color":"","overlay-gradient":""},"mobile":{"background-color":"var(--ast-global-color-5)","background-image":"","background-repeat":"repeat","background-position":"center center","background-size":"auto","background-attachment":"scroll","background-type":"","background-media":"","overlay-type":"","overlay-color":"","overlay-gradient":""}},"footnotes":""},"yoast_head":"<!-- This site is optimized with the Yoast SEO plugin v21.6 - https:\/\/yoast.com\/wordpress\/plugins\/seo\/ -->\n<title>\u041f\u0440\u043e \u043d\u0430\u0441 | ROHS Administratie<\/title>\n<meta name=\"robots\" content=\"index, follow, max-snippet:-1, max-image-preview:large, max-video-preview:-1\" \/>\n<link rel=\"canonical\" href=\"https:\/\/rohs-administratie.nl\/uk\/%d0%bf%d1%80%d0%be-%d0%bd%d0%b0%d1%81\/\" \/>\n<meta property=\"og:locale\" content=\"uk_UA\" \/>\n<meta property=\"og:type\" content=\"article\" \/>\n<meta property=\"og:title\" content=\"\u041f\u0440\u043e \u043d\u0430\u0441 | ROHS Administratie\" \/>\n<meta property=\"og:description\" content=\"\u041f\u0440\u043e \u043d\u0430\u0441 \u0417\u0430\u0434\u0430\u0442\u0438 \u043f\u0438\u0442\u0430\u043d\u043d\u044f H\u0430\u0442\u0438\u0441\u043d\u0456\u0442\u044c \u0442\u0443\u0442 \u041f\u0440\u043e \u043d\u0430\u0441 Mariusz Rohs Marek Czerniak \u041c\u0438 \u0434\u043e\u043f\u043e\u043c\u0430\u0433\u0430\u0454\u043c\u043e \u0412\u0430\u043c \u0456 \u0412\u0430\u0448\u0456\u0439 \u043a\u043e\u043c\u043f\u0430\u043d\u0456\u0457 \u0434\u043e\u0441\u044f\u0433\u0442\u0438 \u0443\u0441\u043f\u0456\u0445\u0443 \u0417\u0432&#8217;\u044f\u0436\u0456\u0442\u044c\u0441\u044f \u0437 \u043d\u0430\u043c\u0438 &#8211; \u0434\u0430\u0432\u0430\u0439\u0442\u0435 \u0440\u0430\u0437\u043e\u043c &hellip; \u041f\u0440\u043e \u043d\u0430\u0441 Czytaj dalej \u00bb\" \/>\n<meta property=\"og:url\" content=\"https:\/\/rohs-administratie.nl\/uk\/%d0%bf%d1%80%d0%be-%d0%bd%d0%b0%d1%81\/\" \/>\n<meta property=\"og:site_name\" content=\"ROHS Administratie\" \/>\n<meta property=\"article:modified_time\" content=\"2025-12-14T00:31:04+00:00\" \/>\n<meta property=\"og:image\" content=\"https:\/\/rohs-administratie.nl\/wp-content\/uploads\/2022\/03\/Mariusz-300x300.jpg\" \/>\n<meta name=\"twitter:card\" content=\"summary_large_image\" \/>\n<script type=\"application\/ld+json\" class=\"yoast-schema-graph\">{\"@context\":\"https:\/\/schema.org\",\"@graph\":[{\"@type\":\"WebPage\",\"@id\":\"https:\/\/rohs-administratie.nl\/uk\/%d0%bf%d1%80%d0%be-%d0%bd%d0%b0%d1%81\/\",\"url\":\"https:\/\/rohs-administratie.nl\/uk\/%d0%bf%d1%80%d0%be-%d0%bd%d0%b0%d1%81\/\",\"name\":\"\u041f\u0440\u043e \u043d\u0430\u0441 | ROHS Administratie\",\"isPartOf\":{\"@id\":\"https:\/\/rohs-administratie.nl\/uk\/#website\"},\"datePublished\":\"2023-01-10T19:46:57+00:00\",\"dateModified\":\"2025-12-14T00:31:04+00:00\",\"breadcrumb\":{\"@id\":\"https:\/\/rohs-administratie.nl\/uk\/%d0%bf%d1%80%d0%be-%d0%bd%d0%b0%d1%81\/#breadcrumb\"},\"inLanguage\":\"uk\",\"potentialAction\":[{\"@type\":\"ReadAction\",\"target\":[\"https:\/\/rohs-administratie.nl\/uk\/%d0%bf%d1%80%d0%be-%d0%bd%d0%b0%d1%81\/\"]}]},{\"@type\":\"BreadcrumbList\",\"@id\":\"https:\/\/rohs-administratie.nl\/uk\/%d0%bf%d1%80%d0%be-%d0%bd%d0%b0%d1%81\/#breadcrumb\",\"itemListElement\":[{\"@type\":\"ListItem\",\"position\":1,\"name\":\"Home\",\"item\":\"https:\/\/rohs-administratie.nl\/uk\/\"},{\"@type\":\"ListItem\",\"position\":2,\"name\":\"\u041f\u0440\u043e \u043d\u0430\u0441\"}]},{\"@type\":\"WebSite\",\"@id\":\"https:\/\/rohs-administratie.nl\/uk\/#website\",\"url\":\"https:\/\/rohs-administratie.nl\/uk\/\",\"name\":\"ROHS Administratie\",\"description\":\"Profesjonalna ksi\u0119gowo\u015b\u0107 i doradztwo biznesowe w Holandii\",\"publisher\":{\"@id\":\"https:\/\/rohs-administratie.nl\/uk\/#organization\"},\"potentialAction\":[{\"@type\":\"SearchAction\",\"target\":{\"@type\":\"EntryPoint\",\"urlTemplate\":\"https:\/\/rohs-administratie.nl\/uk\/?s={search_term_string}\"},\"query-input\":\"required name=search_term_string\"}],\"inLanguage\":\"uk\"},{\"@type\":\"Organization\",\"@id\":\"https:\/\/rohs-administratie.nl\/uk\/#organization\",\"name\":\"PCS Diensten\",\"url\":\"https:\/\/rohs-administratie.nl\/uk\/\",\"logo\":{\"@type\":\"ImageObject\",\"inLanguage\":\"uk\",\"@id\":\"https:\/\/rohs-administratie.nl\/uk\/#\/schema\/logo\/image\/\",\"url\":\"https:\/\/rohs-administratie.nl\/wp-content\/uploads\/2021\/12\/rohs-logo-250x74-1.svg\",\"contentUrl\":\"https:\/\/rohs-administratie.nl\/wp-content\/uploads\/2021\/12\/rohs-logo-250x74-1.svg\",\"caption\":\"PCS Diensten\"},\"image\":{\"@id\":\"https:\/\/rohs-administratie.nl\/uk\/#\/schema\/logo\/image\/\"}}]}<\/script>\n<!-- \/ Yoast SEO plugin. -->","yoast_head_json":{"title":"\u041f\u0440\u043e \u043d\u0430\u0441 | ROHS Administratie","robots":{"index":"index","follow":"follow","max-snippet":"max-snippet:-1","max-image-preview":"max-image-preview:large","max-video-preview":"max-video-preview:-1"},"canonical":"https:\/\/rohs-administratie.nl\/uk\/%d0%bf%d1%80%d0%be-%d0%bd%d0%b0%d1%81\/","og_locale":"uk_UA","og_type":"article","og_title":"\u041f\u0440\u043e \u043d\u0430\u0441 | ROHS Administratie","og_description":"\u041f\u0440\u043e \u043d\u0430\u0441 \u0417\u0430\u0434\u0430\u0442\u0438 \u043f\u0438\u0442\u0430\u043d\u043d\u044f H\u0430\u0442\u0438\u0441\u043d\u0456\u0442\u044c \u0442\u0443\u0442 \u041f\u0440\u043e \u043d\u0430\u0441 Mariusz Rohs Marek Czerniak \u041c\u0438 \u0434\u043e\u043f\u043e\u043c\u0430\u0433\u0430\u0454\u043c\u043e \u0412\u0430\u043c \u0456 \u0412\u0430\u0448\u0456\u0439 \u043a\u043e\u043c\u043f\u0430\u043d\u0456\u0457 \u0434\u043e\u0441\u044f\u0433\u0442\u0438 \u0443\u0441\u043f\u0456\u0445\u0443 \u0417\u0432&#8217;\u044f\u0436\u0456\u0442\u044c\u0441\u044f \u0437 \u043d\u0430\u043c\u0438 &#8211; \u0434\u0430\u0432\u0430\u0439\u0442\u0435 \u0440\u0430\u0437\u043e\u043c &hellip; \u041f\u0440\u043e \u043d\u0430\u0441 Czytaj dalej \u00bb","og_url":"https:\/\/rohs-administratie.nl\/uk\/%d0%bf%d1%80%d0%be-%d0%bd%d0%b0%d1%81\/","og_site_name":"ROHS Administratie","article_modified_time":"2025-12-14T00:31:04+00:00","og_image":[{"url":"https:\/\/rohs-administratie.nl\/wp-content\/uploads\/2022\/03\/Mariusz-300x300.jpg"}],"twitter_card":"summary_large_image","schema":{"@context":"https:\/\/schema.org","@graph":[{"@type":"WebPage","@id":"https:\/\/rohs-administratie.nl\/uk\/%d0%bf%d1%80%d0%be-%d0%bd%d0%b0%d1%81\/","url":"https:\/\/rohs-administratie.nl\/uk\/%d0%bf%d1%80%d0%be-%d0%bd%d0%b0%d1%81\/","name":"\u041f\u0440\u043e \u043d\u0430\u0441 | ROHS Administratie","isPartOf":{"@id":"https:\/\/rohs-administratie.nl\/uk\/#website"},"datePublished":"2023-01-10T19:46:57+00:00","dateModified":"2025-12-14T00:31:04+00:00","breadcrumb":{"@id":"https:\/\/rohs-administratie.nl\/uk\/%d0%bf%d1%80%d0%be-%d0%bd%d0%b0%d1%81\/#breadcrumb"},"inLanguage":"uk","potentialAction":[{"@type":"ReadAction","target":["https:\/\/rohs-administratie.nl\/uk\/%d0%bf%d1%80%d0%be-%d0%bd%d0%b0%d1%81\/"]}]},{"@type":"BreadcrumbList","@id":"https:\/\/rohs-administratie.nl\/uk\/%d0%bf%d1%80%d0%be-%d0%bd%d0%b0%d1%81\/#breadcrumb","itemListElement":[{"@type":"ListItem","position":1,"name":"Home","item":"https:\/\/rohs-administratie.nl\/uk\/"},{"@type":"ListItem","position":2,"name":"\u041f\u0440\u043e \u043d\u0430\u0441"}]},{"@type":"WebSite","@id":"https:\/\/rohs-administratie.nl\/uk\/#website","url":"https:\/\/rohs-administratie.nl\/uk\/","name":"ROHS Administratie","description":"Profesjonalna ksi\u0119gowo\u015b\u0107 i doradztwo biznesowe w Holandii","publisher":{"@id":"https:\/\/rohs-administratie.nl\/uk\/#organization"},"potentialAction":[{"@type":"SearchAction","target":{"@type":"EntryPoint","urlTemplate":"https:\/\/rohs-administratie.nl\/uk\/?s={search_term_string}"},"query-input":"required name=search_term_string"}],"inLanguage":"uk"},{"@type":"Organization","@id":"https:\/\/rohs-administratie.nl\/uk\/#organization","name":"PCS Diensten","url":"https:\/\/rohs-administratie.nl\/uk\/","logo":{"@type":"ImageObject","inLanguage":"uk","@id":"https:\/\/rohs-administratie.nl\/uk\/#\/schema\/logo\/image\/","url":"https:\/\/rohs-administratie.nl\/wp-content\/uploads\/2021\/12\/rohs-logo-250x74-1.svg","contentUrl":"https:\/\/rohs-administratie.nl\/wp-content\/uploads\/2021\/12\/rohs-logo-250x74-1.svg","caption":"PCS Diensten"},"image":{"@id":"https:\/\/rohs-administratie.nl\/uk\/#\/schema\/logo\/image\/"}}]}},"_links":{"self":[{"href":"https:\/\/rohs-administratie.nl\/uk\/wp-json\/wp\/v2\/pages\/3962"}],"collection":[{"href":"https:\/\/rohs-administratie.nl\/uk\/wp-json\/wp\/v2\/pages"}],"about":[{"href":"https:\/\/rohs-administratie.nl\/uk\/wp-json\/wp\/v2\/types\/page"}],"author":[{"embeddable":true,"href":"https:\/\/rohs-administratie.nl\/uk\/wp-json\/wp\/v2\/users\/1"}],"replies":[{"embeddable":true,"href":"https:\/\/rohs-administratie.nl\/uk\/wp-json\/wp\/v2\/comments?post=3962"}],"version-history":[{"count":2,"href":"https:\/\/rohs-administratie.nl\/uk\/wp-json\/wp\/v2\/pages\/3962\/revisions"}],"predecessor-version":[{"id":4053,"href":"https:\/\/rohs-administratie.nl\/uk\/wp-json\/wp\/v2\/pages\/3962\/revisions\/4053"}],"wp:attachment":[{"href":"https:\/\/rohs-administratie.nl\/uk\/wp-json\/wp\/v2\/media?parent=3962"}],"curies":[{"name":"wp","href":"https:\/\/api.w.org\/{rel}","templated":true}]}}