{"id":4004,"date":"2023-03-19T11:46:33","date_gmt":"2023-03-19T10:46:33","guid":{"rendered":"https:\/\/rohs-administratie.nl\/%d0%bf%d0%be%d0%bb%d1%96%d1%82%d0%b8%d0%ba%d0%b0-%d0%ba%d0%be%d0%bd%d1%84%d1%96%d0%b4%d0%b5%d0%bd%d1%86%d1%96%d0%b9%d0%bd%d0%be%d1%81%d1%82%d1%96\/"},"modified":"2023-10-24T23:39:08","modified_gmt":"2023-10-24T21:39:08","slug":"%d0%bf%d0%be%d0%bb%d1%96%d1%82%d0%b8%d0%ba%d0%b0-%d0%ba%d0%be%d0%bd%d1%84%d1%96%d0%b4%d0%b5%d0%bd%d1%86%d1%96%d0%b9%d0%bd%d0%be%d1%81%d1%82%d1%96","status":"publish","type":"page","link":"https:\/\/rohs-administratie.nl\/uk\/%d0%bf%d0%be%d0%bb%d1%96%d1%82%d0%b8%d0%ba%d0%b0-%d0%ba%d0%be%d0%bd%d1%84%d1%96%d0%b4%d0%b5%d0%bd%d1%86%d1%96%d0%b9%d0%bd%d0%be%d1%81%d1%82%d1%96\/","title":{"rendered":"\u041f\u043e\u043b\u0456\u0442\u0438\u043a\u0430 \u043a\u043e\u043d\u0444\u0456\u0434\u0435\u043d\u0446\u0456\u0439\u043d\u043e\u0441\u0442\u0456"},"content":{"rendered":"","protected":false},"excerpt":{"rendered":"","protected":false},"author":1,"featured_media":0,"parent":0,"menu_order":0,"comment_status":"closed","ping_status":"closed","template":"","meta":{"site-sidebar-layout":"no-sidebar","site-content-layout":"page-builder","ast-site-content-layout":"","site-content-style":"default","site-sidebar-style":"default","ast-global-header-display":"","ast-banner-title-visibility":"","ast-main-header-display":"","ast-hfb-above-header-display":"","ast-hfb-below-header-display":"","ast-hfb-mobile-header-display":"","site-post-title":"disabled","ast-breadcrumbs-content":"","ast-featured-img":"disabled","footer-sml-layout":"","theme-transparent-header-meta":"default","adv-header-id-meta":"","stick-header-meta":"default","header-above-stick-meta":"","header-main-stick-meta":"","header-below-stick-meta":"","astra-migrate-meta-layouts":"","ast-page-background-enabled":"default","ast-page-background-meta":{"desktop":{"background-color":"","background-image":"","background-repeat":"repeat","background-position":"center center","background-size":"auto","background-attachment":"scroll","background-type":"","background-media":"","overlay-type":"","overlay-color":"","overlay-gradient":""},"tablet":{"background-color":"","background-image":"","background-repeat":"repeat","background-position":"center center","background-size":"auto","background-attachment":"scroll","background-type":"","background-media":"","overlay-type":"","overlay-color":"","overlay-gradient":""},"mobile":{"background-color":"","background-image":"","background-repeat":"repeat","background-position":"center center","background-size":"auto","background-attachment":"scroll","background-type":"","background-media":"","overlay-type":"","overlay-color":"","overlay-gradient":""}},"ast-content-background-meta":{"desktop":{"background-color":"var(--ast-global-color-5)","background-image":"","background-repeat":"repeat","background-position":"center center","background-size":"auto","background-attachment":"scroll","background-type":"","background-media":"","overlay-type":"","overlay-color":"","overlay-gradient":""},"tablet":{"background-color":"var(--ast-global-color-5)","background-image":"","background-repeat":"repeat","background-position":"center center","background-size":"auto","background-attachment":"scroll","background-type":"","background-media":"","overlay-type":"","overlay-color":"","overlay-gradient":""},"mobile":{"background-color":"var(--ast-global-color-5)","background-image":"","background-repeat":"repeat","background-position":"center center","background-size":"auto","background-attachment":"scroll","background-type":"","background-media":"","overlay-type":"","overlay-color":"","overlay-gradient":""}},"footnotes":""},"yoast_head":"<!-- This site is optimized with the Yoast SEO plugin v21.6 - https:\/\/yoast.com\/wordpress\/plugins\/seo\/ -->\n<title>\u041f\u043e\u043b\u0456\u0442\u0438\u043a\u0430 \u043a\u043e\u043d\u0444\u0456\u0434\u0435\u043d\u0446\u0456\u0439\u043d\u043e\u0441\u0442\u0456 | ROHS Administratie<\/title>\n<meta name=\"robots\" content=\"index, follow, max-snippet:-1, max-image-preview:large, max-video-preview:-1\" \/>\n<link rel=\"canonical\" href=\"https:\/\/rohs-administratie.nl\/uk\/%d0%bf%d0%be%d0%bb%d1%96%d1%82%d0%b8%d0%ba%d0%b0-%d0%ba%d0%be%d0%bd%d1%84%d1%96%d0%b4%d0%b5%d0%bd%d1%86%d1%96%d0%b9%d0%bd%d0%be%d1%81%d1%82%d1%96\/\" \/>\n<meta property=\"og:locale\" content=\"uk_UA\" \/>\n<meta property=\"og:type\" content=\"article\" \/>\n<meta property=\"og:title\" content=\"\u041f\u043e\u043b\u0456\u0442\u0438\u043a\u0430 \u043a\u043e\u043d\u0444\u0456\u0434\u0435\u043d\u0446\u0456\u0439\u043d\u043e\u0441\u0442\u0456 | ROHS Administratie\" \/>\n<meta property=\"og:url\" content=\"https:\/\/rohs-administratie.nl\/uk\/%d0%bf%d0%be%d0%bb%d1%96%d1%82%d0%b8%d0%ba%d0%b0-%d0%ba%d0%be%d0%bd%d1%84%d1%96%d0%b4%d0%b5%d0%bd%d1%86%d1%96%d0%b9%d0%bd%d0%be%d1%81%d1%82%d1%96\/\" \/>\n<meta property=\"og:site_name\" content=\"ROHS Administratie\" \/>\n<meta property=\"article:modified_time\" content=\"2023-10-24T21:39:08+00:00\" \/>\n<meta name=\"twitter:card\" content=\"summary_large_image\" \/>\n<script type=\"application\/ld+json\" class=\"yoast-schema-graph\">{\"@context\":\"https:\/\/schema.org\",\"@graph\":[{\"@type\":\"WebPage\",\"@id\":\"https:\/\/rohs-administratie.nl\/uk\/%d0%bf%d0%be%d0%bb%d1%96%d1%82%d0%b8%d0%ba%d0%b0-%d0%ba%d0%be%d0%bd%d1%84%d1%96%d0%b4%d0%b5%d0%bd%d1%86%d1%96%d0%b9%d0%bd%d0%be%d1%81%d1%82%d1%96\/\",\"url\":\"https:\/\/rohs-administratie.nl\/uk\/%d0%bf%d0%be%d0%bb%d1%96%d1%82%d0%b8%d0%ba%d0%b0-%d0%ba%d0%be%d0%bd%d1%84%d1%96%d0%b4%d0%b5%d0%bd%d1%86%d1%96%d0%b9%d0%bd%d0%be%d1%81%d1%82%d1%96\/\",\"name\":\"\u041f\u043e\u043b\u0456\u0442\u0438\u043a\u0430 \u043a\u043e\u043d\u0444\u0456\u0434\u0435\u043d\u0446\u0456\u0439\u043d\u043e\u0441\u0442\u0456 | ROHS Administratie\",\"isPartOf\":{\"@id\":\"https:\/\/rohs-administratie.nl\/uk\/#website\"},\"datePublished\":\"2023-03-19T10:46:33+00:00\",\"dateModified\":\"2023-10-24T21:39:08+00:00\",\"breadcrumb\":{\"@id\":\"https:\/\/rohs-administratie.nl\/uk\/%d0%bf%d0%be%d0%bb%d1%96%d1%82%d0%b8%d0%ba%d0%b0-%d0%ba%d0%be%d0%bd%d1%84%d1%96%d0%b4%d0%b5%d0%bd%d1%86%d1%96%d0%b9%d0%bd%d0%be%d1%81%d1%82%d1%96\/#breadcrumb\"},\"inLanguage\":\"uk\",\"potentialAction\":[{\"@type\":\"ReadAction\",\"target\":[\"https:\/\/rohs-administratie.nl\/uk\/%d0%bf%d0%be%d0%bb%d1%96%d1%82%d0%b8%d0%ba%d0%b0-%d0%ba%d0%be%d0%bd%d1%84%d1%96%d0%b4%d0%b5%d0%bd%d1%86%d1%96%d0%b9%d0%bd%d0%be%d1%81%d1%82%d1%96\/\"]}]},{\"@type\":\"BreadcrumbList\",\"@id\":\"https:\/\/rohs-administratie.nl\/uk\/%d0%bf%d0%be%d0%bb%d1%96%d1%82%d0%b8%d0%ba%d0%b0-%d0%ba%d0%be%d0%bd%d1%84%d1%96%d0%b4%d0%b5%d0%bd%d1%86%d1%96%d0%b9%d0%bd%d0%be%d1%81%d1%82%d1%96\/#breadcrumb\",\"itemListElement\":[{\"@type\":\"ListItem\",\"position\":1,\"name\":\"Home\",\"item\":\"https:\/\/rohs-administratie.nl\/uk\/\"},{\"@type\":\"ListItem\",\"position\":2,\"name\":\"\u041f\u043e\u043b\u0456\u0442\u0438\u043a\u0430 \u043a\u043e\u043d\u0444\u0456\u0434\u0435\u043d\u0446\u0456\u0439\u043d\u043e\u0441\u0442\u0456\"}]},{\"@type\":\"WebSite\",\"@id\":\"https:\/\/rohs-administratie.nl\/uk\/#website\",\"url\":\"https:\/\/rohs-administratie.nl\/uk\/\",\"name\":\"ROHS Administratie\",\"description\":\"Profesjonalna ksi\u0119gowo\u015b\u0107 i doradztwo biznesowe w Holandii\",\"publisher\":{\"@id\":\"https:\/\/rohs-administratie.nl\/uk\/#organization\"},\"potentialAction\":[{\"@type\":\"SearchAction\",\"target\":{\"@type\":\"EntryPoint\",\"urlTemplate\":\"https:\/\/rohs-administratie.nl\/uk\/?s={search_term_string}\"},\"query-input\":\"required name=search_term_string\"}],\"inLanguage\":\"uk\"},{\"@type\":\"Organization\",\"@id\":\"https:\/\/rohs-administratie.nl\/uk\/#organization\",\"name\":\"PCS Diensten\",\"url\":\"https:\/\/rohs-administratie.nl\/uk\/\",\"logo\":{\"@type\":\"ImageObject\",\"inLanguage\":\"uk\",\"@id\":\"https:\/\/rohs-administratie.nl\/uk\/#\/schema\/logo\/image\/\",\"url\":\"https:\/\/rohs-administratie.nl\/wp-content\/uploads\/2021\/12\/rohs-logo-250x74-1.svg\",\"contentUrl\":\"https:\/\/rohs-administratie.nl\/wp-content\/uploads\/2021\/12\/rohs-logo-250x74-1.svg\",\"caption\":\"PCS Diensten\"},\"image\":{\"@id\":\"https:\/\/rohs-administratie.nl\/uk\/#\/schema\/logo\/image\/\"}}]}<\/script>\n<!-- \/ Yoast SEO plugin. -->","yoast_head_json":{"title":"\u041f\u043e\u043b\u0456\u0442\u0438\u043a\u0430 \u043a\u043e\u043d\u0444\u0456\u0434\u0435\u043d\u0446\u0456\u0439\u043d\u043e\u0441\u0442\u0456 | ROHS Administratie","robots":{"index":"index","follow":"follow","max-snippet":"max-snippet:-1","max-image-preview":"max-image-preview:large","max-video-preview":"max-video-preview:-1"},"canonical":"https:\/\/rohs-administratie.nl\/uk\/%d0%bf%d0%be%d0%bb%d1%96%d1%82%d0%b8%d0%ba%d0%b0-%d0%ba%d0%be%d0%bd%d1%84%d1%96%d0%b4%d0%b5%d0%bd%d1%86%d1%96%d0%b9%d0%bd%d0%be%d1%81%d1%82%d1%96\/","og_locale":"uk_UA","og_type":"article","og_title":"\u041f\u043e\u043b\u0456\u0442\u0438\u043a\u0430 \u043a\u043e\u043d\u0444\u0456\u0434\u0435\u043d\u0446\u0456\u0439\u043d\u043e\u0441\u0442\u0456 | ROHS Administratie","og_url":"https:\/\/rohs-administratie.nl\/uk\/%d0%bf%d0%be%d0%bb%d1%96%d1%82%d0%b8%d0%ba%d0%b0-%d0%ba%d0%be%d0%bd%d1%84%d1%96%d0%b4%d0%b5%d0%bd%d1%86%d1%96%d0%b9%d0%bd%d0%be%d1%81%d1%82%d1%96\/","og_site_name":"ROHS Administratie","article_modified_time":"2023-10-24T21:39:08+00:00","twitter_card":"summary_large_image","schema":{"@context":"https:\/\/schema.org","@graph":[{"@type":"WebPage","@id":"https:\/\/rohs-administratie.nl\/uk\/%d0%bf%d0%be%d0%bb%d1%96%d1%82%d0%b8%d0%ba%d0%b0-%d0%ba%d0%be%d0%bd%d1%84%d1%96%d0%b4%d0%b5%d0%bd%d1%86%d1%96%d0%b9%d0%bd%d0%be%d1%81%d1%82%d1%96\/","url":"https:\/\/rohs-administratie.nl\/uk\/%d0%bf%d0%be%d0%bb%d1%96%d1%82%d0%b8%d0%ba%d0%b0-%d0%ba%d0%be%d0%bd%d1%84%d1%96%d0%b4%d0%b5%d0%bd%d1%86%d1%96%d0%b9%d0%bd%d0%be%d1%81%d1%82%d1%96\/","name":"\u041f\u043e\u043b\u0456\u0442\u0438\u043a\u0430 \u043a\u043e\u043d\u0444\u0456\u0434\u0435\u043d\u0446\u0456\u0439\u043d\u043e\u0441\u0442\u0456 | ROHS Administratie","isPartOf":{"@id":"https:\/\/rohs-administratie.nl\/uk\/#website"},"datePublished":"2023-03-19T10:46:33+00:00","dateModified":"2023-10-24T21:39:08+00:00","breadcrumb":{"@id":"https:\/\/rohs-administratie.nl\/uk\/%d0%bf%d0%be%d0%bb%d1%96%d1%82%d0%b8%d0%ba%d0%b0-%d0%ba%d0%be%d0%bd%d1%84%d1%96%d0%b4%d0%b5%d0%bd%d1%86%d1%96%d0%b9%d0%bd%d0%be%d1%81%d1%82%d1%96\/#breadcrumb"},"inLanguage":"uk","potentialAction":[{"@type":"ReadAction","target":["https:\/\/rohs-administratie.nl\/uk\/%d0%bf%d0%be%d0%bb%d1%96%d1%82%d0%b8%d0%ba%d0%b0-%d0%ba%d0%be%d0%bd%d1%84%d1%96%d0%b4%d0%b5%d0%bd%d1%86%d1%96%d0%b9%d0%bd%d0%be%d1%81%d1%82%d1%96\/"]}]},{"@type":"BreadcrumbList","@id":"https:\/\/rohs-administratie.nl\/uk\/%d0%bf%d0%be%d0%bb%d1%96%d1%82%d0%b8%d0%ba%d0%b0-%d0%ba%d0%be%d0%bd%d1%84%d1%96%d0%b4%d0%b5%d0%bd%d1%86%d1%96%d0%b9%d0%bd%d0%be%d1%81%d1%82%d1%96\/#breadcrumb","itemListElement":[{"@type":"ListItem","position":1,"name":"Home","item":"https:\/\/rohs-administratie.nl\/uk\/"},{"@type":"ListItem","position":2,"name":"\u041f\u043e\u043b\u0456\u0442\u0438\u043a\u0430 \u043a\u043e\u043d\u0444\u0456\u0434\u0435\u043d\u0446\u0456\u0439\u043d\u043e\u0441\u0442\u0456"}]},{"@type":"WebSite","@id":"https:\/\/rohs-administratie.nl\/uk\/#website","url":"https:\/\/rohs-administratie.nl\/uk\/","name":"ROHS Administratie","description":"Profesjonalna ksi\u0119gowo\u015b\u0107 i doradztwo biznesowe w Holandii","publisher":{"@id":"https:\/\/rohs-administratie.nl\/uk\/#organization"},"potentialAction":[{"@type":"SearchAction","target":{"@type":"EntryPoint","urlTemplate":"https:\/\/rohs-administratie.nl\/uk\/?s={search_term_string}"},"query-input":"required name=search_term_string"}],"inLanguage":"uk"},{"@type":"Organization","@id":"https:\/\/rohs-administratie.nl\/uk\/#organization","name":"PCS Diensten","url":"https:\/\/rohs-administratie.nl\/uk\/","logo":{"@type":"ImageObject","inLanguage":"uk","@id":"https:\/\/rohs-administratie.nl\/uk\/#\/schema\/logo\/image\/","url":"https:\/\/rohs-administratie.nl\/wp-content\/uploads\/2021\/12\/rohs-logo-250x74-1.svg","contentUrl":"https:\/\/rohs-administratie.nl\/wp-content\/uploads\/2021\/12\/rohs-logo-250x74-1.svg","caption":"PCS Diensten"},"image":{"@id":"https:\/\/rohs-administratie.nl\/uk\/#\/schema\/logo\/image\/"}}]}},"_links":{"self":[{"href":"https:\/\/rohs-administratie.nl\/uk\/wp-json\/wp\/v2\/pages\/4004"}],"collection":[{"href":"https:\/\/rohs-administratie.nl\/uk\/wp-json\/wp\/v2\/pages"}],"about":[{"href":"https:\/\/rohs-administratie.nl\/uk\/wp-json\/wp\/v2\/types\/page"}],"author":[{"embeddable":true,"href":"https:\/\/rohs-administratie.nl\/uk\/wp-json\/wp\/v2\/users\/1"}],"replies":[{"embeddable":true,"href":"https:\/\/rohs-administratie.nl\/uk\/wp-json\/wp\/v2\/comments?post=4004"}],"version-history":[{"count":1,"href":"https:\/\/rohs-administratie.nl\/uk\/wp-json\/wp\/v2\/pages\/4004\/revisions"}],"predecessor-version":[{"id":4008,"href":"https:\/\/rohs-administratie.nl\/uk\/wp-json\/wp\/v2\/pages\/4004\/revisions\/4008"}],"wp:attachment":[{"href":"https:\/\/rohs-administratie.nl\/uk\/wp-json\/wp\/v2\/media?parent=4004"}],"curies":[{"name":"wp","href":"https:\/\/api.w.org\/{rel}","templated":true}]}}